{"id":5022,"date":"2025-07-31T11:19:43","date_gmt":"2025-07-31T11:19:43","guid":{"rendered":"https:\/\/www.dekaaskoning.nl\/verkaufsstellen\/datenschutzerklaerung\/"},"modified":"2025-07-31T11:52:23","modified_gmt":"2025-07-31T11:52:23","slug":"datenschutzerklaerung","status":"publish","type":"page","link":"https:\/\/www.dekaaskoning.nl\/de\/datenschutzerklaerung\/","title":{"rendered":"Datenschutzerkl\u00e4rung"},"content":{"rendered":"<!-- locatie widget -->\n<!-- locatie widget -->\n\n<!-- deze is vervangen voor balk-->\n\n<div class=\"headerimgbalk\"> \n<img decoding=\"async\" class=\"imgheader\" src=\"https:\/\/www.dekaaskoning.nl\/wp-content\/themes\/KaasKoning\/template-parts\/00-header-block\/header-image-wave.svg\"> \n\n<\/div>\n\n\n<!-- recepten zoekveld widget -->\n<!-- recepten zoekveld widget -->\n<!-- recepten overview zoekveld-->\n<!-- recepten overview zoekveld -->\n\n<!-- faq zoekveld -->\n<!-- faq zoekveld -->\n\n<div class=\"filler-header\"> <\/div>\n\n<style>\n::placeholder {\n  color: red;\n  opacity: 1; \/* Firefox *\/\n}\n\n::-ms-input-placeholder { \/* Edge 12-18 *\/\n  color: red;\n}\n<\/style>\n<h2 class=\"wp-block-heading has-text-align-center has-text-color\" style=\"color:#bd2322;font-size:55px\">Datenschutzerkl\u00e4rung <\/h2>\n\n<div class=\"wp-block-uagb-container uagb-block-34081c83 alignfull uagb-is-root-container\"><div class=\"uagb-container-inner-blocks-wrap\">\n<p>F\u00fcr De Kaaskoning ist der sorgf\u00e4ltige Umgang mit Kundendaten von gro\u00dfer Bedeutung. De Kaaskoning respektiert Ihre Privatsph\u00e4re und stellt sicher, dass alle Ihre personenbezogenen Daten vertraulich behandelt werden.<\/p>\n\n\n\n<h2 class=\"wp-block-heading\"><strong>Personenbezogene Daten<\/strong><\/h2>\n\n\n\n<p>Um einen guten und pers\u00f6nlichen Service bieten zu k\u00f6nnen, verwenden wir einige personenbezogene Daten. Wenn Sie das Kontaktformular ausf\u00fcllen, werden Ihr Name, Ihre E-Mail-Adresse und Ihre Telefonnummer gespeichert. De Kaaskoning gebruikt deze gegevens uitsluitend voor het beantwoorden van uw vraag en het u evt. in contact brengen met \u00e9\u00e9n van onze ondernemers.<\/p>\n\n\n\n<h2 class=\"wp-block-heading\"><strong>Fragen<\/strong><\/h2>\n\n\n\n<p>Wenn Sie Fragen oder Anmerkungen zu unserer Datenschutzrichtlinie haben, k\u00f6nnen Sie sich gerne schriftlich, telefonisch oder per E-Mail an uns <a href=\"https:\/\/www.dekaaskoning.nl\/de\/kontakt\/\">wenden<\/a> De Kaaskoning beh\u00e4lt sich das Recht vor, diese Datenschutzerkl\u00e4rung zwischenzeitlich anzupassen. \u00c4nderungen werden auf dieser Seite bekannt gegeben.<\/p>\n<\/div><\/div>\n\n<div style=\"height:74px\" aria-hidden=\"true\" class=\"wp-block-spacer\"><\/div>\n\n<p><\/p>\n","protected":false},"excerpt":{"rendered":"<p>Datenschutzerkl\u00e4rung F\u00fcr De Kaaskoning ist der sorgf\u00e4ltige Umgang mit Kundendaten von gro\u00dfer Bedeutung. De Kaaskoning respektiert Ihre Privatsph\u00e4re und stellt sicher, dass alle Ihre personenbezogenen Daten vertraulich behandelt werden. Personenbezogene Daten Um einen guten und pers\u00f6nlichen Service bieten zu k\u00f6nnen, verwenden wir einige personenbezogene Daten. Wenn Sie das Kontaktformular ausf\u00fcllen, werden Ihr Name, Ihre E-Mail-Adresse [&hellip;]<\/p>\n","protected":false},"author":1,"featured_media":1933,"parent":0,"menu_order":0,"comment_status":"closed","ping_status":"open","template":"","meta":{"_acf_changed":false,"_uag_custom_page_level_css":"","footnotes":""},"class_list":["post-5022","page","type-page","status-publish","has-post-thumbnail","hentry"],"acf":[],"uagb_featured_image_src":{"full":["https:\/\/www.dekaaskoning.nl\/wp-content\/uploads\/2023\/10\/ad-header2.jpg",2000,680,false],"thumbnail":["https:\/\/www.dekaaskoning.nl\/wp-content\/uploads\/2023\/10\/ad-header2-150x150.jpg",150,150,true],"medium":["https:\/\/www.dekaaskoning.nl\/wp-content\/uploads\/2023\/10\/ad-header2-300x102.jpg",300,102,true],"medium_large":["https:\/\/www.dekaaskoning.nl\/wp-content\/uploads\/2023\/10\/ad-header2-768x261.jpg",768,261,true],"large":["https:\/\/www.dekaaskoning.nl\/wp-content\/uploads\/2023\/10\/ad-header2-1024x348.jpg",1024,348,true],"1536x1536":["https:\/\/www.dekaaskoning.nl\/wp-content\/uploads\/2023\/10\/ad-header2-1536x522.jpg",1536,522,true],"2048x2048":["https:\/\/www.dekaaskoning.nl\/wp-content\/uploads\/2023\/10\/ad-header2.jpg",2000,680,false],"smallvdsh":["https:\/\/www.dekaaskoning.nl\/wp-content\/uploads\/2023\/10\/ad-header2-500x400.jpg",500,400,true],"smallxvdsh":["https:\/\/www.dekaaskoning.nl\/wp-content\/uploads\/2023\/10\/ad-header2-250x85.jpg",250,85,true],"mediumvdsh":["https:\/\/www.dekaaskoning.nl\/wp-content\/uploads\/2023\/10\/ad-header2-1100x400.jpg",1100,400,true],"bigvdsh":["https:\/\/www.dekaaskoning.nl\/wp-content\/uploads\/2023\/10\/ad-header2-2000x400.jpg",2000,400,true],"contentlarge":["https:\/\/www.dekaaskoning.nl\/wp-content\/uploads\/2023\/10\/ad-header2-900x306.jpg",900,306,true]},"uagb_author_info":{"display_name":"admin","author_link":"https:\/\/www.dekaaskoning.nl\/de\/author\/admin\/"},"uagb_comment_info":0,"uagb_excerpt":"Datenschutzerkl\u00e4rung F\u00fcr De Kaaskoning ist der sorgf\u00e4ltige Umgang mit Kundendaten von gro\u00dfer Bedeutung. De Kaaskoning respektiert Ihre Privatsph\u00e4re und stellt sicher, dass alle Ihre personenbezogenen Daten vertraulich behandelt werden. Personenbezogene Daten Um einen guten und pers\u00f6nlichen Service bieten zu k\u00f6nnen, verwenden wir einige personenbezogene Daten. Wenn Sie das Kontaktformular ausf\u00fcllen, werden Ihr Name, Ihre E-Mail-Adresse&hellip;","_links":{"self":[{"href":"https:\/\/www.dekaaskoning.nl\/de\/wp-json\/wp\/v2\/pages\/5022","targetHints":{"allow":["GET"]}}],"collection":[{"href":"https:\/\/www.dekaaskoning.nl\/de\/wp-json\/wp\/v2\/pages"}],"about":[{"href":"https:\/\/www.dekaaskoning.nl\/de\/wp-json\/wp\/v2\/types\/page"}],"author":[{"embeddable":true,"href":"https:\/\/www.dekaaskoning.nl\/de\/wp-json\/wp\/v2\/users\/1"}],"replies":[{"embeddable":true,"href":"https:\/\/www.dekaaskoning.nl\/de\/wp-json\/wp\/v2\/comments?post=5022"}],"version-history":[{"count":1,"href":"https:\/\/www.dekaaskoning.nl\/de\/wp-json\/wp\/v2\/pages\/5022\/revisions"}],"predecessor-version":[{"id":5023,"href":"https:\/\/www.dekaaskoning.nl\/de\/wp-json\/wp\/v2\/pages\/5022\/revisions\/5023"}],"wp:featuredmedia":[{"embeddable":true,"href":"https:\/\/www.dekaaskoning.nl\/de\/wp-json\/wp\/v2\/media\/1933"}],"wp:attachment":[{"href":"https:\/\/www.dekaaskoning.nl\/de\/wp-json\/wp\/v2\/media?parent=5022"}],"curies":[{"name":"wp","href":"https:\/\/api.w.org\/{rel}","templated":true}]}}