{"id":3449,"date":"2023-10-22T18:12:01","date_gmt":"2023-10-22T18:12:01","guid":{"rendered":"https:\/\/www.dekaaskoning.nl\/rezepte\/bauernbroetchen-mit-bockshornkleekaese\/"},"modified":"2023-12-05T09:56:35","modified_gmt":"2023-12-05T09:56:35","slug":"bauernbroetchen-mit-bockshornkleekaese","status":"publish","type":"page","link":"https:\/\/www.dekaaskoning.nl\/de\/rezepte\/bauernbroetchen-mit-bockshornkleekaese\/","title":{"rendered":"Bauernbr\u00f6tchen mit Bockshornkleek\u00e4se"},"content":{"rendered":"<!-- locatie widget -->\n<!-- locatie widget -->\n\n<!-- deze is vervangen voor balk-->\n\n<div class=\"headerimgbalk\"> \n<img decoding=\"async\" class=\"imgheader\" src=\"https:\/\/www.dekaaskoning.nl\/wp-content\/themes\/KaasKoning\/template-parts\/00-header-block\/header-image-wave.svg\"> \n\n<\/div>\n\n\n<!-- recepten zoekveld widget -->\n<!-- recepten zoekveld widget -->\n<!-- recepten overview zoekveld-->\n<!-- recepten overview zoekveld -->\n\n<!-- faq zoekveld -->\n<!-- faq zoekveld -->\n\n<div class=\"filler-header\"> <\/div>\n\n<style>\n::placeholder {\n  color: red;\n  opacity: 1; \/* Firefox *\/\n}\n\n::-ms-input-placeholder { \/* Edge 12-18 *\/\n  color: red;\n}\n<\/style>\n\n\n<div style=\"height:40px\" aria-hidden=\"true\" class=\"wp-block-spacer\"><\/div>\n\n\n\n<div class=\"wp-block-uagb-container uagb-block-a3128225 alignfull uagb-is-root-container\"><div class=\"uagb-container-inner-blocks-wrap\">\n<div class=\"wp-block-uagb-buttons uagb-buttons__outer-wrap uagb-btn__default-btn uagb-btn-tablet__default-btn uagb-btn-mobile__default-btn uagb-block-da1b4c00\"><div class=\"uagb-buttons__wrap uagb-buttons-layout-wrap\">\n<div class=\"wp-block-uagb-buttons-child uagb-buttons__outer-wrap uagb-block-259cd6ca wp-block-button\"><div class=\"uagb-button__wrapper\"><a class=\"uagb-buttons-repeater wp-block-button__link\" href=\"https:\/\/www.dekaaskoning.nl\/de\/rezepte\/\" onclick=\"return true;\" rel=\"follow noopener\" target=\"_self\"><div class=\"uagb-button__link\">Zur\u00fcck zu allen Rezepten<\/div><\/a><\/div><\/div>\n<\/div><\/div>\n<\/div><\/div>\n\n\n\n<h1 class=\"wp-block-heading has-text-align-center has-text-color\" style=\"color:#bd2322;font-size:55px\">Bauernbr\u00f6tchen mit Bockshornkleek\u00e4se<\/h1>\n\n\n\n<div class=\"wp-block-uagb-container uagb-block-39c613f5 alignfull uagb-is-root-container\"><div class=\"uagb-container-inner-blocks-wrap\">\n<div class=\"wp-block-uagb-container uagb-block-6d9ca190\">\n<h2 class=\"wp-block-heading has-text-align-center\">Zubereitung<\/h2>\n\n\n\n<p>Gro\u00dfz\u00fcgig Scheiben vom Bauernk\u00e4se abschneiden. Die Tomaten in Scheiben schneiden. Die Dreiecksbr\u00f6tchen halbieren und die unteren H\u00e4lften mit Gurkensalat bestreichen. Die Br\u00f6tchen mit Katenspeck und K\u00e4sescheiben belegen. Mit Tomatenscheiben und Rucola garnieren. Mit den oberen Br\u00f6tchenh\u00e4lften bedecken.<\/p>\n<\/div>\n\n\n\n<div class=\"wp-block-uagb-container uagb-block-93153664\">\n<div class=\"wp-block-uagb-container uagb-block-f7f734dd alignfull uagb-is-root-container\"><div class=\"uagb-container-inner-blocks-wrap\">\n<h2 class=\"wp-block-heading\">Zutaten F\u00fcr 6 Personen:<\/h2>\n\n\n\n<ul class=\"wp-block-list\">\n<li>6 Dreiecksbr\u00f6tchen (Mehrkorn)<\/li>\n\n\n\n<li>150 g Bauernk\u00e4se mit Bockshornklee<\/li>\n\n\n\n<li>150 g Gurkensalat<\/li>\n\n\n\n<li>100 g Katenspeck, in Scheiben<\/li>\n\n\n\n<li>100 g Rucola<\/li>\n\n\n\n<li>3 Tomaten<\/li>\n<\/ul>\n<\/div><\/div>\n<\/div>\n<\/div><\/div>\n\n\n\n<div style=\"height:64px\" aria-hidden=\"true\" class=\"wp-block-spacer\"><\/div>\n","protected":false},"excerpt":{"rendered":"<p>Bauernbr\u00f6tchen mit Bockshornkleek\u00e4se Zubereitung Gro\u00dfz\u00fcgig Scheiben vom Bauernk\u00e4se abschneiden. Die Tomaten in Scheiben schneiden. Die Dreiecksbr\u00f6tchen halbieren und die unteren H\u00e4lften mit Gurkensalat bestreichen. Die Br\u00f6tchen mit Katenspeck und K\u00e4sescheiben belegen. Mit Tomatenscheiben und Rucola garnieren. Mit den oberen Br\u00f6tchenh\u00e4lften bedecken. Zutaten F\u00fcr 6 Personen:<\/p>\n","protected":false},"author":1,"featured_media":1625,"parent":3115,"menu_order":0,"comment_status":"closed","ping_status":"closed","template":"","meta":{"_uag_custom_page_level_css":"","footnotes":""},"class_list":["post-3449","page","type-page","status-publish","has-post-thumbnail","hentry"],"acf":[],"uagb_featured_image_src":{"full":["https:\/\/www.dekaaskoning.nl\/wp-content\/uploads\/2023\/10\/Kaas-koning-paasbrunch1-boerenbrood.jpg",2000,680,false],"thumbnail":["https:\/\/www.dekaaskoning.nl\/wp-content\/uploads\/2023\/10\/Kaas-koning-paasbrunch1-boerenbrood-150x150.jpg",150,150,true],"medium":["https:\/\/www.dekaaskoning.nl\/wp-content\/uploads\/2023\/10\/Kaas-koning-paasbrunch1-boerenbrood-300x102.jpg",300,102,true],"medium_large":["https:\/\/www.dekaaskoning.nl\/wp-content\/uploads\/2023\/10\/Kaas-koning-paasbrunch1-boerenbrood-768x261.jpg",768,261,true],"large":["https:\/\/www.dekaaskoning.nl\/wp-content\/uploads\/2023\/10\/Kaas-koning-paasbrunch1-boerenbrood-1024x348.jpg",1024,348,true],"1536x1536":["https:\/\/www.dekaaskoning.nl\/wp-content\/uploads\/2023\/10\/Kaas-koning-paasbrunch1-boerenbrood-1536x522.jpg",1536,522,true],"2048x2048":["https:\/\/www.dekaaskoning.nl\/wp-content\/uploads\/2023\/10\/Kaas-koning-paasbrunch1-boerenbrood.jpg",2000,680,false],"smallvdsh":["https:\/\/www.dekaaskoning.nl\/wp-content\/uploads\/2023\/10\/Kaas-koning-paasbrunch1-boerenbrood-500x400.jpg",500,400,true],"smallxvdsh":["https:\/\/www.dekaaskoning.nl\/wp-content\/uploads\/2023\/10\/Kaas-koning-paasbrunch1-boerenbrood-250x85.jpg",250,85,true],"mediumvdsh":["https:\/\/www.dekaaskoning.nl\/wp-content\/uploads\/2023\/10\/Kaas-koning-paasbrunch1-boerenbrood-1100x400.jpg",1100,400,true],"bigvdsh":["https:\/\/www.dekaaskoning.nl\/wp-content\/uploads\/2023\/10\/Kaas-koning-paasbrunch1-boerenbrood-2000x400.jpg",2000,400,true],"contentlarge":["https:\/\/www.dekaaskoning.nl\/wp-content\/uploads\/2023\/10\/Kaas-koning-paasbrunch1-boerenbrood-900x306.jpg",900,306,true]},"uagb_author_info":{"display_name":"admin","author_link":"https:\/\/www.dekaaskoning.nl\/de\/author\/admin\/"},"uagb_comment_info":0,"uagb_excerpt":"Bauernbr\u00f6tchen mit Bockshornkleek\u00e4se Zubereitung Gro\u00dfz\u00fcgig Scheiben vom Bauernk\u00e4se abschneiden. Die Tomaten in Scheiben schneiden. Die Dreiecksbr\u00f6tchen halbieren und die unteren H\u00e4lften mit Gurkensalat bestreichen. Die Br\u00f6tchen mit Katenspeck und K\u00e4sescheiben belegen. Mit Tomatenscheiben und Rucola garnieren. Mit den oberen Br\u00f6tchenh\u00e4lften bedecken. Zutaten F\u00fcr 6 Personen:","_links":{"self":[{"href":"https:\/\/www.dekaaskoning.nl\/de\/wp-json\/wp\/v2\/pages\/3449","targetHints":{"allow":["GET"]}}],"collection":[{"href":"https:\/\/www.dekaaskoning.nl\/de\/wp-json\/wp\/v2\/pages"}],"about":[{"href":"https:\/\/www.dekaaskoning.nl\/de\/wp-json\/wp\/v2\/types\/page"}],"author":[{"embeddable":true,"href":"https:\/\/www.dekaaskoning.nl\/de\/wp-json\/wp\/v2\/users\/1"}],"replies":[{"embeddable":true,"href":"https:\/\/www.dekaaskoning.nl\/de\/wp-json\/wp\/v2\/comments?post=3449"}],"version-history":[{"count":4,"href":"https:\/\/www.dekaaskoning.nl\/de\/wp-json\/wp\/v2\/pages\/3449\/revisions"}],"predecessor-version":[{"id":3453,"href":"https:\/\/www.dekaaskoning.nl\/de\/wp-json\/wp\/v2\/pages\/3449\/revisions\/3453"}],"up":[{"embeddable":true,"href":"https:\/\/www.dekaaskoning.nl\/de\/wp-json\/wp\/v2\/pages\/3115"}],"wp:featuredmedia":[{"embeddable":true,"href":"https:\/\/www.dekaaskoning.nl\/de\/wp-json\/wp\/v2\/media\/1625"}],"wp:attachment":[{"href":"https:\/\/www.dekaaskoning.nl\/de\/wp-json\/wp\/v2\/media?parent=3449"}],"curies":[{"name":"wp","href":"https:\/\/api.w.org\/{rel}","templated":true}]}}