{"id":3357,"date":"2023-10-22T09:45:01","date_gmt":"2023-10-22T09:45:01","guid":{"rendered":"https:\/\/www.dekaaskoning.nl\/kaese\/ein-jahr-alter-gouda\/"},"modified":"2023-12-04T11:23:06","modified_gmt":"2023-12-04T11:23:06","slug":"ein-jahr-alter-gouda","status":"publish","type":"page","link":"https:\/\/www.dekaaskoning.nl\/de\/kasesortiment\/ein-jahr-alter-gouda\/","title":{"rendered":"Ein Jahr Alter Gouda"},"content":{"rendered":"\n<div class=\"wp-block-group\"><div class=\"wp-block-group__inner-container is-layout-constrained wp-block-group-is-layout-constrained\"><!-- locatie widget -->\n<!-- locatie widget -->\n\n<!-- deze is vervangen voor balk-->\n\n<div class=\"headerimgbalk\"> \n<img decoding=\"async\" class=\"imgheader\" src=\"https:\/\/www.dekaaskoning.nl\/wp-content\/themes\/KaasKoning\/template-parts\/00-header-block\/header-image-wave.svg\"> \n\n<\/div>\n\n\n<!-- recepten zoekveld widget -->\n<!-- recepten zoekveld widget -->\n<!-- recepten overview zoekveld-->\n<!-- recepten overview zoekveld -->\n\n<!-- faq zoekveld -->\n<!-- faq zoekveld -->\n\n<div class=\"filler-header\"> <\/div>\n\n<style>\n::placeholder {\n  color: red;\n  opacity: 1; \/* Firefox *\/\n}\n\n::-ms-input-placeholder { \/* Edge 12-18 *\/\n  color: red;\n}\n<\/style>\n\n\n<div style=\"height:25px\" aria-hidden=\"true\" class=\"wp-block-spacer\"><\/div>\n<\/div><\/div>\n\n\n\n<div class=\"wp-block-uagb-container font-style uagb-block-a3128225 alignfull uagb-is-root-container\"><div class=\"uagb-container-inner-blocks-wrap\">\n<div class=\"wp-block-uagb-buttons uagb-buttons__outer-wrap uagb-btn__default-btn uagb-btn-tablet__default-btn uagb-btn-mobile__default-btn uagb-block-da1b4c00\"><div class=\"uagb-buttons__wrap uagb-buttons-layout-wrap \">\n<div class=\"wp-block-uagb-buttons-child uagb-buttons__outer-wrap uagb-block-259cd6ca wp-block-button font-style\"><div class=\"uagb-button__wrapper\"><a class=\"uagb-buttons-repeater wp-block-button__link\" aria-label=\"\" href=\"\/de\/kasesortiment\" rel=\"follow noopener\" target=\"_self\" role=\"button\"><div class=\"uagb-button__link\">Zur\u00fcck zu allen K\u00e4sesorten<\/div><\/a><\/div><\/div>\n<\/div><\/div>\n<\/div><\/div>\n\n\n\n<div style=\"height:25px\" aria-hidden=\"true\" class=\"wp-block-spacer\"><\/div>\n\n\n\n<h1 class=\"wp-block-heading has-text-align-center has-text-color\" style=\"color:#bd2322;font-size:55px\">Ein Jahr Alter Gouda<\/h1>\n\n\n\n<div class=\"wp-block-uagb-container uagb-block-39c613f5 alignfull uagb-is-root-container\"><div class=\"uagb-container-inner-blocks-wrap\">\n<div class=\"wp-block-uagb-container uagb-block-6d9ca190\">\n<div class=\"wp-block-group\"><div class=\"wp-block-group__inner-container is-layout-constrained wp-block-group-is-layout-constrained\">\n<div class=\"wp-block-getwid-image-box has-text-center has-mobile-layout-default has-mobile-alignment-default\"><div class=\"wp-block-getwid-image-box__image-container is-position-top\"><div class=\"wp-block-getwid-image-box__image-wrapper\"><img loading=\"lazy\" decoding=\"async\" width=\"504\" height=\"294\" src=\"https:\/\/www.dekaaskoning.nl\/wp-content\/uploads\/2023\/10\/KK-No.-6-1.webp\" alt=\"\" class=\"wp-block-getwid-image-box__image wp-image-1405\" srcset=\"https:\/\/www.dekaaskoning.nl\/wp-content\/uploads\/2023\/10\/KK-No.-6-1.webp 504w, https:\/\/www.dekaaskoning.nl\/wp-content\/uploads\/2023\/10\/KK-No.-6-1-300x175.webp 300w, https:\/\/www.dekaaskoning.nl\/wp-content\/uploads\/2023\/10\/KK-No.-6-1-250x146.webp 250w\" sizes=\"auto, (max-width: 504px) 100vw, 504px\" \/><\/div><\/div><div class=\"wp-block-getwid-image-box__content\">\n<h3 class=\"wp-block-heading\"><\/h3>\n\n\n\n<p><\/p>\n<\/div><\/div>\n\n\n\n<div class=\"wp-block-uagb-container uagb-block-26a7d50a alignfull uagb-is-root-container\"><div class=\"uagb-container-inner-blocks-wrap\">\n<p class=\"has-text-align-center\">Unser Warenpr\u00fcfer achtet darauf, dass alle K\u00e4se in aller Ruhe reifen k\u00f6nnen, bis sie perfekt im Geschmack sind. So dass der K\u00e4se einen w\u00fcrzigen, sehr reichen Geschmack hat. <\/p>\n<\/div><\/div>\n<\/div><\/div>\n\n\n\n<p><\/p>\n<\/div>\n\n\n\n<div class=\"wp-block-uagb-container uagb-block-93153664\">\n<div class=\"wp-block-group\"><div class=\"wp-block-group__inner-container is-layout-constrained wp-block-group-is-layout-constrained\">\n<div class=\"wp-block-uagb-container uagb-block-d23fc58b alignfull uagb-is-root-container\"><div class=\"uagb-container-inner-blocks-wrap\">\n<h3 class=\"wp-block-heading has-text-align-center\">Wichtig zu wissen<\/h3>\n\n\n\n<div class=\"wp-block-getwid-accordion has-icon-left\" data-active-element=\"none\">\n<div class=\"wp-block-getwid-accordion__header-wrapper\"><span class=\"wp-block-getwid-accordion__header\"><a href=\"#\"><span class=\"wp-block-getwid-accordion__header-title\"><strong>Zutaten<\/strong><\/span><span class=\"wp-block-getwid-accordion__icon is-active\"><i class=\"fas fa-plus\"><\/i><\/span><span class=\"wp-block-getwid-accordion__icon is-passive\"><i class=\"fas fa-minus\"><\/i><\/span><\/a><\/span><\/div><div class=\"wp-block-getwid-accordion__content-wrapper\"><div class=\"wp-block-getwid-accordion__content\">\n<p>pasteurisierte KUHMILCH, Salz, milchs\u00e4urebakterien, tierisch Lab, Konservierungsstoff: Natriumnitrat (E251), Natamycin (zur Oberfl\u00e4chenbehandlung) (E235), Farbstoff: Annatto (E160b).<\/p>\n<\/div><\/div>\n\n\n\n<div class=\"wp-block-getwid-accordion__header-wrapper\"><span class=\"wp-block-getwid-accordion__header\"><a href=\"#\"><span class=\"wp-block-getwid-accordion__header-title\"><strong>Fettanteil<\/strong><\/span><span class=\"wp-block-getwid-accordion__icon is-active\"><i class=\"fas fa-plus\"><\/i><\/span><span class=\"wp-block-getwid-accordion__icon is-passive\"><i class=\"fas fa-minus\"><\/i><\/span><\/a><\/span><\/div><div class=\"wp-block-getwid-accordion__content-wrapper\"><div class=\"wp-block-getwid-accordion__content\">\n<p>48% Fett i. Tr.<\/p>\n<\/div><\/div>\n\n\n\n<div class=\"wp-block-getwid-accordion__header-wrapper\"><span class=\"wp-block-getwid-accordion__header\"><a href=\"#\"><span class=\"wp-block-getwid-accordion__header-title\"><strong>Allergener Substanzen<\/strong><\/span><span class=\"wp-block-getwid-accordion__icon is-active\"><i class=\"fas fa-plus\"><\/i><\/span><span class=\"wp-block-getwid-accordion__icon is-passive\"><i class=\"fas fa-minus\"><\/i><\/span><\/a><\/span><\/div><div class=\"wp-block-getwid-accordion__content-wrapper\"><div class=\"wp-block-getwid-accordion__content\">\n<p>Milch und Milcherzeugnisse<\/p>\n<\/div><\/div>\n\n\n\n<div class=\"wp-block-getwid-accordion__header-wrapper\"><span class=\"wp-block-getwid-accordion__header\"><a href=\"#\"><span class=\"wp-block-getwid-accordion__header-title\"><strong>Aufbewahren<\/strong><\/span><span class=\"wp-block-getwid-accordion__icon is-active\"><i class=\"fas fa-plus\"><\/i><\/span><span class=\"wp-block-getwid-accordion__icon is-passive\"><i class=\"fas fa-minus\"><\/i><\/span><\/a><\/span><\/div><div class=\"wp-block-getwid-accordion__content-wrapper\"><div class=\"wp-block-getwid-accordion__content\">\n<p>K\u00fchl lagern, begrenzte Haltbarkeit nach dem \u00d6ffnen<\/p>\n<\/div><\/div>\n<\/div>\n<\/div><\/div>\n\n\n\n<div class=\"wp-block-uagb-container uagb-block-f7f734dd alignfull uagb-is-root-container\"><div class=\"uagb-container-inner-blocks-wrap\">\n<h3 class=\"wp-block-heading has-text-align-center\">N\u00e4hrwerttabelle pro 100 gram (mittelwert)<\/h3>\n\n\n\n<div class=\"wp-block-getwid-accordion has-icon-left\" data-active-element=\"none\">\n<div class=\"wp-block-getwid-accordion__header-wrapper\"><span class=\"wp-block-getwid-accordion__header\"><a href=\"#\"><span class=\"wp-block-getwid-accordion__header-title\"><strong>Brennwert<\/strong><\/span><span class=\"wp-block-getwid-accordion__icon is-active\"><i class=\"fas fa-plus\"><\/i><\/span><span class=\"wp-block-getwid-accordion__icon is-passive\"><i class=\"fas fa-minus\"><\/i><\/span><\/a><\/span><\/div><div class=\"wp-block-getwid-accordion__content-wrapper\"><div class=\"wp-block-getwid-accordion__content\">\n<p>1770 kJ\/ 427 kcal<\/p>\n<\/div><\/div>\n\n\n\n<div class=\"wp-block-getwid-accordion__header-wrapper\"><span class=\"wp-block-getwid-accordion__header\"><a href=\"#\"><span class=\"wp-block-getwid-accordion__header-title\"><strong>Fett absolut<\/strong><\/span><span class=\"wp-block-getwid-accordion__icon is-active\"><i class=\"fas fa-plus\"><\/i><\/span><span class=\"wp-block-getwid-accordion__icon is-passive\"><i class=\"fas fa-minus\"><\/i><\/span><\/a><\/span><\/div><div class=\"wp-block-getwid-accordion__content-wrapper\"><div class=\"wp-block-getwid-accordion__content\">\n<p>35,1 gr<\/p>\n<\/div><\/div>\n\n\n\n<div class=\"wp-block-getwid-accordion__header-wrapper\"><span class=\"wp-block-getwid-accordion__header\"><a href=\"#\"><span class=\"wp-block-getwid-accordion__header-title\"><strong>Ges\u00e4ttigte Fetts\u00e4uren<\/strong><\/span><span class=\"wp-block-getwid-accordion__icon is-active\"><i class=\"fas fa-plus\"><\/i><\/span><span class=\"wp-block-getwid-accordion__icon is-passive\"><i class=\"fas fa-minus\"><\/i><\/span><\/a><\/span><\/div><div class=\"wp-block-getwid-accordion__content-wrapper\"><div class=\"wp-block-getwid-accordion__content\">\n<p>25,3 gr<\/p>\n<\/div><\/div>\n\n\n\n<div class=\"wp-block-getwid-accordion__header-wrapper\"><span class=\"wp-block-getwid-accordion__header\"><a href=\"#\"><span class=\"wp-block-getwid-accordion__header-title\"><strong>Kohlenhydrat<\/strong><\/span><span class=\"wp-block-getwid-accordion__icon is-active\"><i class=\"fas fa-plus\"><\/i><\/span><span class=\"wp-block-getwid-accordion__icon is-passive\"><i class=\"fas fa-minus\"><\/i><\/span><\/a><\/span><\/div><div class=\"wp-block-getwid-accordion__content-wrapper\"><div class=\"wp-block-getwid-accordion__content\">\n<p>0,0 gr<\/p>\n<\/div><\/div>\n\n\n\n<div class=\"wp-block-getwid-accordion__header-wrapper\"><span class=\"wp-block-getwid-accordion__header\"><a href=\"#\"><span class=\"wp-block-getwid-accordion__header-title\"><strong>Zucker<\/strong><\/span><span class=\"wp-block-getwid-accordion__icon is-active\"><i class=\"fas fa-plus\"><\/i><\/span><span class=\"wp-block-getwid-accordion__icon is-passive\"><i class=\"fas fa-minus\"><\/i><\/span><\/a><\/span><\/div><div class=\"wp-block-getwid-accordion__content-wrapper\"><div class=\"wp-block-getwid-accordion__content\">\n<p>0,0 gr<\/p>\n<\/div><\/div>\n\n\n\n<div class=\"wp-block-getwid-accordion__header-wrapper\"><span class=\"wp-block-getwid-accordion__header\"><a href=\"#\"><span class=\"wp-block-getwid-accordion__header-title\"><strong>Eiwei\u00df<\/strong><\/span><span class=\"wp-block-getwid-accordion__icon is-active\"><i class=\"fas fa-plus\"><\/i><\/span><span class=\"wp-block-getwid-accordion__icon is-passive\"><i class=\"fas fa-minus\"><\/i><\/span><\/a><\/span><\/div><div class=\"wp-block-getwid-accordion__content-wrapper\"><div class=\"wp-block-getwid-accordion__content\">\n<p>27,7 gr<\/p>\n<\/div><\/div>\n\n\n\n<div class=\"wp-block-getwid-accordion__header-wrapper\"><span class=\"wp-block-getwid-accordion__header\"><a href=\"#\"><span class=\"wp-block-getwid-accordion__header-title\"><strong>Salz<\/strong><\/span><span class=\"wp-block-getwid-accordion__icon is-active\"><i class=\"fas fa-plus\"><\/i><\/span><span class=\"wp-block-getwid-accordion__icon is-passive\"><i class=\"fas fa-minus\"><\/i><\/span><\/a><\/span><\/div><div class=\"wp-block-getwid-accordion__content-wrapper\"><div class=\"wp-block-getwid-accordion__content\">\n<p>2,12 gr<\/p>\n<\/div><\/div>\n<\/div>\n<\/div><\/div>\n<\/div><\/div>\n\n\n\n<p><\/p>\n<\/div>\n<\/div><\/div>\n\n\n\n<div style=\"height:64px\" aria-hidden=\"true\" class=\"wp-block-spacer\"><\/div>\n\n\n\n<div class=\"wp-block-uagb-container uagb-block-83e1fea0 alignfull uagb-is-root-container\"><div class=\"uagb-container-inner-blocks-wrap\">\n<div class=\"wp-block-getwid-images-slider has-arrows-outside has-dots-inside is-carousel has-slides-gap-normal has-images-center has-cropped-images has-fixed-height\"><div class=\"wp-block-getwid-images-slider__wrapper\" data-effect=\"slide\" data-slides-show=\"3\" data-slides-show-laptop=\"3\" data-slides-show-tablet=\"3\" data-slides-show-mobile=\"1\" data-slides-scroll=\"1\" data-autoplay=\"true\" data-autoplay-speed=\"6000\" data-infinite=\"true\" data-animation-speed=\"800\" data-center-mode=\"true\" data-variable-width=\"false\" data-arrows=\"outside\" data-dots=\"inside\" data-spacing=\"normal\"><div class=\"wp-block-getwid-images-slider__item\" style=\"height:300px\"><figure><img loading=\"lazy\" decoding=\"async\" width=\"300\" height=\"169\" src=\"https:\/\/www.dekaaskoning.nl\/wp-content\/uploads\/2023\/07\/background-header-300x169.jpg\" alt=\"\" data-id=\"575\" data-link=\"https:\/\/www.dekaaskoning.nl\/sample-page\/attachment\/background-header\/\" data-original-link=\"https:\/\/www.dekaaskoning.nl\/wp-content\/uploads\/2023\/07\/background-header.jpg\" class=\"wp-block-getwid-images-slider__image wp-image-575\" srcset=\"https:\/\/www.dekaaskoning.nl\/wp-content\/uploads\/2023\/07\/background-header-300x169.jpg 300w, https:\/\/www.dekaaskoning.nl\/wp-content\/uploads\/2023\/07\/background-header-1024x576.jpg 1024w, https:\/\/www.dekaaskoning.nl\/wp-content\/uploads\/2023\/07\/background-header-768x432.jpg 768w, https:\/\/www.dekaaskoning.nl\/wp-content\/uploads\/2023\/07\/background-header-1536x864.jpg 1536w, https:\/\/www.dekaaskoning.nl\/wp-content\/uploads\/2023\/07\/background-header-250x141.jpg 250w, https:\/\/www.dekaaskoning.nl\/wp-content\/uploads\/2023\/07\/background-header-900x506.jpg 900w, https:\/\/www.dekaaskoning.nl\/wp-content\/uploads\/2023\/07\/background-header.jpg 2000w\" sizes=\"auto, (max-width: 300px) 100vw, 300px\" \/><\/figure><\/div><div class=\"wp-block-getwid-images-slider__item\" style=\"height:300px\"><figure><img loading=\"lazy\" decoding=\"async\" width=\"300\" height=\"300\" src=\"https:\/\/www.dekaaskoning.nl\/wp-content\/uploads\/2023\/07\/foto9-300x300.png\" alt=\"\" data-id=\"568\" data-link=\"https:\/\/www.dekaaskoning.nl\/sample-page\/attachment\/foto9\/\" data-original-link=\"https:\/\/www.dekaaskoning.nl\/wp-content\/uploads\/2023\/07\/foto9.png\" class=\"wp-block-getwid-images-slider__image wp-image-568\" srcset=\"https:\/\/www.dekaaskoning.nl\/wp-content\/uploads\/2023\/07\/foto9-300x300.png 300w, https:\/\/www.dekaaskoning.nl\/wp-content\/uploads\/2023\/07\/foto9-150x150.png 150w, https:\/\/www.dekaaskoning.nl\/wp-content\/uploads\/2023\/07\/foto9-768x768.png 768w, https:\/\/www.dekaaskoning.nl\/wp-content\/uploads\/2023\/07\/foto9-250x250.png 250w, https:\/\/www.dekaaskoning.nl\/wp-content\/uploads\/2023\/07\/foto9-900x900.png 900w, https:\/\/www.dekaaskoning.nl\/wp-content\/uploads\/2023\/07\/foto9.png 1000w\" sizes=\"auto, (max-width: 300px) 100vw, 300px\" \/><\/figure><\/div><div class=\"wp-block-getwid-images-slider__item\" style=\"height:300px\"><figure><img loading=\"lazy\" decoding=\"async\" width=\"300\" height=\"300\" src=\"https:\/\/www.dekaaskoning.nl\/wp-content\/uploads\/2023\/07\/foto17-300x300.png\" alt=\"\" data-id=\"565\" data-link=\"https:\/\/www.dekaaskoning.nl\/sample-page\/attachment\/foto17\/\" data-original-link=\"https:\/\/www.dekaaskoning.nl\/wp-content\/uploads\/2023\/07\/foto17.png\" class=\"wp-block-getwid-images-slider__image wp-image-565\" srcset=\"https:\/\/www.dekaaskoning.nl\/wp-content\/uploads\/2023\/07\/foto17-300x300.png 300w, https:\/\/www.dekaaskoning.nl\/wp-content\/uploads\/2023\/07\/foto17-150x150.png 150w, https:\/\/www.dekaaskoning.nl\/wp-content\/uploads\/2023\/07\/foto17-768x768.png 768w, https:\/\/www.dekaaskoning.nl\/wp-content\/uploads\/2023\/07\/foto17-250x250.png 250w, https:\/\/www.dekaaskoning.nl\/wp-content\/uploads\/2023\/07\/foto17-900x900.png 900w, https:\/\/www.dekaaskoning.nl\/wp-content\/uploads\/2023\/07\/foto17.png 1000w\" sizes=\"auto, (max-width: 300px) 100vw, 300px\" \/><\/figure><\/div><div class=\"wp-block-getwid-images-slider__item\" style=\"height:300px\"><figure><img loading=\"lazy\" decoding=\"async\" width=\"300\" height=\"300\" src=\"https:\/\/www.dekaaskoning.nl\/wp-content\/uploads\/2023\/07\/foto13-300x300.png\" alt=\"\" data-id=\"562\" data-link=\"https:\/\/www.dekaaskoning.nl\/sample-page\/attachment\/foto13\/\" data-original-link=\"https:\/\/www.dekaaskoning.nl\/wp-content\/uploads\/2023\/07\/foto13.png\" class=\"wp-block-getwid-images-slider__image wp-image-562\" srcset=\"https:\/\/www.dekaaskoning.nl\/wp-content\/uploads\/2023\/07\/foto13-300x300.png 300w, https:\/\/www.dekaaskoning.nl\/wp-content\/uploads\/2023\/07\/foto13-150x150.png 150w, https:\/\/www.dekaaskoning.nl\/wp-content\/uploads\/2023\/07\/foto13-768x768.png 768w, https:\/\/www.dekaaskoning.nl\/wp-content\/uploads\/2023\/07\/foto13-250x250.png 250w, https:\/\/www.dekaaskoning.nl\/wp-content\/uploads\/2023\/07\/foto13-900x900.png 900w, https:\/\/www.dekaaskoning.nl\/wp-content\/uploads\/2023\/07\/foto13.png 1000w\" sizes=\"auto, (max-width: 300px) 100vw, 300px\" \/><\/figure><\/div><div class=\"wp-block-getwid-images-slider__item\" style=\"height:300px\"><figure><img loading=\"lazy\" decoding=\"async\" width=\"300\" height=\"300\" src=\"https:\/\/www.dekaaskoning.nl\/wp-content\/uploads\/2023\/07\/foto4-300x300.png\" alt=\"\" data-id=\"560\" data-link=\"https:\/\/www.dekaaskoning.nl\/sample-page\/attachment\/foto4\/\" data-original-link=\"https:\/\/www.dekaaskoning.nl\/wp-content\/uploads\/2023\/07\/foto4.png\" class=\"wp-block-getwid-images-slider__image wp-image-560\" srcset=\"https:\/\/www.dekaaskoning.nl\/wp-content\/uploads\/2023\/07\/foto4-300x300.png 300w, https:\/\/www.dekaaskoning.nl\/wp-content\/uploads\/2023\/07\/foto4-150x150.png 150w, https:\/\/www.dekaaskoning.nl\/wp-content\/uploads\/2023\/07\/foto4-768x768.png 768w, https:\/\/www.dekaaskoning.nl\/wp-content\/uploads\/2023\/07\/foto4-250x250.png 250w, https:\/\/www.dekaaskoning.nl\/wp-content\/uploads\/2023\/07\/foto4-900x900.png 900w, https:\/\/www.dekaaskoning.nl\/wp-content\/uploads\/2023\/07\/foto4.png 1000w\" sizes=\"auto, (max-width: 300px) 100vw, 300px\" \/><\/figure><\/div><div class=\"wp-block-getwid-images-slider__item\" style=\"height:300px\"><figure><img loading=\"lazy\" decoding=\"async\" width=\"300\" height=\"300\" src=\"https:\/\/www.dekaaskoning.nl\/wp-content\/uploads\/2023\/07\/foto5-300x300.png\" alt=\"\" data-id=\"558\" data-link=\"https:\/\/www.dekaaskoning.nl\/sample-page\/attachment\/foto5\/\" data-original-link=\"https:\/\/www.dekaaskoning.nl\/wp-content\/uploads\/2023\/07\/foto5.png\" class=\"wp-block-getwid-images-slider__image wp-image-558\" srcset=\"https:\/\/www.dekaaskoning.nl\/wp-content\/uploads\/2023\/07\/foto5-300x300.png 300w, https:\/\/www.dekaaskoning.nl\/wp-content\/uploads\/2023\/07\/foto5-150x150.png 150w, https:\/\/www.dekaaskoning.nl\/wp-content\/uploads\/2023\/07\/foto5-768x768.png 768w, https:\/\/www.dekaaskoning.nl\/wp-content\/uploads\/2023\/07\/foto5-250x250.png 250w, https:\/\/www.dekaaskoning.nl\/wp-content\/uploads\/2023\/07\/foto5-900x900.png 900w, https:\/\/www.dekaaskoning.nl\/wp-content\/uploads\/2023\/07\/foto5.png 1000w\" sizes=\"auto, (max-width: 300px) 100vw, 300px\" \/><\/figure><\/div><\/div><\/div>\n\n\n\n<div class=\"wp-block-uagb-container uagb-block-41a72c54 alignfull uagb-is-root-container\"><div class=\"uagb-container-inner-blocks-wrap\"><\/div><\/div>\n<\/div><\/div>\n\n\n\n<div style=\"height:43px\" aria-hidden=\"true\" class=\"wp-block-spacer\"><\/div>\n","protected":false},"excerpt":{"rendered":"<p>Ein Jahr Alter Gouda Unser Warenpr\u00fcfer achtet darauf, dass alle K\u00e4se in aller Ruhe reifen k\u00f6nnen, bis sie perfekt im Geschmack sind. So dass der K\u00e4se einen w\u00fcrzigen, sehr reichen Geschmack hat. Wichtig zu wissen N\u00e4hrwerttabelle pro 100 gram (mittelwert)<\/p>\n","protected":false},"author":1,"featured_media":2052,"parent":3055,"menu_order":0,"comment_status":"closed","ping_status":"closed","template":"","meta":{"_uag_custom_page_level_css":"","footnotes":""},"class_list":["post-3357","page","type-page","status-publish","has-post-thumbnail","hentry"],"acf":[],"uagb_featured_image_src":{"full":["https:\/\/www.dekaaskoning.nl\/wp-content\/uploads\/2023\/11\/Hollandse-kaas.jpg",2000,503,false],"thumbnail":["https:\/\/www.dekaaskoning.nl\/wp-content\/uploads\/2023\/11\/Hollandse-kaas-150x150.jpg",150,150,true],"medium":["https:\/\/www.dekaaskoning.nl\/wp-content\/uploads\/2023\/11\/Hollandse-kaas-300x75.jpg",300,75,true],"medium_large":["https:\/\/www.dekaaskoning.nl\/wp-content\/uploads\/2023\/11\/Hollandse-kaas-768x193.jpg",768,193,true],"large":["https:\/\/www.dekaaskoning.nl\/wp-content\/uploads\/2023\/11\/Hollandse-kaas-1024x258.jpg",1024,258,true],"1536x1536":["https:\/\/www.dekaaskoning.nl\/wp-content\/uploads\/2023\/11\/Hollandse-kaas-1536x386.jpg",1536,386,true],"2048x2048":["https:\/\/www.dekaaskoning.nl\/wp-content\/uploads\/2023\/11\/Hollandse-kaas.jpg",2000,503,false],"smallvdsh":["https:\/\/www.dekaaskoning.nl\/wp-content\/uploads\/2023\/11\/Hollandse-kaas-500x400.jpg",500,400,true],"smallxvdsh":["https:\/\/www.dekaaskoning.nl\/wp-content\/uploads\/2023\/11\/Hollandse-kaas-250x63.jpg",250,63,true],"mediumvdsh":["https:\/\/www.dekaaskoning.nl\/wp-content\/uploads\/2023\/11\/Hollandse-kaas-1100x400.jpg",1100,400,true],"bigvdsh":["https:\/\/www.dekaaskoning.nl\/wp-content\/uploads\/2023\/11\/Hollandse-kaas-2000x400.jpg",2000,400,true],"contentlarge":["https:\/\/www.dekaaskoning.nl\/wp-content\/uploads\/2023\/11\/Hollandse-kaas-900x226.jpg",900,226,true]},"uagb_author_info":{"display_name":"admin","author_link":"https:\/\/www.dekaaskoning.nl\/de\/author\/admin\/"},"uagb_comment_info":0,"uagb_excerpt":"Ein Jahr Alter Gouda Unser Warenpr\u00fcfer achtet darauf, dass alle K\u00e4se in aller Ruhe reifen k\u00f6nnen, bis sie perfekt im Geschmack sind. So dass der K\u00e4se einen w\u00fcrzigen, sehr reichen Geschmack hat. Wichtig zu wissen N\u00e4hrwerttabelle pro 100 gram (mittelwert)","_links":{"self":[{"href":"https:\/\/www.dekaaskoning.nl\/de\/wp-json\/wp\/v2\/pages\/3357","targetHints":{"allow":["GET"]}}],"collection":[{"href":"https:\/\/www.dekaaskoning.nl\/de\/wp-json\/wp\/v2\/pages"}],"about":[{"href":"https:\/\/www.dekaaskoning.nl\/de\/wp-json\/wp\/v2\/types\/page"}],"author":[{"embeddable":true,"href":"https:\/\/www.dekaaskoning.nl\/de\/wp-json\/wp\/v2\/users\/1"}],"replies":[{"embeddable":true,"href":"https:\/\/www.dekaaskoning.nl\/de\/wp-json\/wp\/v2\/comments?post=3357"}],"version-history":[{"count":2,"href":"https:\/\/www.dekaaskoning.nl\/de\/wp-json\/wp\/v2\/pages\/3357\/revisions"}],"predecessor-version":[{"id":3361,"href":"https:\/\/www.dekaaskoning.nl\/de\/wp-json\/wp\/v2\/pages\/3357\/revisions\/3361"}],"up":[{"embeddable":true,"href":"https:\/\/www.dekaaskoning.nl\/de\/wp-json\/wp\/v2\/pages\/3055"}],"wp:featuredmedia":[{"embeddable":true,"href":"https:\/\/www.dekaaskoning.nl\/de\/wp-json\/wp\/v2\/media\/2052"}],"wp:attachment":[{"href":"https:\/\/www.dekaaskoning.nl\/de\/wp-json\/wp\/v2\/media?parent=3357"}],"curies":[{"name":"wp","href":"https:\/\/api.w.org\/{rel}","templated":true}]}}