{"id":3334,"date":"2023-10-22T19:57:28","date_gmt":"2023-10-22T19:57:28","guid":{"rendered":"https:\/\/www.dekaaskoning.nl\/rezepte\/kaeseplatte-mit-kaese-vom-bauernhof\/"},"modified":"2023-12-04T10:46:21","modified_gmt":"2023-12-04T10:46:21","slug":"kaeseplatte-mit-kaese-vom-bauernhof","status":"publish","type":"page","link":"https:\/\/www.dekaaskoning.nl\/de\/rezepte\/kaeseplatte-mit-kaese-vom-bauernhof\/","title":{"rendered":"K\u00e4seplatte mit k\u00e4se vom Bauernhof"},"content":{"rendered":"<!-- locatie widget -->\n<!-- locatie widget -->\n\n<!-- deze is vervangen voor balk-->\n\n<div class=\"headerimgbalk\"> \n<img decoding=\"async\" class=\"imgheader\" src=\"https:\/\/www.dekaaskoning.nl\/wp-content\/themes\/KaasKoning\/template-parts\/00-header-block\/header-image-wave.svg\"> \n\n<\/div>\n\n\n<!-- recepten zoekveld widget -->\n<!-- recepten zoekveld widget -->\n<!-- recepten overview zoekveld-->\n<!-- recepten overview zoekveld -->\n\n<!-- faq zoekveld -->\n<!-- faq zoekveld -->\n\n<div class=\"filler-header\"> <\/div>\n\n<style>\n::placeholder {\n  color: red;\n  opacity: 1; \/* Firefox *\/\n}\n\n::-ms-input-placeholder { \/* Edge 12-18 *\/\n  color: red;\n}\n<\/style>\n\n\n<div style=\"height:40px\" aria-hidden=\"true\" class=\"wp-block-spacer\"><\/div>\n\n\n\n<div class=\"wp-block-uagb-container uagb-block-a3128225 alignfull uagb-is-root-container\"><div class=\"uagb-container-inner-blocks-wrap\">\n<div class=\"wp-block-uagb-buttons uagb-buttons__outer-wrap uagb-btn__default-btn uagb-btn-tablet__default-btn uagb-btn-mobile__default-btn uagb-block-da1b4c00\"><div class=\"uagb-buttons__wrap uagb-buttons-layout-wrap\">\n<div class=\"wp-block-uagb-buttons-child uagb-buttons__outer-wrap uagb-block-259cd6ca wp-block-button\"><div class=\"uagb-button__wrapper\"><a class=\"uagb-buttons-repeater wp-block-button__link\" href=\"https:\/\/www.dekaaskoning.nl\/de\/rezepte\/\" onclick=\"return true;\" rel=\"follow noopener\" target=\"_self\"><div class=\"uagb-button__link\">Zur\u00fcck zu allen Rezepten<\/div><\/a><\/div><\/div>\n<\/div><\/div>\n<\/div><\/div>\n\n\n\n<h1 class=\"wp-block-heading has-text-align-center has-text-color\" style=\"color:#bd2322;font-size:55px\"> K\u00e4seplatte mit k\u00e4se vom Bauernhof<\/h1>\n\n\n\n<div class=\"wp-block-uagb-container uagb-block-39c613f5 alignfull uagb-is-root-container\"><div class=\"uagb-container-inner-blocks-wrap\">\n<div class=\"wp-block-uagb-container uagb-block-6d9ca190\">\n<h2 class=\"wp-block-heading has-text-align-center\">Zubereitung<\/h2>\n\n\n\n<p>De KaasKoning bietet ein gro\u00dfes Sortiment an K\u00e4se vom Bauernhof mit jeweils einer besonderen Geschichte. Le Petit Doruvael wird zum Beispiel von Bauer Jirco aus Montfoort hergestellt. Die Konsistenz ist besonders weich, aber der Geschmack ist doch<br>ein wenig pikant.<\/p>\n\n\n\n<p>Tipps f\u00fcr die Garnitur: Cherrytomaten, gr\u00fcne Oliven, D\u00f6rraprikosen, Pistazien, Essiggurken, Pflaumen, Wei\u00dfbrot, K\u00e4sestangen und (Dauer-)Wurst<\/p>\n<\/div>\n\n\n\n<div class=\"wp-block-uagb-container uagb-block-93153664\">\n<div class=\"wp-block-uagb-container uagb-block-f7f734dd alignfull uagb-is-root-container\"><div class=\"uagb-container-inner-blocks-wrap\">\n<h2 class=\"wp-block-heading\">Zutaten f\u00fcr 4 Personen<\/h2>\n\n\n\n<ul class=\"wp-block-list\">\n<li>150 g Kleek\u00e4se<\/li>\n\n\n\n<li>150 g Bauernk\u00e4se mit Bockshornklee<\/li>\n\n\n\n<li>150 g Le Petit Doruvael<\/li>\n\n\n\n<li>150 g K\u00e4se vom Bauernhof Tomate-Olive <\/li>\n<\/ul>\n<\/div><\/div>\n<\/div>\n<\/div><\/div>\n\n\n\n<div style=\"height:64px\" aria-hidden=\"true\" class=\"wp-block-spacer\"><\/div>\n","protected":false},"excerpt":{"rendered":"<p>K\u00e4seplatte mit k\u00e4se vom Bauernhof Zubereitung De KaasKoning bietet ein gro\u00dfes Sortiment an K\u00e4se vom Bauernhof mit jeweils einer besonderen Geschichte. Le Petit Doruvael wird zum Beispiel von Bauer Jirco aus Montfoort hergestellt. Die Konsistenz ist besonders weich, aber der Geschmack ist dochein wenig pikant. Tipps f\u00fcr die Garnitur: Cherrytomaten, gr\u00fcne Oliven, D\u00f6rraprikosen, Pistazien, Essiggurken, [&hellip;]<\/p>\n","protected":false},"author":1,"featured_media":1770,"parent":3115,"menu_order":0,"comment_status":"closed","ping_status":"closed","template":"","meta":{"_uag_custom_page_level_css":"","footnotes":""},"class_list":["post-3334","page","type-page","status-publish","has-post-thumbnail","hentry"],"acf":[],"uagb_featured_image_src":{"full":["https:\/\/www.dekaaskoning.nl\/wp-content\/uploads\/2023\/10\/Sterrekaas-201708020917.jpg",2000,680,false],"thumbnail":["https:\/\/www.dekaaskoning.nl\/wp-content\/uploads\/2023\/10\/Sterrekaas-201708020917-150x150.jpg",150,150,true],"medium":["https:\/\/www.dekaaskoning.nl\/wp-content\/uploads\/2023\/10\/Sterrekaas-201708020917-300x102.jpg",300,102,true],"medium_large":["https:\/\/www.dekaaskoning.nl\/wp-content\/uploads\/2023\/10\/Sterrekaas-201708020917-768x261.jpg",768,261,true],"large":["https:\/\/www.dekaaskoning.nl\/wp-content\/uploads\/2023\/10\/Sterrekaas-201708020917-1024x348.jpg",1024,348,true],"1536x1536":["https:\/\/www.dekaaskoning.nl\/wp-content\/uploads\/2023\/10\/Sterrekaas-201708020917-1536x522.jpg",1536,522,true],"2048x2048":["https:\/\/www.dekaaskoning.nl\/wp-content\/uploads\/2023\/10\/Sterrekaas-201708020917.jpg",2000,680,false],"smallvdsh":["https:\/\/www.dekaaskoning.nl\/wp-content\/uploads\/2023\/10\/Sterrekaas-201708020917-500x400.jpg",500,400,true],"smallxvdsh":["https:\/\/www.dekaaskoning.nl\/wp-content\/uploads\/2023\/10\/Sterrekaas-201708020917-250x85.jpg",250,85,true],"mediumvdsh":["https:\/\/www.dekaaskoning.nl\/wp-content\/uploads\/2023\/10\/Sterrekaas-201708020917-1100x400.jpg",1100,400,true],"bigvdsh":["https:\/\/www.dekaaskoning.nl\/wp-content\/uploads\/2023\/10\/Sterrekaas-201708020917-2000x400.jpg",2000,400,true],"contentlarge":["https:\/\/www.dekaaskoning.nl\/wp-content\/uploads\/2023\/10\/Sterrekaas-201708020917-900x306.jpg",900,306,true]},"uagb_author_info":{"display_name":"admin","author_link":"https:\/\/www.dekaaskoning.nl\/de\/author\/admin\/"},"uagb_comment_info":0,"uagb_excerpt":"K\u00e4seplatte mit k\u00e4se vom Bauernhof Zubereitung De KaasKoning bietet ein gro\u00dfes Sortiment an K\u00e4se vom Bauernhof mit jeweils einer besonderen Geschichte. Le Petit Doruvael wird zum Beispiel von Bauer Jirco aus Montfoort hergestellt. Die Konsistenz ist besonders weich, aber der Geschmack ist dochein wenig pikant. Tipps f\u00fcr die Garnitur: Cherrytomaten, gr\u00fcne Oliven, D\u00f6rraprikosen, Pistazien, Essiggurken,&hellip;","_links":{"self":[{"href":"https:\/\/www.dekaaskoning.nl\/de\/wp-json\/wp\/v2\/pages\/3334","targetHints":{"allow":["GET"]}}],"collection":[{"href":"https:\/\/www.dekaaskoning.nl\/de\/wp-json\/wp\/v2\/pages"}],"about":[{"href":"https:\/\/www.dekaaskoning.nl\/de\/wp-json\/wp\/v2\/types\/page"}],"author":[{"embeddable":true,"href":"https:\/\/www.dekaaskoning.nl\/de\/wp-json\/wp\/v2\/users\/1"}],"replies":[{"embeddable":true,"href":"https:\/\/www.dekaaskoning.nl\/de\/wp-json\/wp\/v2\/comments?post=3334"}],"version-history":[{"count":2,"href":"https:\/\/www.dekaaskoning.nl\/de\/wp-json\/wp\/v2\/pages\/3334\/revisions"}],"predecessor-version":[{"id":3336,"href":"https:\/\/www.dekaaskoning.nl\/de\/wp-json\/wp\/v2\/pages\/3334\/revisions\/3336"}],"up":[{"embeddable":true,"href":"https:\/\/www.dekaaskoning.nl\/de\/wp-json\/wp\/v2\/pages\/3115"}],"wp:featuredmedia":[{"embeddable":true,"href":"https:\/\/www.dekaaskoning.nl\/de\/wp-json\/wp\/v2\/media\/1770"}],"wp:attachment":[{"href":"https:\/\/www.dekaaskoning.nl\/de\/wp-json\/wp\/v2\/media?parent=3334"}],"curies":[{"name":"wp","href":"https:\/\/api.w.org\/{rel}","templated":true}]}}