{"id":3330,"date":"2023-10-22T19:50:16","date_gmt":"2023-10-22T19:50:16","guid":{"rendered":"https:\/\/www.dekaaskoning.nl\/rezepte\/graskaese-muffins\/"},"modified":"2023-12-04T10:38:08","modified_gmt":"2023-12-04T10:38:08","slug":"graskaese-muffins","status":"publish","type":"page","link":"https:\/\/www.dekaaskoning.nl\/de\/rezepte\/graskaese-muffins\/","title":{"rendered":"Grask\u00e4se-Muffins"},"content":{"rendered":"<!-- locatie widget -->\n<!-- locatie widget -->\n\n<!-- deze is vervangen voor balk-->\n\n<div class=\"headerimgbalk\"> \n<img decoding=\"async\" class=\"imgheader\" src=\"https:\/\/www.dekaaskoning.nl\/wp-content\/themes\/KaasKoning\/template-parts\/00-header-block\/header-image-wave.svg\"> \n\n<\/div>\n\n\n<!-- recepten zoekveld widget -->\n<!-- recepten zoekveld widget -->\n<!-- recepten overview zoekveld-->\n<!-- recepten overview zoekveld -->\n\n<!-- faq zoekveld -->\n<!-- faq zoekveld -->\n\n<div class=\"filler-header\"> <\/div>\n\n<style>\n::placeholder {\n  color: red;\n  opacity: 1; \/* Firefox *\/\n}\n\n::-ms-input-placeholder { \/* Edge 12-18 *\/\n  color: red;\n}\n<\/style>\n<div style=\"height:40px\" aria-hidden=\"true\" class=\"wp-block-spacer\"><\/div>\n\n<div class=\"wp-block-uagb-container uagb-block-a3128225 alignfull uagb-is-root-container\"><div class=\"uagb-container-inner-blocks-wrap\">\n<div class=\"wp-block-uagb-buttons uagb-buttons__outer-wrap uagb-btn__default-btn uagb-btn-tablet__default-btn uagb-btn-mobile__default-btn uagb-block-da1b4c00\"><div class=\"uagb-buttons__wrap uagb-buttons-layout-wrap\">\n<div class=\"wp-block-uagb-buttons-child uagb-buttons__outer-wrap uagb-block-259cd6ca wp-block-button\"><div class=\"uagb-button__wrapper\"><a class=\"uagb-buttons-repeater wp-block-button__link\" href=\"https:\/\/www.dekaaskoning.nl\/de\/rezepte\/\" onclick=\"return true;\" rel=\"follow noopener\" target=\"_self\"><div class=\"uagb-button__link\">Zur\u00fcck zu allen Rezepten<\/div><\/a><\/div><\/div>\n<\/div><\/div>\n<\/div><\/div>\n\n<h1 class=\"wp-block-heading has-text-align-center has-text-color\" style=\"color:#bd2322;font-size:55px\">Grask\u00e4se-Muffins<\/h1>\n\n<div class=\"wp-block-uagb-container uagb-block-39c613f5 alignfull uagb-is-root-container\"><div class=\"uagb-container-inner-blocks-wrap\">\n<div class=\"wp-block-uagb-container uagb-block-6d9ca190\">\n<h2 class=\"wp-block-heading has-text-align-center\">Zubereitung<\/h2>\n\n\n\n<p>Reiben Sie den Grask\u00e4se. B\u00fcrsten Sie die Champignons sauber und schneiden Sie sie in Scheiben. Schneiden Sie den Speck in d\u00fcnne Scheiben. Erhitzen Sie etwas \u00d6l in einer Pfanne und braten Sie darin den Speck goldbraun.<br\/>Braten Sie die Champignonscheiben f\u00fcnf Minuten mit. Nehmen Sie die Pfanne vom Feuer.<\/p>\n\n\n\n<p>Heizen Sie den Ofen auf 225 \u00b0C vor. Fetten Sie die Backform ein. Verquirlen Sie den Joghurt mit 2 EL Oliven\u00f6l und dem Ei. Vermischen Sie den geriebenen Grask\u00e4se, das Backpulver, Salz und Pfeffer zu einer glatten Mischung. Sch\u00f6pfen Sie diese K\u00e4semischung zusammen mit dem verquirlten Joghurt luftig durch die Champignons mit Speck. L\u00f6ffeln Sie alles in die Backform. Backen Sie die Muffins in der Mitte des Ofens in ca. 20-25 Minuten gar und goldbraun. Nehmen Sie die Muffins sofort aus der Form. Servieren Sie sie warm oder kalt.<\/p>\n<\/div>\n\n\n\n<div class=\"wp-block-uagb-container uagb-block-93153664\">\n<div class=\"wp-block-uagb-container uagb-block-f7f734dd alignfull uagb-is-root-container\"><div class=\"uagb-container-inner-blocks-wrap\">\n<h2 class=\"wp-block-heading\">Zutaten &#8211; 12 St\u00fcck<\/h2>\n\n\n\n<ul class=\"wp-block-list\">\n<li>100 g KaasKoning Grask\u00e4se<\/li>\n\n\n\n<li>200 g Champignons<\/li>\n\n\n\n<li>75 g Fr\u00fchst\u00fccksspeck<\/li>\n\n\n\n<li>175 g Mehl<\/li>\n\n\n\n<li>1 Beutel Backpulver<\/li>\n\n\n\n<li>0,25 l Joghurt<\/li>\n\n\n\n<li>1 Ei<\/li>\n\n\n\n<li>Oliven\u00f6l<\/li>\n\n\n\n<li>Salz<\/li>\n\n\n\n<li>Pfeffer<\/li>\n\n\n\n<li>Backform f\u00fcr 12 Muffins<\/li>\n<\/ul>\n<\/div><\/div>\n<\/div>\n<\/div><\/div>\n\n<div style=\"height:64px\" aria-hidden=\"true\" class=\"wp-block-spacer\"><\/div>\n\n<h2 class=\"wp-block-heading has-text-align-center has-text-color\" style=\"color:#bd2322;font-size:38px\">Wir haben diesen K\u00e4se verwendet:<\/h2>\n<div class=\"wp-block-image is-style-rounded\">\n<figure class=\"aligncenter size-full\"><a href=\"https:\/\/www.dekaaskoning.nl\/de\/kaese\/graskaese\/\"><img loading=\"lazy\" decoding=\"async\" width=\"504\" height=\"294\" src=\"https:\/\/www.dekaaskoning.nl\/wp-content\/uploads\/2023\/10\/KK-Graskaas_vrijstaand-1.jpg\" alt=\"\" class=\"wp-image-1564\" srcset=\"https:\/\/www.dekaaskoning.nl\/wp-content\/uploads\/2023\/10\/KK-Graskaas_vrijstaand-1.jpg 504w, https:\/\/www.dekaaskoning.nl\/wp-content\/uploads\/2023\/10\/KK-Graskaas_vrijstaand-1-300x175.jpg 300w, https:\/\/www.dekaaskoning.nl\/wp-content\/uploads\/2023\/10\/KK-Graskaas_vrijstaand-1-250x146.jpg 250w\" sizes=\"auto, (max-width: 504px) 100vw, 504px\" \/><\/a><\/figure>\n<\/div>\n<h3 class=\"wp-block-heading has-text-align-center has-text-color\" style=\"color:#bd2322;font-size:27px\"><em>Graskaas<\/em><\/h3>\n\n<div style=\"height:64px\" aria-hidden=\"true\" class=\"wp-block-spacer\"><\/div>\n","protected":false},"excerpt":{"rendered":"<p>Grask\u00e4se-Muffins Zubereitung Reiben Sie den Grask\u00e4se. B\u00fcrsten Sie die Champignons sauber und schneiden Sie sie in Scheiben. Schneiden Sie den Speck in d\u00fcnne Scheiben. Erhitzen Sie etwas \u00d6l in einer Pfanne und braten Sie darin den Speck goldbraun.Braten Sie die Champignonscheiben f\u00fcnf Minuten mit. Nehmen Sie die Pfanne vom Feuer. Heizen Sie den Ofen auf [&hellip;]<\/p>\n","protected":false},"author":1,"featured_media":1758,"parent":3115,"menu_order":0,"comment_status":"closed","ping_status":"open","template":"","meta":{"_uag_custom_page_level_css":"","footnotes":""},"class_list":["post-3330","page","type-page","status-publish","has-post-thumbnail","hentry"],"acf":[],"uagb_featured_image_src":{"full":["https:\/\/www.dekaaskoning.nl\/wp-content\/uploads\/2023\/10\/kaaskoning-muffin.jpg",2000,680,false],"thumbnail":["https:\/\/www.dekaaskoning.nl\/wp-content\/uploads\/2023\/10\/kaaskoning-muffin-150x150.jpg",150,150,true],"medium":["https:\/\/www.dekaaskoning.nl\/wp-content\/uploads\/2023\/10\/kaaskoning-muffin-300x102.jpg",300,102,true],"medium_large":["https:\/\/www.dekaaskoning.nl\/wp-content\/uploads\/2023\/10\/kaaskoning-muffin-768x261.jpg",768,261,true],"large":["https:\/\/www.dekaaskoning.nl\/wp-content\/uploads\/2023\/10\/kaaskoning-muffin-1024x348.jpg",1024,348,true],"1536x1536":["https:\/\/www.dekaaskoning.nl\/wp-content\/uploads\/2023\/10\/kaaskoning-muffin-1536x522.jpg",1536,522,true],"2048x2048":["https:\/\/www.dekaaskoning.nl\/wp-content\/uploads\/2023\/10\/kaaskoning-muffin.jpg",2000,680,false],"smallvdsh":["https:\/\/www.dekaaskoning.nl\/wp-content\/uploads\/2023\/10\/kaaskoning-muffin-500x400.jpg",500,400,true],"smallxvdsh":["https:\/\/www.dekaaskoning.nl\/wp-content\/uploads\/2023\/10\/kaaskoning-muffin-250x85.jpg",250,85,true],"mediumvdsh":["https:\/\/www.dekaaskoning.nl\/wp-content\/uploads\/2023\/10\/kaaskoning-muffin-1100x400.jpg",1100,400,true],"bigvdsh":["https:\/\/www.dekaaskoning.nl\/wp-content\/uploads\/2023\/10\/kaaskoning-muffin-2000x400.jpg",2000,400,true],"contentlarge":["https:\/\/www.dekaaskoning.nl\/wp-content\/uploads\/2023\/10\/kaaskoning-muffin-900x306.jpg",900,306,true]},"uagb_author_info":{"display_name":"admin","author_link":"https:\/\/www.dekaaskoning.nl\/de\/author\/admin\/"},"uagb_comment_info":0,"uagb_excerpt":"Grask\u00e4se-Muffins Zubereitung Reiben Sie den Grask\u00e4se. B\u00fcrsten Sie die Champignons sauber und schneiden Sie sie in Scheiben. Schneiden Sie den Speck in d\u00fcnne Scheiben. Erhitzen Sie etwas \u00d6l in einer Pfanne und braten Sie darin den Speck goldbraun.Braten Sie die Champignonscheiben f\u00fcnf Minuten mit. Nehmen Sie die Pfanne vom Feuer. Heizen Sie den Ofen auf&hellip;","_links":{"self":[{"href":"https:\/\/www.dekaaskoning.nl\/de\/wp-json\/wp\/v2\/pages\/3330","targetHints":{"allow":["GET"]}}],"collection":[{"href":"https:\/\/www.dekaaskoning.nl\/de\/wp-json\/wp\/v2\/pages"}],"about":[{"href":"https:\/\/www.dekaaskoning.nl\/de\/wp-json\/wp\/v2\/types\/page"}],"author":[{"embeddable":true,"href":"https:\/\/www.dekaaskoning.nl\/de\/wp-json\/wp\/v2\/users\/1"}],"replies":[{"embeddable":true,"href":"https:\/\/www.dekaaskoning.nl\/de\/wp-json\/wp\/v2\/comments?post=3330"}],"version-history":[{"count":1,"href":"https:\/\/www.dekaaskoning.nl\/de\/wp-json\/wp\/v2\/pages\/3330\/revisions"}],"predecessor-version":[{"id":3331,"href":"https:\/\/www.dekaaskoning.nl\/de\/wp-json\/wp\/v2\/pages\/3330\/revisions\/3331"}],"up":[{"embeddable":true,"href":"https:\/\/www.dekaaskoning.nl\/de\/wp-json\/wp\/v2\/pages\/3115"}],"wp:featuredmedia":[{"embeddable":true,"href":"https:\/\/www.dekaaskoning.nl\/de\/wp-json\/wp\/v2\/media\/1758"}],"wp:attachment":[{"href":"https:\/\/www.dekaaskoning.nl\/de\/wp-json\/wp\/v2\/media?parent=3330"}],"curies":[{"name":"wp","href":"https:\/\/api.w.org\/{rel}","templated":true}]}}