{"id":3324,"date":"2023-10-22T19:31:57","date_gmt":"2023-10-22T19:31:57","guid":{"rendered":"https:\/\/www.dekaaskoning.nl\/rezepte\/kaese-wein-kombinationen\/"},"modified":"2023-12-04T09:55:45","modified_gmt":"2023-12-04T09:55:45","slug":"kaese-wein-kombinationen","status":"publish","type":"page","link":"https:\/\/www.dekaaskoning.nl\/de\/rezepte\/kaese-wein-kombinationen\/","title":{"rendered":"K\u00e4se-Wein-Kombinationen"},"content":{"rendered":"<!-- locatie widget -->\n<!-- locatie widget -->\n\n<!-- deze is vervangen voor balk-->\n\n<div class=\"headerimgbalk\"> \n<img decoding=\"async\" class=\"imgheader\" src=\"https:\/\/www.dekaaskoning.nl\/wp-content\/themes\/KaasKoning\/template-parts\/00-header-block\/header-image-wave.svg\"> \n\n<\/div>\n\n\n<!-- recepten zoekveld widget -->\n<!-- recepten zoekveld widget -->\n<!-- recepten overview zoekveld-->\n<!-- recepten overview zoekveld -->\n\n<!-- faq zoekveld -->\n<!-- faq zoekveld -->\n\n<div class=\"filler-header\"> <\/div>\n\n<style>\n::placeholder {\n  color: red;\n  opacity: 1; \/* Firefox *\/\n}\n\n::-ms-input-placeholder { \/* Edge 12-18 *\/\n  color: red;\n}\n<\/style>\n<div style=\"height:40px\" aria-hidden=\"true\" class=\"wp-block-spacer\"><\/div>\n\n<div class=\"wp-block-uagb-container uagb-block-a3128225 alignfull uagb-is-root-container\"><div class=\"uagb-container-inner-blocks-wrap\">\n<div class=\"wp-block-uagb-buttons uagb-buttons__outer-wrap uagb-btn__default-btn uagb-btn-tablet__default-btn uagb-btn-mobile__default-btn uagb-block-da1b4c00\"><div class=\"uagb-buttons__wrap uagb-buttons-layout-wrap\">\n<div class=\"wp-block-uagb-buttons-child uagb-buttons__outer-wrap uagb-block-259cd6ca wp-block-button\"><div class=\"uagb-button__wrapper\"><a class=\"uagb-buttons-repeater wp-block-button__link\" href=\"https:\/\/www.dekaaskoning.nl\/de\/rezepte\/\" onclick=\"return true;\" rel=\"follow noopener\" target=\"_self\"><div class=\"uagb-button__link\">Zur\u00fcck zu allen Rezepten<\/div><\/a><\/div><\/div>\n<\/div><\/div>\n<\/div><\/div>\n\n<h1 class=\"wp-block-heading has-text-align-center has-text-color\" style=\"color:#bd2322;font-size:55px\">K\u00e4se-Wein-Kombinationen<\/h1>\n\n<div class=\"wp-block-uagb-container uagb-block-39c613f5 alignfull uagb-is-root-container\"><div class=\"uagb-container-inner-blocks-wrap\">\n<div class=\"wp-block-uagb-container uagb-block-6d9ca190\">\n<h2 class=\"wp-block-heading has-text-align-center\">Zubereitung<\/h2>\n\n\n\n<p>K\u00e4se und Wein sind eine hervorragende Kombination, aber nicht jeder Wein passt zu jedem K\u00e4se und umgekehrt. Welchen Wein Sie w\u00e4hlen, h\u00e4ngt nat\u00fcrlich von Ihrem pers\u00f6nlichen Geschmack ab. Ein paar Tipps, um Ihnen die Entscheidung zu erleichtern:<br\/>\u2022 Je h\u00e4rter und dunkler der K\u00e4se, desto voller und kr\u00e4ftiger der Wein.<br\/>\u2022 Je wei\u00dfer und frischer der K\u00e4se, desto frischer und fruchtiger der Wein.<br\/>\u2022 Neben Wein passen auch Portwein, Sherry und sogar Bier sehr gut zu K\u00e4se.<br\/>\u2022 Es ist wichtig, dass der Wein und der K\u00e4se gut harmonieren. Dann verst\u00e4rken sie einander im Geschmack.<br\/>\u2022 Der eine Geschmack darf den anderen nie \u00fcberlagern<\/p>\n<\/div>\n\n\n\n<div class=\"wp-block-uagb-container uagb-block-93153664\">\n<div class=\"wp-block-uagb-container uagb-block-f7f734dd alignfull uagb-is-root-container\"><div class=\"uagb-container-inner-blocks-wrap\">\n<h2 class=\"wp-block-heading\">Zutaten<\/h2>\n\n\n\n<p>Unsere Vorschl\u00e4ge f\u00fcr die Feiertage<\/p>\n\n\n\n<ul class=\"wp-block-list\">\n<li>Ein Jahr Alter Gouda &#8211; kr\u00e4ftiger Bordeaux, vorzugsweise im Holzfass gereift<\/li>\n\n\n\n<li>Ziegenk\u00e4se Mild &#8211; wei\u00dfer Chardonnay<\/li>\n\n\n\n<li>Maasdammer L\u00f6cherk\u00e4se &#8211; roter Beaujolais<\/li>\n\n\n\n<li>Mittelalter Bauernk\u00e4se &#8211; roter Bourgogne<\/li>\n\n\n\n<li>Morbier &#8211; Rotwein aus S\u00fcdfrankreich, zum Beispiel Corbi\u00e8re<\/li>\n\n\n\n<li>Landana Blue &#8211; roter Bourgogne<\/li>\n\n\n\n<li>Unsere Dekorationsvorschl\u00e4ge: Mit Oliven, N\u00fcssen und Weintrauben servieren. Verschiedene Brot- und Toastsorten runden das Angebot ab.<\/li>\n<\/ul>\n<\/div><\/div>\n<\/div>\n<\/div><\/div>\n\n<div style=\"height:64px\" aria-hidden=\"true\" class=\"wp-block-spacer\"><\/div>\n\n<h2 class=\"wp-block-heading has-text-align-center has-text-color has-link-color wp-elements-a2b8e40024530ad31b545785c3beaf0d\" style=\"color:#bd2322;font-size:38px\">Wir haben diese K\u00e4sesorten verwendet:<\/h2>\n\n<div class=\"wp-block-uagb-container uagb-block-1ff821fa alignfull uagb-is-root-container\"><div class=\"uagb-container-inner-blocks-wrap\">\n<div class=\"wp-block-uagb-container uagb-block-7ff3e569\"><div class=\"wp-block-image is-style-rounded\">\n<figure class=\"aligncenter size-full\"><a href=\"https:\/\/www.dekaaskoning.nl\/de\/kaese\/ziegenkaese-mild\/\"><img loading=\"lazy\" decoding=\"async\" width=\"504\" height=\"294\" src=\"https:\/\/www.dekaaskoning.nl\/wp-content\/uploads\/2023\/10\/KK-Geitenkaas-Mild-1.jpg\" alt=\"\" class=\"wp-image-1566\" srcset=\"https:\/\/www.dekaaskoning.nl\/wp-content\/uploads\/2023\/10\/KK-Geitenkaas-Mild-1.jpg 504w, https:\/\/www.dekaaskoning.nl\/wp-content\/uploads\/2023\/10\/KK-Geitenkaas-Mild-1-300x175.jpg 300w, https:\/\/www.dekaaskoning.nl\/wp-content\/uploads\/2023\/10\/KK-Geitenkaas-Mild-1-250x146.jpg 250w\" sizes=\"auto, (max-width: 504px) 100vw, 504px\" \/><\/a><\/figure>\n<\/div>\n\n\n<h3 class=\"wp-block-heading has-text-align-center has-text-color\" style=\"color:#bd2322;font-size:27px\"><em>Ziegenk\u00e4se Mild<\/em><\/h3>\n<\/div>\n\n\n\n<div class=\"wp-block-uagb-container uagb-block-32adbd99\"><div class=\"wp-block-image is-style-rounded\">\n<figure class=\"aligncenter size-full\"><a href=\"https:\/\/www.dekaaskoning.nl\/de\/kaese\/ein-jahr-alter-gouda\/\"><img loading=\"lazy\" decoding=\"async\" width=\"504\" height=\"294\" src=\"https:\/\/www.dekaaskoning.nl\/wp-content\/uploads\/2023\/10\/KK-No.-6.webp\" alt=\"\" class=\"wp-image-1546\" srcset=\"https:\/\/www.dekaaskoning.nl\/wp-content\/uploads\/2023\/10\/KK-No.-6.webp 504w, https:\/\/www.dekaaskoning.nl\/wp-content\/uploads\/2023\/10\/KK-No.-6-300x175.webp 300w, https:\/\/www.dekaaskoning.nl\/wp-content\/uploads\/2023\/10\/KK-No.-6-250x146.webp 250w\" sizes=\"auto, (max-width: 504px) 100vw, 504px\" \/><\/a><\/figure>\n<\/div>\n\n\n<h3 class=\"wp-block-heading has-text-align-center has-text-color\" style=\"color:#bd2322;font-size:27px\"><em>Ein Jahr Alter Gouda<\/em><\/h3>\n<\/div>\n<\/div><\/div>\n\n<div style=\"height:64px\" aria-hidden=\"true\" class=\"wp-block-spacer\"><\/div>\n","protected":false},"excerpt":{"rendered":"<p>K\u00e4se-Wein-Kombinationen Zubereitung K\u00e4se und Wein sind eine hervorragende Kombination, aber nicht jeder Wein passt zu jedem K\u00e4se und umgekehrt. Welchen Wein Sie w\u00e4hlen, h\u00e4ngt nat\u00fcrlich von Ihrem pers\u00f6nlichen Geschmack ab. Ein paar Tipps, um Ihnen die Entscheidung zu erleichtern:\u2022 Je h\u00e4rter und dunkler der K\u00e4se, desto voller und kr\u00e4ftiger der Wein.\u2022 Je wei\u00dfer und frischer [&hellip;]<\/p>\n","protected":false},"author":1,"featured_media":1746,"parent":3115,"menu_order":0,"comment_status":"closed","ping_status":"open","template":"","meta":{"_uag_custom_page_level_css":"","footnotes":""},"class_list":["post-3324","page","type-page","status-publish","has-post-thumbnail","hentry"],"acf":[],"uagb_featured_image_src":{"full":["https:\/\/www.dekaaskoning.nl\/wp-content\/uploads\/2023\/10\/Kaas-en-Wijn-voor-liggend.jpg",1995,680,false],"thumbnail":["https:\/\/www.dekaaskoning.nl\/wp-content\/uploads\/2023\/10\/Kaas-en-Wijn-voor-liggend-150x150.jpg",150,150,true],"medium":["https:\/\/www.dekaaskoning.nl\/wp-content\/uploads\/2023\/10\/Kaas-en-Wijn-voor-liggend-300x102.jpg",300,102,true],"medium_large":["https:\/\/www.dekaaskoning.nl\/wp-content\/uploads\/2023\/10\/Kaas-en-Wijn-voor-liggend-768x262.jpg",768,262,true],"large":["https:\/\/www.dekaaskoning.nl\/wp-content\/uploads\/2023\/10\/Kaas-en-Wijn-voor-liggend-1024x349.jpg",1024,349,true],"1536x1536":["https:\/\/www.dekaaskoning.nl\/wp-content\/uploads\/2023\/10\/Kaas-en-Wijn-voor-liggend-1536x524.jpg",1536,524,true],"2048x2048":["https:\/\/www.dekaaskoning.nl\/wp-content\/uploads\/2023\/10\/Kaas-en-Wijn-voor-liggend.jpg",1995,680,false],"smallvdsh":["https:\/\/www.dekaaskoning.nl\/wp-content\/uploads\/2023\/10\/Kaas-en-Wijn-voor-liggend-500x400.jpg",500,400,true],"smallxvdsh":["https:\/\/www.dekaaskoning.nl\/wp-content\/uploads\/2023\/10\/Kaas-en-Wijn-voor-liggend-250x85.jpg",250,85,true],"mediumvdsh":["https:\/\/www.dekaaskoning.nl\/wp-content\/uploads\/2023\/10\/Kaas-en-Wijn-voor-liggend-1100x400.jpg",1100,400,true],"bigvdsh":["https:\/\/www.dekaaskoning.nl\/wp-content\/uploads\/2023\/10\/Kaas-en-Wijn-voor-liggend-1995x400.jpg",1995,400,true],"contentlarge":["https:\/\/www.dekaaskoning.nl\/wp-content\/uploads\/2023\/10\/Kaas-en-Wijn-voor-liggend-900x307.jpg",900,307,true]},"uagb_author_info":{"display_name":"admin","author_link":"https:\/\/www.dekaaskoning.nl\/de\/author\/admin\/"},"uagb_comment_info":0,"uagb_excerpt":"K\u00e4se-Wein-Kombinationen Zubereitung K\u00e4se und Wein sind eine hervorragende Kombination, aber nicht jeder Wein passt zu jedem K\u00e4se und umgekehrt. Welchen Wein Sie w\u00e4hlen, h\u00e4ngt nat\u00fcrlich von Ihrem pers\u00f6nlichen Geschmack ab. Ein paar Tipps, um Ihnen die Entscheidung zu erleichtern:\u2022 Je h\u00e4rter und dunkler der K\u00e4se, desto voller und kr\u00e4ftiger der Wein.\u2022 Je wei\u00dfer und frischer&hellip;","_links":{"self":[{"href":"https:\/\/www.dekaaskoning.nl\/de\/wp-json\/wp\/v2\/pages\/3324","targetHints":{"allow":["GET"]}}],"collection":[{"href":"https:\/\/www.dekaaskoning.nl\/de\/wp-json\/wp\/v2\/pages"}],"about":[{"href":"https:\/\/www.dekaaskoning.nl\/de\/wp-json\/wp\/v2\/types\/page"}],"author":[{"embeddable":true,"href":"https:\/\/www.dekaaskoning.nl\/de\/wp-json\/wp\/v2\/users\/1"}],"replies":[{"embeddable":true,"href":"https:\/\/www.dekaaskoning.nl\/de\/wp-json\/wp\/v2\/comments?post=3324"}],"version-history":[{"count":1,"href":"https:\/\/www.dekaaskoning.nl\/de\/wp-json\/wp\/v2\/pages\/3324\/revisions"}],"predecessor-version":[{"id":3325,"href":"https:\/\/www.dekaaskoning.nl\/de\/wp-json\/wp\/v2\/pages\/3324\/revisions\/3325"}],"up":[{"embeddable":true,"href":"https:\/\/www.dekaaskoning.nl\/de\/wp-json\/wp\/v2\/pages\/3115"}],"wp:featuredmedia":[{"embeddable":true,"href":"https:\/\/www.dekaaskoning.nl\/de\/wp-json\/wp\/v2\/media\/1746"}],"wp:attachment":[{"href":"https:\/\/www.dekaaskoning.nl\/de\/wp-json\/wp\/v2\/media?parent=3324"}],"curies":[{"name":"wp","href":"https:\/\/api.w.org\/{rel}","templated":true}]}}