{"id":3318,"date":"2023-10-22T19:23:48","date_gmt":"2023-10-22T19:23:48","guid":{"rendered":"https:\/\/www.dekaaskoning.nl\/rezepte\/die-kaeseplatte\/"},"modified":"2023-12-03T20:52:19","modified_gmt":"2023-12-03T20:52:19","slug":"die-kaeseplatte","status":"publish","type":"page","link":"https:\/\/www.dekaaskoning.nl\/de\/rezepte\/die-kaeseplatte\/","title":{"rendered":"Die K\u00e4seplatte"},"content":{"rendered":"<!-- locatie widget -->\n<!-- locatie widget -->\n\n<!-- deze is vervangen voor balk-->\n\n<div class=\"headerimgbalk\"> \n<img decoding=\"async\" class=\"imgheader\" src=\"https:\/\/www.dekaaskoning.nl\/wp-content\/themes\/KaasKoning\/template-parts\/00-header-block\/header-image-wave.svg\"> \n\n<\/div>\n\n\n<!-- recepten zoekveld widget -->\n<!-- recepten zoekveld widget -->\n<!-- recepten overview zoekveld-->\n<!-- recepten overview zoekveld -->\n\n<!-- faq zoekveld -->\n<!-- faq zoekveld -->\n\n<div class=\"filler-header\"> <\/div>\n\n<style>\n::placeholder {\n  color: red;\n  opacity: 1; \/* Firefox *\/\n}\n\n::-ms-input-placeholder { \/* Edge 12-18 *\/\n  color: red;\n}\n<\/style>\n<div style=\"height:40px\" aria-hidden=\"true\" class=\"wp-block-spacer\"><\/div>\n\n<div class=\"wp-block-uagb-container uagb-block-a3128225 alignfull uagb-is-root-container\"><div class=\"uagb-container-inner-blocks-wrap\">\n<div class=\"wp-block-uagb-buttons uagb-buttons__outer-wrap uagb-btn__default-btn uagb-btn-tablet__default-btn uagb-btn-mobile__default-btn uagb-block-da1b4c00\"><div class=\"uagb-buttons__wrap uagb-buttons-layout-wrap\">\n<div class=\"wp-block-uagb-buttons-child uagb-buttons__outer-wrap uagb-block-259cd6ca wp-block-button\"><div class=\"uagb-button__wrapper\"><a class=\"uagb-buttons-repeater wp-block-button__link\" href=\"https:\/\/www.dekaaskoning.nl\/de\/rezepte\/\" onclick=\"return true;\" rel=\"follow noopener\" target=\"_self\"><div class=\"uagb-button__link\">Zur\u00fcck zu allen Rezepten<\/div><\/a><\/div><\/div>\n<\/div><\/div>\n<\/div><\/div>\n\n<h1 class=\"wp-block-heading has-text-align-center has-text-color\" style=\"color:#bd2322;font-size:55px\">Die K\u00e4seplatte<\/h1>\n\n<div class=\"wp-block-uagb-container uagb-block-39c613f5 alignfull uagb-is-root-container\"><div class=\"uagb-container-inner-blocks-wrap\">\n<div class=\"wp-block-uagb-container uagb-block-6d9ca190\">\n<h2 class=\"wp-block-heading has-text-align-center\">Zubereitung<\/h2>\n\n\n\n<p>Eine K\u00e4seplatte zum Abschluss eines festlichen Abendessens oder als Begleiter zu einem Gl\u00e4schen Alkohol ist oft ein ganz besonderer Genussmoment. Das gemeinsame Probieren und Kosten aus einer Vielfalt an Aromen bietet Gespr\u00e4chsstoff und rundet das gem\u00fctliche Beisammensein ab.<\/p>\n<\/div>\n\n\n\n<div class=\"wp-block-uagb-container uagb-block-93153664\">\n<div class=\"wp-block-uagb-container uagb-block-f7f734dd alignfull uagb-is-root-container\"><div class=\"uagb-container-inner-blocks-wrap\">\n<h2 class=\"wp-block-heading\">Zutaten <\/h2>\n\n\n\n<ul class=\"wp-block-list\">\n<li>Rechnen Sie mit etwa 150-200 g K\u00e4se pro Person.<\/li>\n\n\n\n<li>Beginnen Sie mit dem mildesten K\u00e4se und schlie\u00dfen Sie mit dem w\u00fcrzigsten K\u00e4se ab.<\/li>\n\n\n\n<li>Nehmen Sie den K\u00e4se mindestens eine Stunde vor Gebrauch aus dem K\u00fchlschrank.<\/li>\n\n\n\n<li>Verwenden Sie f\u00fcr die Pr\u00e4sentation eine K\u00e4seplatte aus Holz, sch\u00f6ne Servierteller oder Platten aus Glas oder Marmor.<\/li>\n\n\n\n<li>Garnieren Sie die Platte mit verschiedenen Brotsorten, Toast, Konfit\u00fcre, Trockenobst, frischen Kr\u00e4utern, N\u00fcssen und Mandeln.<\/li>\n<\/ul>\n<\/div><\/div>\n<\/div>\n<\/div><\/div>\n\n<div style=\"height:64px\" aria-hidden=\"true\" class=\"wp-block-spacer\"><\/div>\n\n<div class=\"wp-block-uagb-container uagb-block-90159688 alignfull uagb-is-root-container\"><div class=\"uagb-container-inner-blocks-wrap\">\n<div class=\"wp-block-getwid-images-slider has-arrows-outside has-dots-inside is-carousel has-slides-gap-normal has-images-center has-cropped-images has-fixed-height\"><div class=\"wp-block-getwid-images-slider__wrapper\" data-effect=\"slide\" data-slides-show=\"3\" data-slides-show-laptop=\"3\" data-slides-show-tablet=\"3\" data-slides-show-mobile=\"1\" data-slides-scroll=\"1\" data-autoplay=\"true\" data-autoplay-speed=\"6000\" data-infinite=\"true\" data-animation-speed=\"800\" data-center-mode=\"true\" data-variable-width=\"false\" data-arrows=\"outside\" data-dots=\"inside\" data-spacing=\"normal\"><div class=\"wp-block-getwid-images-slider__item\" style=\"height:300px\"><figure><img loading=\"lazy\" decoding=\"async\" width=\"300\" height=\"169\" src=\"https:\/\/www.dekaaskoning.nl\/wp-content\/uploads\/2023\/07\/background-header-300x169.jpg\" alt=\"\" data-id=\"575\" data-link=\"https:\/\/www.dekaaskoning.nl\/sample-page\/attachment\/background-header\/\" data-original-link=\"https:\/\/www.dekaaskoning.nl\/wp-content\/uploads\/2023\/07\/background-header.jpg\" class=\"wp-block-getwid-images-slider__image wp-image-575\" srcset=\"https:\/\/www.dekaaskoning.nl\/wp-content\/uploads\/2023\/07\/background-header-300x169.jpg 300w, https:\/\/www.dekaaskoning.nl\/wp-content\/uploads\/2023\/07\/background-header-1024x576.jpg 1024w, https:\/\/www.dekaaskoning.nl\/wp-content\/uploads\/2023\/07\/background-header-768x432.jpg 768w, https:\/\/www.dekaaskoning.nl\/wp-content\/uploads\/2023\/07\/background-header-1536x864.jpg 1536w, https:\/\/www.dekaaskoning.nl\/wp-content\/uploads\/2023\/07\/background-header-250x141.jpg 250w, https:\/\/www.dekaaskoning.nl\/wp-content\/uploads\/2023\/07\/background-header-900x506.jpg 900w, https:\/\/www.dekaaskoning.nl\/wp-content\/uploads\/2023\/07\/background-header.jpg 2000w\" sizes=\"auto, (max-width: 300px) 100vw, 300px\" \/><\/figure><\/div><div class=\"wp-block-getwid-images-slider__item\" style=\"height:300px\"><figure><img loading=\"lazy\" decoding=\"async\" width=\"300\" height=\"300\" src=\"https:\/\/www.dekaaskoning.nl\/wp-content\/uploads\/2023\/07\/foto9-300x300.png\" alt=\"\" data-id=\"568\" data-link=\"https:\/\/www.dekaaskoning.nl\/sample-page\/attachment\/foto9\/\" data-original-link=\"https:\/\/www.dekaaskoning.nl\/wp-content\/uploads\/2023\/07\/foto9.png\" class=\"wp-block-getwid-images-slider__image wp-image-568\" srcset=\"https:\/\/www.dekaaskoning.nl\/wp-content\/uploads\/2023\/07\/foto9-300x300.png 300w, https:\/\/www.dekaaskoning.nl\/wp-content\/uploads\/2023\/07\/foto9-150x150.png 150w, https:\/\/www.dekaaskoning.nl\/wp-content\/uploads\/2023\/07\/foto9-768x768.png 768w, https:\/\/www.dekaaskoning.nl\/wp-content\/uploads\/2023\/07\/foto9-250x250.png 250w, https:\/\/www.dekaaskoning.nl\/wp-content\/uploads\/2023\/07\/foto9-900x900.png 900w, https:\/\/www.dekaaskoning.nl\/wp-content\/uploads\/2023\/07\/foto9.png 1000w\" sizes=\"auto, (max-width: 300px) 100vw, 300px\" \/><\/figure><\/div><div class=\"wp-block-getwid-images-slider__item\" style=\"height:300px\"><figure><img loading=\"lazy\" decoding=\"async\" width=\"300\" height=\"300\" src=\"https:\/\/www.dekaaskoning.nl\/wp-content\/uploads\/2023\/07\/foto17-300x300.png\" alt=\"\" data-id=\"565\" data-link=\"https:\/\/www.dekaaskoning.nl\/sample-page\/attachment\/foto17\/\" data-original-link=\"https:\/\/www.dekaaskoning.nl\/wp-content\/uploads\/2023\/07\/foto17.png\" class=\"wp-block-getwid-images-slider__image wp-image-565\" srcset=\"https:\/\/www.dekaaskoning.nl\/wp-content\/uploads\/2023\/07\/foto17-300x300.png 300w, https:\/\/www.dekaaskoning.nl\/wp-content\/uploads\/2023\/07\/foto17-150x150.png 150w, https:\/\/www.dekaaskoning.nl\/wp-content\/uploads\/2023\/07\/foto17-768x768.png 768w, https:\/\/www.dekaaskoning.nl\/wp-content\/uploads\/2023\/07\/foto17-250x250.png 250w, https:\/\/www.dekaaskoning.nl\/wp-content\/uploads\/2023\/07\/foto17-900x900.png 900w, https:\/\/www.dekaaskoning.nl\/wp-content\/uploads\/2023\/07\/foto17.png 1000w\" sizes=\"auto, (max-width: 300px) 100vw, 300px\" \/><\/figure><\/div><div class=\"wp-block-getwid-images-slider__item\" style=\"height:300px\"><figure><img loading=\"lazy\" decoding=\"async\" width=\"300\" height=\"300\" src=\"https:\/\/www.dekaaskoning.nl\/wp-content\/uploads\/2023\/07\/foto13-300x300.png\" alt=\"\" data-id=\"562\" data-link=\"https:\/\/www.dekaaskoning.nl\/sample-page\/attachment\/foto13\/\" data-original-link=\"https:\/\/www.dekaaskoning.nl\/wp-content\/uploads\/2023\/07\/foto13.png\" class=\"wp-block-getwid-images-slider__image wp-image-562\" srcset=\"https:\/\/www.dekaaskoning.nl\/wp-content\/uploads\/2023\/07\/foto13-300x300.png 300w, https:\/\/www.dekaaskoning.nl\/wp-content\/uploads\/2023\/07\/foto13-150x150.png 150w, https:\/\/www.dekaaskoning.nl\/wp-content\/uploads\/2023\/07\/foto13-768x768.png 768w, https:\/\/www.dekaaskoning.nl\/wp-content\/uploads\/2023\/07\/foto13-250x250.png 250w, https:\/\/www.dekaaskoning.nl\/wp-content\/uploads\/2023\/07\/foto13-900x900.png 900w, https:\/\/www.dekaaskoning.nl\/wp-content\/uploads\/2023\/07\/foto13.png 1000w\" sizes=\"auto, (max-width: 300px) 100vw, 300px\" \/><\/figure><\/div><div class=\"wp-block-getwid-images-slider__item\" style=\"height:300px\"><figure><img loading=\"lazy\" decoding=\"async\" width=\"300\" height=\"300\" src=\"https:\/\/www.dekaaskoning.nl\/wp-content\/uploads\/2023\/07\/foto4-300x300.png\" alt=\"\" data-id=\"560\" data-link=\"https:\/\/www.dekaaskoning.nl\/sample-page\/attachment\/foto4\/\" data-original-link=\"https:\/\/www.dekaaskoning.nl\/wp-content\/uploads\/2023\/07\/foto4.png\" class=\"wp-block-getwid-images-slider__image wp-image-560\" srcset=\"https:\/\/www.dekaaskoning.nl\/wp-content\/uploads\/2023\/07\/foto4-300x300.png 300w, https:\/\/www.dekaaskoning.nl\/wp-content\/uploads\/2023\/07\/foto4-150x150.png 150w, https:\/\/www.dekaaskoning.nl\/wp-content\/uploads\/2023\/07\/foto4-768x768.png 768w, https:\/\/www.dekaaskoning.nl\/wp-content\/uploads\/2023\/07\/foto4-250x250.png 250w, https:\/\/www.dekaaskoning.nl\/wp-content\/uploads\/2023\/07\/foto4-900x900.png 900w, https:\/\/www.dekaaskoning.nl\/wp-content\/uploads\/2023\/07\/foto4.png 1000w\" sizes=\"auto, (max-width: 300px) 100vw, 300px\" \/><\/figure><\/div><div class=\"wp-block-getwid-images-slider__item\" style=\"height:300px\"><figure><img loading=\"lazy\" decoding=\"async\" width=\"300\" height=\"300\" src=\"https:\/\/www.dekaaskoning.nl\/wp-content\/uploads\/2023\/07\/foto5-300x300.png\" alt=\"\" data-id=\"558\" data-link=\"https:\/\/www.dekaaskoning.nl\/sample-page\/attachment\/foto5\/\" data-original-link=\"https:\/\/www.dekaaskoning.nl\/wp-content\/uploads\/2023\/07\/foto5.png\" class=\"wp-block-getwid-images-slider__image wp-image-558\" srcset=\"https:\/\/www.dekaaskoning.nl\/wp-content\/uploads\/2023\/07\/foto5-300x300.png 300w, https:\/\/www.dekaaskoning.nl\/wp-content\/uploads\/2023\/07\/foto5-150x150.png 150w, https:\/\/www.dekaaskoning.nl\/wp-content\/uploads\/2023\/07\/foto5-768x768.png 768w, https:\/\/www.dekaaskoning.nl\/wp-content\/uploads\/2023\/07\/foto5-250x250.png 250w, https:\/\/www.dekaaskoning.nl\/wp-content\/uploads\/2023\/07\/foto5-900x900.png 900w, https:\/\/www.dekaaskoning.nl\/wp-content\/uploads\/2023\/07\/foto5.png 1000w\" sizes=\"auto, (max-width: 300px) 100vw, 300px\" \/><\/figure><\/div><\/div><\/div>\n\n\n\n<div class=\"wp-block-uagb-container uagb-block-41a72c54 alignfull uagb-is-root-container\"><div class=\"uagb-container-inner-blocks-wrap\"><\/div><\/div>\n<\/div><\/div>\n\n<div style=\"height:64px\" aria-hidden=\"true\" class=\"wp-block-spacer\"><\/div>\n","protected":false},"excerpt":{"rendered":"<p>Die K\u00e4seplatte Zubereitung Eine K\u00e4seplatte zum Abschluss eines festlichen Abendessens oder als Begleiter zu einem Gl\u00e4schen Alkohol ist oft ein ganz besonderer Genussmoment. Das gemeinsame Probieren und Kosten aus einer Vielfalt an Aromen bietet Gespr\u00e4chsstoff und rundet das gem\u00fctliche Beisammensein ab. Zutaten<\/p>\n","protected":false},"author":1,"featured_media":1734,"parent":3115,"menu_order":0,"comment_status":"closed","ping_status":"open","template":"","meta":{"_acf_changed":false,"_uag_custom_page_level_css":"","footnotes":""},"class_list":["post-3318","page","type-page","status-publish","has-post-thumbnail","hentry"],"acf":[],"uagb_featured_image_src":{"full":["https:\/\/www.dekaaskoning.nl\/wp-content\/uploads\/2023\/10\/Kaasplank-Kaaskoning01.jpg",2000,680,false],"thumbnail":["https:\/\/www.dekaaskoning.nl\/wp-content\/uploads\/2023\/10\/Kaasplank-Kaaskoning01-150x150.jpg",150,150,true],"medium":["https:\/\/www.dekaaskoning.nl\/wp-content\/uploads\/2023\/10\/Kaasplank-Kaaskoning01-300x102.jpg",300,102,true],"medium_large":["https:\/\/www.dekaaskoning.nl\/wp-content\/uploads\/2023\/10\/Kaasplank-Kaaskoning01-768x261.jpg",768,261,true],"large":["https:\/\/www.dekaaskoning.nl\/wp-content\/uploads\/2023\/10\/Kaasplank-Kaaskoning01-1024x348.jpg",1024,348,true],"1536x1536":["https:\/\/www.dekaaskoning.nl\/wp-content\/uploads\/2023\/10\/Kaasplank-Kaaskoning01-1536x522.jpg",1536,522,true],"2048x2048":["https:\/\/www.dekaaskoning.nl\/wp-content\/uploads\/2023\/10\/Kaasplank-Kaaskoning01.jpg",2000,680,false],"smallvdsh":["https:\/\/www.dekaaskoning.nl\/wp-content\/uploads\/2023\/10\/Kaasplank-Kaaskoning01-500x400.jpg",500,400,true],"smallxvdsh":["https:\/\/www.dekaaskoning.nl\/wp-content\/uploads\/2023\/10\/Kaasplank-Kaaskoning01-250x85.jpg",250,85,true],"mediumvdsh":["https:\/\/www.dekaaskoning.nl\/wp-content\/uploads\/2023\/10\/Kaasplank-Kaaskoning01-1100x400.jpg",1100,400,true],"bigvdsh":["https:\/\/www.dekaaskoning.nl\/wp-content\/uploads\/2023\/10\/Kaasplank-Kaaskoning01-2000x400.jpg",2000,400,true],"contentlarge":["https:\/\/www.dekaaskoning.nl\/wp-content\/uploads\/2023\/10\/Kaasplank-Kaaskoning01-900x306.jpg",900,306,true]},"uagb_author_info":{"display_name":"admin","author_link":"https:\/\/www.dekaaskoning.nl\/de\/author\/admin\/"},"uagb_comment_info":0,"uagb_excerpt":"Die K\u00e4seplatte Zubereitung Eine K\u00e4seplatte zum Abschluss eines festlichen Abendessens oder als Begleiter zu einem Gl\u00e4schen Alkohol ist oft ein ganz besonderer Genussmoment. Das gemeinsame Probieren und Kosten aus einer Vielfalt an Aromen bietet Gespr\u00e4chsstoff und rundet das gem\u00fctliche Beisammensein ab. Zutaten","_links":{"self":[{"href":"https:\/\/www.dekaaskoning.nl\/de\/wp-json\/wp\/v2\/pages\/3318","targetHints":{"allow":["GET"]}}],"collection":[{"href":"https:\/\/www.dekaaskoning.nl\/de\/wp-json\/wp\/v2\/pages"}],"about":[{"href":"https:\/\/www.dekaaskoning.nl\/de\/wp-json\/wp\/v2\/types\/page"}],"author":[{"embeddable":true,"href":"https:\/\/www.dekaaskoning.nl\/de\/wp-json\/wp\/v2\/users\/1"}],"replies":[{"embeddable":true,"href":"https:\/\/www.dekaaskoning.nl\/de\/wp-json\/wp\/v2\/comments?post=3318"}],"version-history":[{"count":1,"href":"https:\/\/www.dekaaskoning.nl\/de\/wp-json\/wp\/v2\/pages\/3318\/revisions"}],"predecessor-version":[{"id":3319,"href":"https:\/\/www.dekaaskoning.nl\/de\/wp-json\/wp\/v2\/pages\/3318\/revisions\/3319"}],"up":[{"embeddable":true,"href":"https:\/\/www.dekaaskoning.nl\/de\/wp-json\/wp\/v2\/pages\/3115"}],"wp:featuredmedia":[{"embeddable":true,"href":"https:\/\/www.dekaaskoning.nl\/de\/wp-json\/wp\/v2\/media\/1734"}],"wp:attachment":[{"href":"https:\/\/www.dekaaskoning.nl\/de\/wp-json\/wp\/v2\/media?parent=3318"}],"curies":[{"name":"wp","href":"https:\/\/api.w.org\/{rel}","templated":true}]}}