{"id":3302,"date":"2023-10-22T19:03:15","date_gmt":"2023-10-22T19:03:15","guid":{"rendered":"https:\/\/www.dekaaskoning.nl\/rezepte\/ziegenkaesefondue\/"},"modified":"2023-12-03T19:55:03","modified_gmt":"2023-12-03T19:55:03","slug":"ziegenkaesefondue","status":"publish","type":"page","link":"https:\/\/www.dekaaskoning.nl\/de\/rezepte\/ziegenkaesefondue\/","title":{"rendered":"Ziegenk\u00e4sefondue"},"content":{"rendered":"<!-- locatie widget -->\n<!-- locatie widget -->\n\n<!-- deze is vervangen voor balk-->\n\n<div class=\"headerimgbalk\"> \n<img decoding=\"async\" class=\"imgheader\" src=\"https:\/\/www.dekaaskoning.nl\/wp-content\/themes\/KaasKoning\/template-parts\/00-header-block\/header-image-wave.svg\"> \n\n<\/div>\n\n\n<!-- recepten zoekveld widget -->\n<!-- recepten zoekveld widget -->\n<!-- recepten overview zoekveld-->\n<!-- recepten overview zoekveld -->\n\n<!-- faq zoekveld -->\n<!-- faq zoekveld -->\n\n<div class=\"filler-header\"> <\/div>\n\n<style>\n::placeholder {\n  color: red;\n  opacity: 1; \/* Firefox *\/\n}\n\n::-ms-input-placeholder { \/* Edge 12-18 *\/\n  color: red;\n}\n<\/style>\n<div style=\"height:40px\" aria-hidden=\"true\" class=\"wp-block-spacer\"><\/div>\n\n<div class=\"wp-block-uagb-container uagb-block-a3128225 alignfull uagb-is-root-container\"><div class=\"uagb-container-inner-blocks-wrap\">\n<div class=\"wp-block-uagb-buttons uagb-buttons__outer-wrap uagb-btn__default-btn uagb-btn-tablet__default-btn uagb-btn-mobile__default-btn uagb-block-da1b4c00\"><div class=\"uagb-buttons__wrap uagb-buttons-layout-wrap\">\n<div class=\"wp-block-uagb-buttons-child uagb-buttons__outer-wrap uagb-block-259cd6ca wp-block-button\"><div class=\"uagb-button__wrapper\"><a class=\"uagb-buttons-repeater wp-block-button__link\" href=\"https:\/\/www.dekaaskoning.nl\/de\/rezepte\/\" onclick=\"return true;\" rel=\"follow noopener\" target=\"_self\"><div class=\"uagb-button__link\">Zur\u00fcck zu allen Rezepten<\/div><\/a><\/div><\/div>\n<\/div><\/div>\n<\/div><\/div>\n\n<h1 class=\"wp-block-heading has-text-align-center has-text-color\" style=\"color:#bd2322;font-size:55px\">Ziegenk\u00e4sefondue<\/h1>\n\n<div class=\"wp-block-uagb-container uagb-block-39c613f5 alignfull uagb-is-root-container\"><div class=\"uagb-container-inner-blocks-wrap\">\n<div class=\"wp-block-uagb-container uagb-block-6d9ca190\">\n<h2 class=\"wp-block-heading has-text-align-center\">Zubereitung<\/h2>\n\n\n\n<p>Den Ziegenk\u00e4se raspeln. In einem Fonduetopf den Wein, Portwein und Honig aufkochen lassen. Die Hitze reduzieren und den Ziegenk\u00e4se nach und nach mit einem Holzl\u00f6ffel durch den warmen Wein r\u00fchren, bis der gesamte K\u00e4se geschmolzen ist. Anschlie\u00dfend die Sahne durchr\u00fchren. Maizena in 2 EL Wasser l\u00f6sen und zum K\u00e4sefondue hinzugeben. Noch ca. 3 Minuten bei geringer Hitze kochen lassen, bis das Fondue gebunden ist. Mit Pfeffer und Salz abschmecken.<\/p>\n\n\n\n<p>TIPP: Einen Teil des Ziegenk\u00e4se Pikant durch Ziegenk\u00e4se mit Kr\u00e4utern ersetzen.<\/p>\n<\/div>\n\n\n\n<div class=\"wp-block-uagb-container uagb-block-93153664\">\n<div class=\"wp-block-uagb-container uagb-block-f7f734dd alignfull uagb-is-root-container\"><div class=\"uagb-container-inner-blocks-wrap\">\n<h2 class=\"wp-block-heading\">Zutaten f\u00fcr 4 Personen:<\/h2>\n\n\n\n<ul class=\"wp-block-list\">\n<li>800 g Ziegenk\u00e4se pikant<\/li>\n\n\n\n<li>400 ml trockener Wei\u00dfwein<\/li>\n\n\n\n<li>100 ml wei\u00dfer Portwein<\/li>\n\n\n\n<li>2 EL Honig<\/li>\n\n\n\n<li>100 ml (frische) Sahne<\/li>\n\n\n\n<li>2 EL Maizena<\/li>\n\n\n\n<li>Pfeffer und Salz<\/li>\n<\/ul>\n<\/div><\/div>\n<\/div>\n<\/div><\/div>\n\n<div style=\"height:64px\" aria-hidden=\"true\" class=\"wp-block-spacer\"><\/div>\n\n<h2 class=\"wp-block-heading has-text-align-center has-text-color\" style=\"color:#bd2322;font-size:38px\">Wir haben diesen K\u00e4se verwendet:<\/h2>\n<div class=\"wp-block-image\">\n<figure class=\"aligncenter size-full\"><a href=\"https:\/\/www.dekaaskoning.nl\/de\/kaese\/ziegenkaese-pikant\/\"><img loading=\"lazy\" decoding=\"async\" width=\"504\" height=\"294\" src=\"https:\/\/www.dekaaskoning.nl\/wp-content\/uploads\/2023\/10\/KK-Geitenkaas-Gerijpt-1.jpg\" alt=\"\" class=\"wp-image-1586\" srcset=\"https:\/\/www.dekaaskoning.nl\/wp-content\/uploads\/2023\/10\/KK-Geitenkaas-Gerijpt-1.jpg 504w, https:\/\/www.dekaaskoning.nl\/wp-content\/uploads\/2023\/10\/KK-Geitenkaas-Gerijpt-1-300x175.jpg 300w, https:\/\/www.dekaaskoning.nl\/wp-content\/uploads\/2023\/10\/KK-Geitenkaas-Gerijpt-1-250x146.jpg 250w\" sizes=\"auto, (max-width: 504px) 100vw, 504px\" \/><\/a><\/figure>\n<\/div>\n<h3 class=\"wp-block-heading has-text-align-center has-text-color\" style=\"color:#bd2322;font-size:27px\"><em>Ziegenk\u00e4se Pikant<\/em><\/h3>\n\n<div style=\"height:64px\" aria-hidden=\"true\" class=\"wp-block-spacer\"><\/div>\n","protected":false},"excerpt":{"rendered":"<p>Ziegenk\u00e4sefondue Zubereitung Den Ziegenk\u00e4se raspeln. In einem Fonduetopf den Wein, Portwein und Honig aufkochen lassen. Die Hitze reduzieren und den Ziegenk\u00e4se nach und nach mit einem Holzl\u00f6ffel durch den warmen Wein r\u00fchren, bis der gesamte K\u00e4se geschmolzen ist. Anschlie\u00dfend die Sahne durchr\u00fchren. Maizena in 2 EL Wasser l\u00f6sen und zum K\u00e4sefondue hinzugeben. Noch ca. 3 [&hellip;]<\/p>\n","protected":false},"author":1,"featured_media":1706,"parent":3115,"menu_order":0,"comment_status":"closed","ping_status":"open","template":"","meta":{"_uag_custom_page_level_css":"","footnotes":""},"class_list":["post-3302","page","type-page","status-publish","has-post-thumbnail","hentry"],"acf":[],"uagb_featured_image_src":{"full":["https:\/\/www.dekaaskoning.nl\/wp-content\/uploads\/2023\/10\/Kaaskoning-Geitenkaasfondue.jpg",2000,680,false],"thumbnail":["https:\/\/www.dekaaskoning.nl\/wp-content\/uploads\/2023\/10\/Kaaskoning-Geitenkaasfondue-150x150.jpg",150,150,true],"medium":["https:\/\/www.dekaaskoning.nl\/wp-content\/uploads\/2023\/10\/Kaaskoning-Geitenkaasfondue-300x102.jpg",300,102,true],"medium_large":["https:\/\/www.dekaaskoning.nl\/wp-content\/uploads\/2023\/10\/Kaaskoning-Geitenkaasfondue-768x261.jpg",768,261,true],"large":["https:\/\/www.dekaaskoning.nl\/wp-content\/uploads\/2023\/10\/Kaaskoning-Geitenkaasfondue-1024x348.jpg",1024,348,true],"1536x1536":["https:\/\/www.dekaaskoning.nl\/wp-content\/uploads\/2023\/10\/Kaaskoning-Geitenkaasfondue-1536x522.jpg",1536,522,true],"2048x2048":["https:\/\/www.dekaaskoning.nl\/wp-content\/uploads\/2023\/10\/Kaaskoning-Geitenkaasfondue.jpg",2000,680,false],"smallvdsh":["https:\/\/www.dekaaskoning.nl\/wp-content\/uploads\/2023\/10\/Kaaskoning-Geitenkaasfondue-500x400.jpg",500,400,true],"smallxvdsh":["https:\/\/www.dekaaskoning.nl\/wp-content\/uploads\/2023\/10\/Kaaskoning-Geitenkaasfondue-250x85.jpg",250,85,true],"mediumvdsh":["https:\/\/www.dekaaskoning.nl\/wp-content\/uploads\/2023\/10\/Kaaskoning-Geitenkaasfondue-1100x400.jpg",1100,400,true],"bigvdsh":["https:\/\/www.dekaaskoning.nl\/wp-content\/uploads\/2023\/10\/Kaaskoning-Geitenkaasfondue-2000x400.jpg",2000,400,true],"contentlarge":["https:\/\/www.dekaaskoning.nl\/wp-content\/uploads\/2023\/10\/Kaaskoning-Geitenkaasfondue-900x306.jpg",900,306,true]},"uagb_author_info":{"display_name":"admin","author_link":"https:\/\/www.dekaaskoning.nl\/de\/author\/admin\/"},"uagb_comment_info":0,"uagb_excerpt":"Ziegenk\u00e4sefondue Zubereitung Den Ziegenk\u00e4se raspeln. In einem Fonduetopf den Wein, Portwein und Honig aufkochen lassen. Die Hitze reduzieren und den Ziegenk\u00e4se nach und nach mit einem Holzl\u00f6ffel durch den warmen Wein r\u00fchren, bis der gesamte K\u00e4se geschmolzen ist. Anschlie\u00dfend die Sahne durchr\u00fchren. Maizena in 2 EL Wasser l\u00f6sen und zum K\u00e4sefondue hinzugeben. Noch ca. 3&hellip;","_links":{"self":[{"href":"https:\/\/www.dekaaskoning.nl\/de\/wp-json\/wp\/v2\/pages\/3302","targetHints":{"allow":["GET"]}}],"collection":[{"href":"https:\/\/www.dekaaskoning.nl\/de\/wp-json\/wp\/v2\/pages"}],"about":[{"href":"https:\/\/www.dekaaskoning.nl\/de\/wp-json\/wp\/v2\/types\/page"}],"author":[{"embeddable":true,"href":"https:\/\/www.dekaaskoning.nl\/de\/wp-json\/wp\/v2\/users\/1"}],"replies":[{"embeddable":true,"href":"https:\/\/www.dekaaskoning.nl\/de\/wp-json\/wp\/v2\/comments?post=3302"}],"version-history":[{"count":2,"href":"https:\/\/www.dekaaskoning.nl\/de\/wp-json\/wp\/v2\/pages\/3302\/revisions"}],"predecessor-version":[{"id":3305,"href":"https:\/\/www.dekaaskoning.nl\/de\/wp-json\/wp\/v2\/pages\/3302\/revisions\/3305"}],"up":[{"embeddable":true,"href":"https:\/\/www.dekaaskoning.nl\/de\/wp-json\/wp\/v2\/pages\/3115"}],"wp:featuredmedia":[{"embeddable":true,"href":"https:\/\/www.dekaaskoning.nl\/de\/wp-json\/wp\/v2\/media\/1706"}],"wp:attachment":[{"href":"https:\/\/www.dekaaskoning.nl\/de\/wp-json\/wp\/v2\/media?parent=3302"}],"curies":[{"name":"wp","href":"https:\/\/api.w.org\/{rel}","templated":true}]}}