{"id":3296,"date":"2023-10-22T18:52:43","date_gmt":"2023-10-22T18:52:43","guid":{"rendered":"https:\/\/www.dekaaskoning.nl\/rezepte\/graskaese-eintopf\/"},"modified":"2023-12-03T19:35:29","modified_gmt":"2023-12-03T19:35:29","slug":"graskaese-eintopf","status":"publish","type":"page","link":"https:\/\/www.dekaaskoning.nl\/de\/rezepte\/graskaese-eintopf\/","title":{"rendered":"Grask\u00e4se-Eintopf"},"content":{"rendered":"<!-- locatie widget -->\n<!-- locatie widget -->\n\n<!-- deze is vervangen voor balk-->\n\n<div class=\"headerimgbalk\"> \n<img decoding=\"async\" class=\"imgheader\" src=\"https:\/\/www.dekaaskoning.nl\/wp-content\/themes\/KaasKoning\/template-parts\/00-header-block\/header-image-wave.svg\"> \n\n<\/div>\n\n\n<!-- recepten zoekveld widget -->\n<!-- recepten zoekveld widget -->\n<!-- recepten overview zoekveld-->\n<!-- recepten overview zoekveld -->\n\n<!-- faq zoekveld -->\n<!-- faq zoekveld -->\n\n<div class=\"filler-header\"> <\/div>\n\n<style>\n::placeholder {\n  color: red;\n  opacity: 1; \/* Firefox *\/\n}\n\n::-ms-input-placeholder { \/* Edge 12-18 *\/\n  color: red;\n}\n<\/style>\n<div style=\"height:40px\" aria-hidden=\"true\" class=\"wp-block-spacer\"><\/div>\n\n<div class=\"wp-block-uagb-container uagb-block-a3128225 alignfull uagb-is-root-container\"><div class=\"uagb-container-inner-blocks-wrap\">\n<div class=\"wp-block-uagb-buttons uagb-buttons__outer-wrap uagb-btn__default-btn uagb-btn-tablet__default-btn uagb-btn-mobile__default-btn uagb-block-da1b4c00\"><div class=\"uagb-buttons__wrap uagb-buttons-layout-wrap\">\n<div class=\"wp-block-uagb-buttons-child uagb-buttons__outer-wrap uagb-block-259cd6ca wp-block-button\"><div class=\"uagb-button__wrapper\"><a class=\"uagb-buttons-repeater wp-block-button__link\" href=\"https:\/\/www.dekaaskoning.nl\/de\/rezepte\/\" onclick=\"return true;\" rel=\"follow noopener\" target=\"_self\"><div class=\"uagb-button__link\">Zur\u00fcck zu allen Rezepten<\/div><\/a><\/div><\/div>\n<\/div><\/div>\n<\/div><\/div>\n\n<h1 class=\"wp-block-heading has-text-align-center has-text-color\" style=\"color:#bd2322;font-size:55px\">Grask\u00e4se-Eintopf<\/h1>\n\n<div class=\"wp-block-uagb-container uagb-block-39c613f5 alignfull uagb-is-root-container\"><div class=\"uagb-container-inner-blocks-wrap\">\n<div class=\"wp-block-uagb-container uagb-block-6d9ca190\">\n<h2 class=\"wp-block-heading has-text-align-center\">Zubereitung<\/h2>\n\n\n\n<p>Heizen Sie den Ofen auf 200 \u00b0C vor. Schneiden Sie den Grask\u00e4se in kleine W\u00fcrfel und reiben Sie den Alten K\u00e4se. Schneiden Sie den Spinat in Streifen. Sch\u00e4len Sie die Kartoffeln und kochen Sie sie ca. 20 Minuten in wenig Wasser mit Salz. Abgie\u00dfen. Stampfen Sie die Kartoffeln mit einem Schuss Milch, etwas Butter, Pfeffer und Muskatnuss zu einem P\u00fcree. R\u00fchren Sie den Spinat durch das P\u00fcree. Geben Sie die Schinkenstreifen und die Grask\u00e4se-W\u00fcrfel hinzu. Sch\u00f6pfen Sie den Brei in eine eingefettete Auflaufform. Vermischen Sie den geriebenen Alten K\u00e4se mit dem Paniermehl. Streuen Sie dies \u00fcber das Gericht. Verteilen Sie einige kleine Butterfl\u00f6ckchen dar\u00fcber. Stellen Sie die Form ca. 15 Minuten in den Ofen, bis der Eintopf eine braune Kruste hat.<\/p>\n<\/div>\n\n\n\n<div class=\"wp-block-uagb-container uagb-block-93153664\">\n<div class=\"wp-block-uagb-container uagb-block-f7f734dd alignfull uagb-is-root-container\"><div class=\"uagb-container-inner-blocks-wrap\">\n<h2 class=\"wp-block-heading\">Zutaten f\u00fcr 4 Personen:<\/h2>\n\n\n\n<ul class=\"wp-block-list\">\n<li>250 g KaasKoning Grask\u00e4se<\/li>\n\n\n\n<li>150 g KaasKoning Ein Jahr Alter Gouda<\/li>\n\n\n\n<li>1\u00bd kg mehlige Kartoffeln<\/li>\n\n\n\n<li>600 g frischer Spinat<\/li>\n\n\n\n<li>200 g Schinkenstreifen<\/li>\n\n\n\n<li>2 EL Paniermehl<\/li>\n\n\n\n<li>50 g Butter<\/li>\n\n\n\n<li>Milch<\/li>\n\n\n\n<li>Muskatnuss<\/li>\n\n\n\n<li>Frisch gemahlenes Salz und Pfeffer<\/li>\n<\/ul>\n<\/div><\/div>\n<\/div>\n<\/div><\/div>\n\n<div style=\"height:64px\" aria-hidden=\"true\" class=\"wp-block-spacer\"><\/div>\n\n<h2 class=\"wp-block-heading has-text-align-center has-text-color\" style=\"color:#bd2322;font-size:38px\">Wir haben diesen K\u00e4se verwendet:<\/h2>\n<div class=\"wp-block-image\">\n<figure class=\"aligncenter size-full\"><a href=\"https:\/\/www.dekaaskoning.nl\/de\/kaese\/graskaese\/\"><img loading=\"lazy\" decoding=\"async\" width=\"504\" height=\"294\" src=\"https:\/\/www.dekaaskoning.nl\/wp-content\/uploads\/2023\/10\/KK-Graskaas_vrijstaand-1.jpg\" alt=\"\" class=\"wp-image-1564\" srcset=\"https:\/\/www.dekaaskoning.nl\/wp-content\/uploads\/2023\/10\/KK-Graskaas_vrijstaand-1.jpg 504w, https:\/\/www.dekaaskoning.nl\/wp-content\/uploads\/2023\/10\/KK-Graskaas_vrijstaand-1-300x175.jpg 300w, https:\/\/www.dekaaskoning.nl\/wp-content\/uploads\/2023\/10\/KK-Graskaas_vrijstaand-1-250x146.jpg 250w\" sizes=\"auto, (max-width: 504px) 100vw, 504px\" \/><\/a><\/figure>\n<\/div>\n<h3 class=\"wp-block-heading has-text-align-center has-text-color\" style=\"color:#bd2322;font-size:27px\"><em>Graskaas<\/em><\/h3>\n\n<div style=\"height:64px\" aria-hidden=\"true\" class=\"wp-block-spacer\"><\/div>\n","protected":false},"excerpt":{"rendered":"<p>Grask\u00e4se-Eintopf Zubereitung Heizen Sie den Ofen auf 200 \u00b0C vor. Schneiden Sie den Grask\u00e4se in kleine W\u00fcrfel und reiben Sie den Alten K\u00e4se. Schneiden Sie den Spinat in Streifen. Sch\u00e4len Sie die Kartoffeln und kochen Sie sie ca. 20 Minuten in wenig Wasser mit Salz. Abgie\u00dfen. Stampfen Sie die Kartoffeln mit einem Schuss Milch, etwas [&hellip;]<\/p>\n","protected":false},"author":1,"featured_media":1686,"parent":3115,"menu_order":0,"comment_status":"closed","ping_status":"open","template":"","meta":{"_uag_custom_page_level_css":"","footnotes":""},"class_list":["post-3296","page","type-page","status-publish","has-post-thumbnail","hentry"],"acf":[],"uagb_featured_image_src":{"full":["https:\/\/www.dekaaskoning.nl\/wp-content\/uploads\/2023\/10\/stamppot.jpg",2000,680,false],"thumbnail":["https:\/\/www.dekaaskoning.nl\/wp-content\/uploads\/2023\/10\/stamppot-150x150.jpg",150,150,true],"medium":["https:\/\/www.dekaaskoning.nl\/wp-content\/uploads\/2023\/10\/stamppot-300x102.jpg",300,102,true],"medium_large":["https:\/\/www.dekaaskoning.nl\/wp-content\/uploads\/2023\/10\/stamppot-768x261.jpg",768,261,true],"large":["https:\/\/www.dekaaskoning.nl\/wp-content\/uploads\/2023\/10\/stamppot-1024x348.jpg",1024,348,true],"1536x1536":["https:\/\/www.dekaaskoning.nl\/wp-content\/uploads\/2023\/10\/stamppot-1536x522.jpg",1536,522,true],"2048x2048":["https:\/\/www.dekaaskoning.nl\/wp-content\/uploads\/2023\/10\/stamppot.jpg",2000,680,false],"smallvdsh":["https:\/\/www.dekaaskoning.nl\/wp-content\/uploads\/2023\/10\/stamppot-500x400.jpg",500,400,true],"smallxvdsh":["https:\/\/www.dekaaskoning.nl\/wp-content\/uploads\/2023\/10\/stamppot-250x85.jpg",250,85,true],"mediumvdsh":["https:\/\/www.dekaaskoning.nl\/wp-content\/uploads\/2023\/10\/stamppot-1100x400.jpg",1100,400,true],"bigvdsh":["https:\/\/www.dekaaskoning.nl\/wp-content\/uploads\/2023\/10\/stamppot-2000x400.jpg",2000,400,true],"contentlarge":["https:\/\/www.dekaaskoning.nl\/wp-content\/uploads\/2023\/10\/stamppot-900x306.jpg",900,306,true]},"uagb_author_info":{"display_name":"admin","author_link":"https:\/\/www.dekaaskoning.nl\/de\/author\/admin\/"},"uagb_comment_info":0,"uagb_excerpt":"Grask\u00e4se-Eintopf Zubereitung Heizen Sie den Ofen auf 200 \u00b0C vor. Schneiden Sie den Grask\u00e4se in kleine W\u00fcrfel und reiben Sie den Alten K\u00e4se. Schneiden Sie den Spinat in Streifen. Sch\u00e4len Sie die Kartoffeln und kochen Sie sie ca. 20 Minuten in wenig Wasser mit Salz. Abgie\u00dfen. Stampfen Sie die Kartoffeln mit einem Schuss Milch, etwas&hellip;","_links":{"self":[{"href":"https:\/\/www.dekaaskoning.nl\/de\/wp-json\/wp\/v2\/pages\/3296","targetHints":{"allow":["GET"]}}],"collection":[{"href":"https:\/\/www.dekaaskoning.nl\/de\/wp-json\/wp\/v2\/pages"}],"about":[{"href":"https:\/\/www.dekaaskoning.nl\/de\/wp-json\/wp\/v2\/types\/page"}],"author":[{"embeddable":true,"href":"https:\/\/www.dekaaskoning.nl\/de\/wp-json\/wp\/v2\/users\/1"}],"replies":[{"embeddable":true,"href":"https:\/\/www.dekaaskoning.nl\/de\/wp-json\/wp\/v2\/comments?post=3296"}],"version-history":[{"count":1,"href":"https:\/\/www.dekaaskoning.nl\/de\/wp-json\/wp\/v2\/pages\/3296\/revisions"}],"predecessor-version":[{"id":3297,"href":"https:\/\/www.dekaaskoning.nl\/de\/wp-json\/wp\/v2\/pages\/3296\/revisions\/3297"}],"up":[{"embeddable":true,"href":"https:\/\/www.dekaaskoning.nl\/de\/wp-json\/wp\/v2\/pages\/3115"}],"wp:featuredmedia":[{"embeddable":true,"href":"https:\/\/www.dekaaskoning.nl\/de\/wp-json\/wp\/v2\/media\/1686"}],"wp:attachment":[{"href":"https:\/\/www.dekaaskoning.nl\/de\/wp-json\/wp\/v2\/media?parent=3296"}],"curies":[{"name":"wp","href":"https:\/\/api.w.org\/{rel}","templated":true}]}}