{"id":3289,"date":"2023-10-22T18:42:23","date_gmt":"2023-10-22T18:42:23","guid":{"rendered":"https:\/\/www.dekaaskoning.nl\/rezepte\/kaesekartoffeln-aus-dem-ofen\/"},"modified":"2023-12-03T18:59:58","modified_gmt":"2023-12-03T18:59:58","slug":"kaesekartoffeln-aus-dem-ofen","status":"publish","type":"page","link":"https:\/\/www.dekaaskoning.nl\/de\/rezepte\/kaesekartoffeln-aus-dem-ofen\/","title":{"rendered":"K\u00e4sekartoffeln aus dem Ofen"},"content":{"rendered":"<!-- locatie widget -->\n<!-- locatie widget -->\n\n<!-- deze is vervangen voor balk-->\n\n<div class=\"headerimgbalk\"> \n<img decoding=\"async\" class=\"imgheader\" src=\"https:\/\/www.dekaaskoning.nl\/wp-content\/themes\/KaasKoning\/template-parts\/00-header-block\/header-image-wave.svg\"> \n\n<\/div>\n\n\n<!-- recepten zoekveld widget -->\n<!-- recepten zoekveld widget -->\n<!-- recepten overview zoekveld-->\n<!-- recepten overview zoekveld -->\n\n<!-- faq zoekveld -->\n<!-- faq zoekveld -->\n\n<div class=\"filler-header\"> <\/div>\n\n<style>\n::placeholder {\n  color: red;\n  opacity: 1; \/* Firefox *\/\n}\n\n::-ms-input-placeholder { \/* Edge 12-18 *\/\n  color: red;\n}\n<\/style>\n\n\n<div style=\"height:40px\" aria-hidden=\"true\" class=\"wp-block-spacer\"><\/div>\n\n\n\n<div class=\"wp-block-uagb-container uagb-block-a3128225 alignfull uagb-is-root-container\"><div class=\"uagb-container-inner-blocks-wrap\">\n<div class=\"wp-block-uagb-buttons uagb-buttons__outer-wrap uagb-btn__default-btn uagb-btn-tablet__default-btn uagb-btn-mobile__default-btn uagb-block-da1b4c00\"><div class=\"uagb-buttons__wrap uagb-buttons-layout-wrap\">\n<div class=\"wp-block-uagb-buttons-child uagb-buttons__outer-wrap uagb-block-259cd6ca wp-block-button\"><div class=\"uagb-button__wrapper\"><a class=\"uagb-buttons-repeater wp-block-button__link\" href=\"https:\/\/www.dekaaskoning.nl\/de\/rezepte\/\" onclick=\"return true;\" rel=\"follow noopener\" target=\"_self\"><div class=\"uagb-button__link\">Zur\u00fcck zu allen Rezepten<\/div><\/a><\/div><\/div>\n<\/div><\/div>\n<\/div><\/div>\n\n\n\n<h1 class=\"wp-block-heading has-text-align-center has-text-color\" style=\"color:#bd2322;font-size:55px\">K\u00e4sekartoffeln aus dem Ofen<\/h1>\n\n\n\n<div class=\"wp-block-uagb-container uagb-block-39c613f5 alignfull uagb-is-root-container\"><div class=\"uagb-container-inner-blocks-wrap\">\n<div class=\"wp-block-uagb-container uagb-block-6d9ca190\">\n<h2 class=\"wp-block-heading has-text-align-center\">Zubereitung<\/h2>\n\n\n\n<p>Kartoffeln sch\u00e4len und ca. 20 Minuten lang in leicht gesalzenem Wasser kochen. Backofen auf 220 \u00b0C vorheizen. Den K\u00e4se reiben. Eine feuerfeste Form mit einer halbierten Knoblauchzehe einreiben und mit etwas Butter einfetten. Etwas Salz und Pfeffer sowie Senf ins Joghurt r\u00fchren. Gekochte Kartoffeln in Scheiben schneiden und damit den Boden der Form auslegen. Mit Salz, Pfeffer, Muskatnuss und etwas K\u00e4se bestreuen. Darauf wieder eine Schicht Kartoffelscheiben legen und wieder mit Gew\u00fcrzen und K\u00e4se bestreuen. Wiederholen, bis alle Kartoffeln in der Form sind. Mit der Joghurtmischung und nach Geschmack mit einigen Butterfl\u00f6ckchen bedecken. Form in der Mitte in den Backofen schieben und in ungef\u00e4hr 20 Minuten goldbraun backen.<\/p>\n<\/div>\n\n\n\n<div class=\"wp-block-uagb-container uagb-block-93153664\">\n<div class=\"wp-block-uagb-container uagb-block-f7f734dd alignfull uagb-is-root-container\"><div class=\"uagb-container-inner-blocks-wrap\">\n<h2 class=\"wp-block-heading\">Zutaten f\u00fcr 4 Personen:<\/h2>\n\n\n\n<ul class=\"wp-block-list\">\n<li>200 Gramm mittelreifer Bauernk\u00e4se<\/li>\n\n\n\n<li>1 Kilo festkochende<\/li>\n\n\n\n<li>250 ml Joghurt<\/li>\n\n\n\n<li>1 Knoblauchzehe<\/li>\n\n\n\n<li>Butter<\/li>\n\n\n\n<li>2 TL scharfer Senf<\/li>\n\n\n\n<li>Muskatnuss<\/li>\n\n\n\n<li>Salz und Pfeffer (frisch gemahlen)<\/li>\n\n\n\n<li>Feuerfeste Form<\/li>\n<\/ul>\n<\/div><\/div>\n<\/div>\n<\/div><\/div>\n\n\n\n<div style=\"height:64px\" aria-hidden=\"true\" class=\"wp-block-spacer\"><\/div>\n","protected":false},"excerpt":{"rendered":"<p>K\u00e4sekartoffeln aus dem Ofen Zubereitung Kartoffeln sch\u00e4len und ca. 20 Minuten lang in leicht gesalzenem Wasser kochen. Backofen auf 220 \u00b0C vorheizen. Den K\u00e4se reiben. Eine feuerfeste Form mit einer halbierten Knoblauchzehe einreiben und mit etwas Butter einfetten. Etwas Salz und Pfeffer sowie Senf ins Joghurt r\u00fchren. Gekochte Kartoffeln in Scheiben schneiden und damit den [&hellip;]<\/p>\n","protected":false},"author":1,"featured_media":2612,"parent":3115,"menu_order":0,"comment_status":"closed","ping_status":"closed","template":"","meta":{"_acf_changed":false,"_uag_custom_page_level_css":"","footnotes":""},"class_list":["post-3289","page","type-page","status-publish","has-post-thumbnail","hentry"],"acf":[],"uagb_featured_image_src":{"full":["https:\/\/www.dekaaskoning.nl\/wp-content\/uploads\/2023\/11\/recepten-oven.jpg",2000,680,false],"thumbnail":["https:\/\/www.dekaaskoning.nl\/wp-content\/uploads\/2023\/11\/recepten-oven-150x150.jpg",150,150,true],"medium":["https:\/\/www.dekaaskoning.nl\/wp-content\/uploads\/2023\/11\/recepten-oven-300x102.jpg",300,102,true],"medium_large":["https:\/\/www.dekaaskoning.nl\/wp-content\/uploads\/2023\/11\/recepten-oven-768x261.jpg",768,261,true],"large":["https:\/\/www.dekaaskoning.nl\/wp-content\/uploads\/2023\/11\/recepten-oven-1024x348.jpg",1024,348,true],"1536x1536":["https:\/\/www.dekaaskoning.nl\/wp-content\/uploads\/2023\/11\/recepten-oven-1536x522.jpg",1536,522,true],"2048x2048":["https:\/\/www.dekaaskoning.nl\/wp-content\/uploads\/2023\/11\/recepten-oven.jpg",2000,680,false],"smallvdsh":["https:\/\/www.dekaaskoning.nl\/wp-content\/uploads\/2023\/11\/recepten-oven-500x400.jpg",500,400,true],"smallxvdsh":["https:\/\/www.dekaaskoning.nl\/wp-content\/uploads\/2023\/11\/recepten-oven-250x85.jpg",250,85,true],"mediumvdsh":["https:\/\/www.dekaaskoning.nl\/wp-content\/uploads\/2023\/11\/recepten-oven-1100x400.jpg",1100,400,true],"bigvdsh":["https:\/\/www.dekaaskoning.nl\/wp-content\/uploads\/2023\/11\/recepten-oven-2000x400.jpg",2000,400,true],"contentlarge":["https:\/\/www.dekaaskoning.nl\/wp-content\/uploads\/2023\/11\/recepten-oven-900x306.jpg",900,306,true]},"uagb_author_info":{"display_name":"admin","author_link":"https:\/\/www.dekaaskoning.nl\/de\/author\/admin\/"},"uagb_comment_info":0,"uagb_excerpt":"K\u00e4sekartoffeln aus dem Ofen Zubereitung Kartoffeln sch\u00e4len und ca. 20 Minuten lang in leicht gesalzenem Wasser kochen. Backofen auf 220 \u00b0C vorheizen. Den K\u00e4se reiben. Eine feuerfeste Form mit einer halbierten Knoblauchzehe einreiben und mit etwas Butter einfetten. Etwas Salz und Pfeffer sowie Senf ins Joghurt r\u00fchren. Gekochte Kartoffeln in Scheiben schneiden und damit den&hellip;","_links":{"self":[{"href":"https:\/\/www.dekaaskoning.nl\/de\/wp-json\/wp\/v2\/pages\/3289","targetHints":{"allow":["GET"]}}],"collection":[{"href":"https:\/\/www.dekaaskoning.nl\/de\/wp-json\/wp\/v2\/pages"}],"about":[{"href":"https:\/\/www.dekaaskoning.nl\/de\/wp-json\/wp\/v2\/types\/page"}],"author":[{"embeddable":true,"href":"https:\/\/www.dekaaskoning.nl\/de\/wp-json\/wp\/v2\/users\/1"}],"replies":[{"embeddable":true,"href":"https:\/\/www.dekaaskoning.nl\/de\/wp-json\/wp\/v2\/comments?post=3289"}],"version-history":[{"count":2,"href":"https:\/\/www.dekaaskoning.nl\/de\/wp-json\/wp\/v2\/pages\/3289\/revisions"}],"predecessor-version":[{"id":3291,"href":"https:\/\/www.dekaaskoning.nl\/de\/wp-json\/wp\/v2\/pages\/3289\/revisions\/3291"}],"up":[{"embeddable":true,"href":"https:\/\/www.dekaaskoning.nl\/de\/wp-json\/wp\/v2\/pages\/3115"}],"wp:featuredmedia":[{"embeddable":true,"href":"https:\/\/www.dekaaskoning.nl\/de\/wp-json\/wp\/v2\/media\/2612"}],"wp:attachment":[{"href":"https:\/\/www.dekaaskoning.nl\/de\/wp-json\/wp\/v2\/media?parent=3289"}],"curies":[{"name":"wp","href":"https:\/\/api.w.org\/{rel}","templated":true}]}}