{"id":3286,"date":"2023-10-22T18:40:30","date_gmt":"2023-10-22T18:40:30","guid":{"rendered":"https:\/\/www.dekaaskoning.nl\/rezepte\/spinat-flan\/"},"modified":"2023-12-03T18:54:41","modified_gmt":"2023-12-03T18:54:41","slug":"spinat-flan","status":"publish","type":"page","link":"https:\/\/www.dekaaskoning.nl\/de\/rezepte\/spinat-flan\/","title":{"rendered":"Spinat-Flan"},"content":{"rendered":"<!-- locatie widget -->\n<!-- locatie widget -->\n\n<!-- deze is vervangen voor balk-->\n\n<div class=\"headerimgbalk\"> \n<img decoding=\"async\" class=\"imgheader\" src=\"https:\/\/www.dekaaskoning.nl\/wp-content\/themes\/KaasKoning\/template-parts\/00-header-block\/header-image-wave.svg\"> \n\n<\/div>\n\n\n<!-- recepten zoekveld widget -->\n<!-- recepten zoekveld widget -->\n<!-- recepten overview zoekveld-->\n<!-- recepten overview zoekveld -->\n\n<!-- faq zoekveld -->\n<!-- faq zoekveld -->\n\n<div class=\"filler-header\"> <\/div>\n\n<style>\n::placeholder {\n  color: red;\n  opacity: 1; \/* Firefox *\/\n}\n\n::-ms-input-placeholder { \/* Edge 12-18 *\/\n  color: red;\n}\n<\/style>\n\n\n<div style=\"height:40px\" aria-hidden=\"true\" class=\"wp-block-spacer\"><\/div>\n\n\n\n<div class=\"wp-block-uagb-container uagb-block-a3128225 alignfull uagb-is-root-container\"><div class=\"uagb-container-inner-blocks-wrap\">\n<div class=\"wp-block-uagb-buttons uagb-buttons__outer-wrap uagb-btn__default-btn uagb-btn-tablet__default-btn uagb-btn-mobile__default-btn uagb-block-da1b4c00\"><div class=\"uagb-buttons__wrap uagb-buttons-layout-wrap\">\n<div class=\"wp-block-uagb-buttons-child uagb-buttons__outer-wrap uagb-block-259cd6ca wp-block-button\"><div class=\"uagb-button__wrapper\"><a class=\"uagb-buttons-repeater wp-block-button__link\" href=\"https:\/\/www.dekaaskoning.nl\/de\/rezepte\/\" onclick=\"return true;\" rel=\"follow noopener\" target=\"_self\"><div class=\"uagb-button__link\">Zur\u00fcck zu allen Rezepten<\/div><\/a><\/div><\/div>\n<\/div><\/div>\n<\/div><\/div>\n\n\n\n<h1 class=\"wp-block-heading has-text-align-center has-text-color\" style=\"color:#bd2322;font-size:55px\">Spinat-Flan<\/h1>\n\n\n\n<div class=\"wp-block-uagb-container uagb-block-39c613f5 alignfull uagb-is-root-container\"><div class=\"uagb-container-inner-blocks-wrap\">\n<div class=\"wp-block-uagb-container uagb-block-6d9ca190\">\n<h2 class=\"wp-block-heading has-text-align-center\">Zubereitung<\/h2>\n\n\n\n<p>Backofen auf 180 \u00b0C vorheizen. Den mageren Speck bei starker Hitze in etwa 5 Minuten in einer Pfanne ohne Butter oder \u00d6l auslassen und auf K\u00fcchenkrepp abtropfen lassen. K\u00e4se grob reiben. Die Zwiebel fein hacken. Oliven\u00f6l in einer Pfanne erhitzen und die Zwiebel kurz and\u00fcnsten. Den frischen Spinat nach und nach zugeben, bis er zusammengefallen ist. Die Eier mit der Sahne schlagen. Mit Pfeffer und Salz w\u00fcrzen. Speck, Spinat und 2\/3 des geriebenen K\u00e4ses unter die Eiermischung r\u00fchren. In die Souffl\u00e9sch\u00e4lchen geben und mit dem restlichen K\u00e4se bestreuen. In etwa 20 Minuten im Ofen garen. Sofort auf einem Teller mit einigen Scheiben frischem Ciabatta servieren.<\/p>\n<\/div>\n\n\n\n<div class=\"wp-block-uagb-container uagb-block-93153664\">\n<div class=\"wp-block-uagb-container uagb-block-f7f734dd alignfull uagb-is-root-container\"><div class=\"uagb-container-inner-blocks-wrap\">\n<h2 class=\"wp-block-heading\">Zutaten f\u00fcr 4 Personen:<\/h2>\n\n\n\n<ul class=\"wp-block-list\">\n<li>150 g Bauernk\u00e4se Pikant<\/li>\n\n\n\n<li>400 g frischer Spinat<\/li>\n\n\n\n<li>70 g magerer Speck<\/li>\n\n\n\n<li>150 ml Sahne<\/li>\n\n\n\n<li>2 Eier<\/li>\n\n\n\n<li>1 Zwiebel<\/li>\n\n\n\n<li>Oliven\u00f6l<\/li>\n\n\n\n<li>Frisch gemahlener Salz<\/li>\n\n\n\n<li>Frisch gemahlener Pfeffer<\/li>\n\n\n\n<li>Ciabatta<\/li>\n\n\n\n<li>Was Sie brauchen: 4 Souffl\u00e9sch\u00e4lchen (\u00f8 7 cm), eingefettet<\/li>\n<\/ul>\n<\/div><\/div>\n<\/div>\n<\/div><\/div>\n\n\n\n<div style=\"height:64px\" aria-hidden=\"true\" class=\"wp-block-spacer\"><\/div>\n","protected":false},"excerpt":{"rendered":"<p>Spinat-Flan Zubereitung Backofen auf 180 \u00b0C vorheizen. Den mageren Speck bei starker Hitze in etwa 5 Minuten in einer Pfanne ohne Butter oder \u00d6l auslassen und auf K\u00fcchenkrepp abtropfen lassen. K\u00e4se grob reiben. Die Zwiebel fein hacken. Oliven\u00f6l in einer Pfanne erhitzen und die Zwiebel kurz and\u00fcnsten. Den frischen Spinat nach und nach zugeben, bis [&hellip;]<\/p>\n","protected":false},"author":1,"featured_media":1664,"parent":3115,"menu_order":0,"comment_status":"closed","ping_status":"closed","template":"","meta":{"_uag_custom_page_level_css":"","footnotes":""},"class_list":["post-3286","page","type-page","status-publish","has-post-thumbnail","hentry"],"acf":[],"uagb_featured_image_src":{"full":["https:\/\/www.dekaaskoning.nl\/wp-content\/uploads\/2023\/10\/Kaaskoning-Spinazieflan-Staand.jpg",2000,680,false],"thumbnail":["https:\/\/www.dekaaskoning.nl\/wp-content\/uploads\/2023\/10\/Kaaskoning-Spinazieflan-Staand-150x150.jpg",150,150,true],"medium":["https:\/\/www.dekaaskoning.nl\/wp-content\/uploads\/2023\/10\/Kaaskoning-Spinazieflan-Staand-300x102.jpg",300,102,true],"medium_large":["https:\/\/www.dekaaskoning.nl\/wp-content\/uploads\/2023\/10\/Kaaskoning-Spinazieflan-Staand-768x261.jpg",768,261,true],"large":["https:\/\/www.dekaaskoning.nl\/wp-content\/uploads\/2023\/10\/Kaaskoning-Spinazieflan-Staand-1024x348.jpg",1024,348,true],"1536x1536":["https:\/\/www.dekaaskoning.nl\/wp-content\/uploads\/2023\/10\/Kaaskoning-Spinazieflan-Staand-1536x522.jpg",1536,522,true],"2048x2048":["https:\/\/www.dekaaskoning.nl\/wp-content\/uploads\/2023\/10\/Kaaskoning-Spinazieflan-Staand.jpg",2000,680,false],"smallvdsh":["https:\/\/www.dekaaskoning.nl\/wp-content\/uploads\/2023\/10\/Kaaskoning-Spinazieflan-Staand-500x400.jpg",500,400,true],"smallxvdsh":["https:\/\/www.dekaaskoning.nl\/wp-content\/uploads\/2023\/10\/Kaaskoning-Spinazieflan-Staand-250x85.jpg",250,85,true],"mediumvdsh":["https:\/\/www.dekaaskoning.nl\/wp-content\/uploads\/2023\/10\/Kaaskoning-Spinazieflan-Staand-1100x400.jpg",1100,400,true],"bigvdsh":["https:\/\/www.dekaaskoning.nl\/wp-content\/uploads\/2023\/10\/Kaaskoning-Spinazieflan-Staand-2000x400.jpg",2000,400,true],"contentlarge":["https:\/\/www.dekaaskoning.nl\/wp-content\/uploads\/2023\/10\/Kaaskoning-Spinazieflan-Staand-900x306.jpg",900,306,true]},"uagb_author_info":{"display_name":"admin","author_link":"https:\/\/www.dekaaskoning.nl\/de\/author\/admin\/"},"uagb_comment_info":0,"uagb_excerpt":"Spinat-Flan Zubereitung Backofen auf 180 \u00b0C vorheizen. Den mageren Speck bei starker Hitze in etwa 5 Minuten in einer Pfanne ohne Butter oder \u00d6l auslassen und auf K\u00fcchenkrepp abtropfen lassen. K\u00e4se grob reiben. Die Zwiebel fein hacken. Oliven\u00f6l in einer Pfanne erhitzen und die Zwiebel kurz and\u00fcnsten. Den frischen Spinat nach und nach zugeben, bis&hellip;","_links":{"self":[{"href":"https:\/\/www.dekaaskoning.nl\/de\/wp-json\/wp\/v2\/pages\/3286","targetHints":{"allow":["GET"]}}],"collection":[{"href":"https:\/\/www.dekaaskoning.nl\/de\/wp-json\/wp\/v2\/pages"}],"about":[{"href":"https:\/\/www.dekaaskoning.nl\/de\/wp-json\/wp\/v2\/types\/page"}],"author":[{"embeddable":true,"href":"https:\/\/www.dekaaskoning.nl\/de\/wp-json\/wp\/v2\/users\/1"}],"replies":[{"embeddable":true,"href":"https:\/\/www.dekaaskoning.nl\/de\/wp-json\/wp\/v2\/comments?post=3286"}],"version-history":[{"count":2,"href":"https:\/\/www.dekaaskoning.nl\/de\/wp-json\/wp\/v2\/pages\/3286\/revisions"}],"predecessor-version":[{"id":3288,"href":"https:\/\/www.dekaaskoning.nl\/de\/wp-json\/wp\/v2\/pages\/3286\/revisions\/3288"}],"up":[{"embeddable":true,"href":"https:\/\/www.dekaaskoning.nl\/de\/wp-json\/wp\/v2\/pages\/3115"}],"wp:featuredmedia":[{"embeddable":true,"href":"https:\/\/www.dekaaskoning.nl\/de\/wp-json\/wp\/v2\/media\/1664"}],"wp:attachment":[{"href":"https:\/\/www.dekaaskoning.nl\/de\/wp-json\/wp\/v2\/media?parent=3286"}],"curies":[{"name":"wp","href":"https:\/\/api.w.org\/{rel}","templated":true}]}}