{"id":3282,"date":"2023-10-22T18:33:39","date_gmt":"2023-10-22T18:33:39","guid":{"rendered":"https:\/\/www.dekaaskoning.nl\/rezepte\/ziegenkaesetoast\/"},"modified":"2023-12-03T18:41:50","modified_gmt":"2023-12-03T18:41:50","slug":"ziegenkaesetoast","status":"publish","type":"page","link":"https:\/\/www.dekaaskoning.nl\/de\/rezepte\/ziegenkaesetoast\/","title":{"rendered":"Ziegenk\u00e4setoast"},"content":{"rendered":"<!-- locatie widget -->\n<!-- locatie widget -->\n\n<!-- deze is vervangen voor balk-->\n\n<div class=\"headerimgbalk\"> \n<img decoding=\"async\" class=\"imgheader\" src=\"https:\/\/www.dekaaskoning.nl\/wp-content\/themes\/KaasKoning\/template-parts\/00-header-block\/header-image-wave.svg\"> \n\n<\/div>\n\n\n<!-- recepten zoekveld widget -->\n<!-- recepten zoekveld widget -->\n<!-- recepten overview zoekveld-->\n<!-- recepten overview zoekveld -->\n\n<!-- faq zoekveld -->\n<!-- faq zoekveld -->\n\n<div class=\"filler-header\"> <\/div>\n\n<style>\n::placeholder {\n  color: red;\n  opacity: 1; \/* Firefox *\/\n}\n\n::-ms-input-placeholder { \/* Edge 12-18 *\/\n  color: red;\n}\n<\/style>\n<div style=\"height:40px\" aria-hidden=\"true\" class=\"wp-block-spacer\"><\/div>\n\n<div class=\"wp-block-uagb-container uagb-block-a3128225 alignfull uagb-is-root-container\"><div class=\"uagb-container-inner-blocks-wrap\">\n<div class=\"wp-block-uagb-buttons uagb-buttons__outer-wrap uagb-btn__default-btn uagb-btn-tablet__default-btn uagb-btn-mobile__default-btn uagb-block-da1b4c00\"><div class=\"uagb-buttons__wrap uagb-buttons-layout-wrap\">\n<div class=\"wp-block-uagb-buttons-child uagb-buttons__outer-wrap uagb-block-259cd6ca wp-block-button\"><div class=\"uagb-button__wrapper\"><a class=\"uagb-buttons-repeater wp-block-button__link\" href=\"https:\/\/www.dekaaskoning.nl\/de\/rezepte\/\" onclick=\"return true;\" rel=\"follow noopener\" target=\"_self\"><div class=\"uagb-button__link\">Zur\u00fcck zu allen Rezepten<\/div><\/a><\/div><\/div>\n<\/div><\/div>\n<\/div><\/div>\n\n<h1 class=\"wp-block-heading has-text-align-center has-text-color\" style=\"color:#bd2322;font-size:55px\">Ziegenk\u00e4setoast<\/h1>\n\n<div class=\"wp-block-uagb-container uagb-block-39c613f5 alignfull uagb-is-root-container\"><div class=\"uagb-container-inner-blocks-wrap\">\n<div class=\"wp-block-uagb-container uagb-block-6d9ca190\">\n<h2 class=\"wp-block-heading has-text-align-center\">Zubereitung<\/h2>\n\n\n\n<p>Den Backofen auf 160 \u00b0C vorheizen. Die Zucchini waschen und in ca. 1\/2 cm gro\u00dfe St\u00fccke schneiden. Die Scheiben auf ein mit Backpapier ausgelegtes Backblech legen. Die Zucchinischeiben mit etwas Oliven\u00f6l betr\u00e4ufeln und mit Salz und Pfeffer bestreuen. Im vorgeheizten Backofen ca. 20 Minuten braten.<\/p>\n\n\n\n<p>Den Ziegenk\u00e4se in Scheiben und die rote Zwiebel in Ringe schneiden. Vier Brotscheiben mit gr\u00fcnem Pesto bestreichen. Die Brotscheiben mit Zucchinischeiben, Parmaschinken, Ziegenk\u00e4se und Zwiebelringen belegen. Mit den anderen vier Brotscheiben bedecken. Die Toasts mit Butter in einer Bratpfanne von beiden Seiten goldbraun backen.<\/p>\n<\/div>\n\n\n\n<div class=\"wp-block-uagb-container uagb-block-93153664\">\n<div class=\"wp-block-uagb-container uagb-block-f7f734dd alignfull uagb-is-root-container\"><div class=\"uagb-container-inner-blocks-wrap\">\n<h2 class=\"wp-block-heading\">Zutaten f\u00fcr 4 Personen:<\/h2>\n\n\n\n<ul class=\"wp-block-list\">\n<li>200 g pikanter Ziegenk\u00e4se<\/li>\n\n\n\n<li>8 Scheiben Wei\u00dfbrot<\/li>\n\n\n\n<li>1 rote Zwiebel<\/li>\n\n\n\n<li>1\/2 Zucchini<\/li>\n\n\n\n<li>Oliven\u00f6l, Salz und Pfeffer zum Grillen<\/li>\n\n\n\n<li>8 Scheiben Parmaschinken<\/li>\n\n\n\n<li>4 EL gr\u00fcnes Pesto<\/li>\n\n\n\n<li>Au\u00dferdem: Bratpfanne, Butter<\/li>\n<\/ul>\n<\/div><\/div>\n<\/div>\n<\/div><\/div>\n\n<div style=\"height:64px\" aria-hidden=\"true\" class=\"wp-block-spacer\"><\/div>\n\n<div style=\"height:64px\" aria-hidden=\"true\" class=\"wp-block-spacer\"><\/div>\n\n<h2 class=\"wp-block-heading has-text-align-center has-text-color\" style=\"color:#bd2322;font-size:38px\">Wir haben diesen K\u00e4se verwendet:<\/h2>\n<div class=\"wp-block-image\">\n<figure class=\"aligncenter size-full\"><a href=\"https:\/\/www.dekaaskoning.nl\/de\/kaese\/ziegenkaese-pikant\/\"><img loading=\"lazy\" decoding=\"async\" width=\"435\" height=\"236\" src=\"https:\/\/www.dekaaskoning.nl\/wp-content\/uploads\/2023\/10\/KK-Geitenkaas-Gerijpt.jpg\" alt=\"\" class=\"wp-image-1482\" srcset=\"https:\/\/www.dekaaskoning.nl\/wp-content\/uploads\/2023\/10\/KK-Geitenkaas-Gerijpt.jpg 435w, https:\/\/www.dekaaskoning.nl\/wp-content\/uploads\/2023\/10\/KK-Geitenkaas-Gerijpt-300x163.jpg 300w, https:\/\/www.dekaaskoning.nl\/wp-content\/uploads\/2023\/10\/KK-Geitenkaas-Gerijpt-250x136.jpg 250w\" sizes=\"auto, (max-width: 435px) 100vw, 435px\" \/><\/a><\/figure>\n<\/div>\n<h3 class=\"wp-block-heading has-text-align-center has-text-color\" style=\"color:#bd2322;font-size:27px\"><em>Ziegenk\u00e4se Pikant<\/em><\/h3>\n","protected":false},"excerpt":{"rendered":"<p>Ziegenk\u00e4setoast Zubereitung Den Backofen auf 160 \u00b0C vorheizen. Die Zucchini waschen und in ca. 1\/2 cm gro\u00dfe St\u00fccke schneiden. Die Scheiben auf ein mit Backpapier ausgelegtes Backblech legen. Die Zucchinischeiben mit etwas Oliven\u00f6l betr\u00e4ufeln und mit Salz und Pfeffer bestreuen. Im vorgeheizten Backofen ca. 20 Minuten braten. Den Ziegenk\u00e4se in Scheiben und die rote Zwiebel [&hellip;]<\/p>\n","protected":false},"author":1,"featured_media":1655,"parent":3115,"menu_order":0,"comment_status":"closed","ping_status":"open","template":"","meta":{"_acf_changed":false,"_uag_custom_page_level_css":"","footnotes":""},"class_list":["post-3282","page","type-page","status-publish","has-post-thumbnail","hentry"],"acf":[],"uagb_featured_image_src":{"full":["https:\/\/www.dekaaskoning.nl\/wp-content\/uploads\/2023\/10\/witte-geit-tosti.jpg",2000,680,false],"thumbnail":["https:\/\/www.dekaaskoning.nl\/wp-content\/uploads\/2023\/10\/witte-geit-tosti-150x150.jpg",150,150,true],"medium":["https:\/\/www.dekaaskoning.nl\/wp-content\/uploads\/2023\/10\/witte-geit-tosti-300x102.jpg",300,102,true],"medium_large":["https:\/\/www.dekaaskoning.nl\/wp-content\/uploads\/2023\/10\/witte-geit-tosti-768x261.jpg",768,261,true],"large":["https:\/\/www.dekaaskoning.nl\/wp-content\/uploads\/2023\/10\/witte-geit-tosti-1024x348.jpg",1024,348,true],"1536x1536":["https:\/\/www.dekaaskoning.nl\/wp-content\/uploads\/2023\/10\/witte-geit-tosti-1536x522.jpg",1536,522,true],"2048x2048":["https:\/\/www.dekaaskoning.nl\/wp-content\/uploads\/2023\/10\/witte-geit-tosti.jpg",2000,680,false],"smallvdsh":["https:\/\/www.dekaaskoning.nl\/wp-content\/uploads\/2023\/10\/witte-geit-tosti-500x400.jpg",500,400,true],"smallxvdsh":["https:\/\/www.dekaaskoning.nl\/wp-content\/uploads\/2023\/10\/witte-geit-tosti-250x85.jpg",250,85,true],"mediumvdsh":["https:\/\/www.dekaaskoning.nl\/wp-content\/uploads\/2023\/10\/witte-geit-tosti-1100x400.jpg",1100,400,true],"bigvdsh":["https:\/\/www.dekaaskoning.nl\/wp-content\/uploads\/2023\/10\/witte-geit-tosti-2000x400.jpg",2000,400,true],"contentlarge":["https:\/\/www.dekaaskoning.nl\/wp-content\/uploads\/2023\/10\/witte-geit-tosti-900x306.jpg",900,306,true]},"uagb_author_info":{"display_name":"admin","author_link":"https:\/\/www.dekaaskoning.nl\/de\/author\/admin\/"},"uagb_comment_info":0,"uagb_excerpt":"Ziegenk\u00e4setoast Zubereitung Den Backofen auf 160 \u00b0C vorheizen. Die Zucchini waschen und in ca. 1\/2 cm gro\u00dfe St\u00fccke schneiden. Die Scheiben auf ein mit Backpapier ausgelegtes Backblech legen. Die Zucchinischeiben mit etwas Oliven\u00f6l betr\u00e4ufeln und mit Salz und Pfeffer bestreuen. Im vorgeheizten Backofen ca. 20 Minuten braten. Den Ziegenk\u00e4se in Scheiben und die rote Zwiebel&hellip;","_links":{"self":[{"href":"https:\/\/www.dekaaskoning.nl\/de\/wp-json\/wp\/v2\/pages\/3282","targetHints":{"allow":["GET"]}}],"collection":[{"href":"https:\/\/www.dekaaskoning.nl\/de\/wp-json\/wp\/v2\/pages"}],"about":[{"href":"https:\/\/www.dekaaskoning.nl\/de\/wp-json\/wp\/v2\/types\/page"}],"author":[{"embeddable":true,"href":"https:\/\/www.dekaaskoning.nl\/de\/wp-json\/wp\/v2\/users\/1"}],"replies":[{"embeddable":true,"href":"https:\/\/www.dekaaskoning.nl\/de\/wp-json\/wp\/v2\/comments?post=3282"}],"version-history":[{"count":1,"href":"https:\/\/www.dekaaskoning.nl\/de\/wp-json\/wp\/v2\/pages\/3282\/revisions"}],"predecessor-version":[{"id":3283,"href":"https:\/\/www.dekaaskoning.nl\/de\/wp-json\/wp\/v2\/pages\/3282\/revisions\/3283"}],"up":[{"embeddable":true,"href":"https:\/\/www.dekaaskoning.nl\/de\/wp-json\/wp\/v2\/pages\/3115"}],"wp:featuredmedia":[{"embeddable":true,"href":"https:\/\/www.dekaaskoning.nl\/de\/wp-json\/wp\/v2\/media\/1655"}],"wp:attachment":[{"href":"https:\/\/www.dekaaskoning.nl\/de\/wp-json\/wp\/v2\/media?parent=3282"}],"curies":[{"name":"wp","href":"https:\/\/api.w.org\/{rel}","templated":true}]}}