{"id":3278,"date":"2023-10-22T18:27:31","date_gmt":"2023-10-22T18:27:31","guid":{"rendered":"https:\/\/www.dekaaskoning.nl\/rezepte\/suedlicher-toast\/"},"modified":"2023-12-03T18:22:32","modified_gmt":"2023-12-03T18:22:32","slug":"suedlicher-toast","status":"publish","type":"page","link":"https:\/\/www.dekaaskoning.nl\/de\/rezepte\/suedlicher-toast\/","title":{"rendered":"S\u00fcdlicher toast"},"content":{"rendered":"<!-- locatie widget -->\n<!-- locatie widget -->\n\n<!-- deze is vervangen voor balk-->\n\n<div class=\"headerimgbalk\"> \n<img decoding=\"async\" class=\"imgheader\" src=\"https:\/\/www.dekaaskoning.nl\/wp-content\/themes\/KaasKoning\/template-parts\/00-header-block\/header-image-wave.svg\"> \n\n<\/div>\n\n\n<!-- recepten zoekveld widget -->\n<!-- recepten zoekveld widget -->\n<!-- recepten overview zoekveld-->\n<!-- recepten overview zoekveld -->\n\n<!-- faq zoekveld -->\n<!-- faq zoekveld -->\n\n<div class=\"filler-header\"> <\/div>\n\n<style>\n::placeholder {\n  color: red;\n  opacity: 1; \/* Firefox *\/\n}\n\n::-ms-input-placeholder { \/* Edge 12-18 *\/\n  color: red;\n}\n<\/style>\n<div style=\"height:40px\" aria-hidden=\"true\" class=\"wp-block-spacer\"><\/div>\n\n<div class=\"wp-block-uagb-container uagb-block-a3128225 alignfull uagb-is-root-container\"><div class=\"uagb-container-inner-blocks-wrap\">\n<div class=\"wp-block-uagb-buttons uagb-buttons__outer-wrap uagb-btn__default-btn uagb-btn-tablet__default-btn uagb-btn-mobile__default-btn uagb-block-da1b4c00\"><div class=\"uagb-buttons__wrap uagb-buttons-layout-wrap\">\n<div class=\"wp-block-uagb-buttons-child uagb-buttons__outer-wrap uagb-block-259cd6ca wp-block-button\"><div class=\"uagb-button__wrapper\"><a class=\"uagb-buttons-repeater wp-block-button__link\" href=\"https:\/\/www.dekaaskoning.nl\/de\/rezepte\/\" onclick=\"return true;\" rel=\"follow noopener\" target=\"_self\"><div class=\"uagb-button__link\">Zur\u00fcck zu allen Rezepten<\/div><\/a><\/div><\/div>\n<\/div><\/div>\n<\/div><\/div>\n\n<h1 class=\"wp-block-heading has-text-align-center has-text-color\" style=\"color:#bd2322;font-size:55px\">S\u00fcdlicher toast<\/h1>\n\n<div class=\"wp-block-uagb-container uagb-block-39c613f5 alignfull uagb-is-root-container\"><div class=\"uagb-container-inner-blocks-wrap\">\n<div class=\"wp-block-uagb-container uagb-block-6d9ca190\">\n<h2 class=\"wp-block-heading has-text-align-center\">Zubereitung<\/h2>\n\n\n\n<p>Den K\u00e4se und die Tomaten in Scheiben schneiden. Vier Brotscheiben mit gr\u00fcnem Pesto bestreichen. Die Oliven in vier St\u00fccke schneiden. Das Brot mit K\u00e4se, Serranoschinken und Tomate belegen. Mit frisch gehacktem Oregano und Olivenst\u00fccken bestreuen. Mit den anderen vier Brotscheiben bedecken. Die Toasts in einer Bratpfanne mit Butter goldbraun backen.<\/p>\n<\/div>\n\n\n\n<div class=\"wp-block-uagb-container uagb-block-93153664\">\n<div class=\"wp-block-uagb-container uagb-block-f7f734dd alignfull uagb-is-root-container\"><div class=\"uagb-container-inner-blocks-wrap\">\n<h2 class=\"wp-block-heading\">Zutaten f\u00fcr 4 Personen:<\/h2>\n\n\n\n<ul class=\"wp-block-list\">\n<li>200 g Gouda 1 Jahr alt Gouda<\/li>\n\n\n\n<li>8 Scheiben Maisbrot<\/li>\n\n\n\n<li>2 Tomaten<\/li>\n\n\n\n<li>8 Scheiben Serranoschinken<\/li>\n\n\n\n<li>8 gr\u00fcne Oliven<\/li>\n\n\n\n<li>4 EL gr\u00fcnes Pesto<\/li>\n\n\n\n<li>Frischer Oregano<\/li>\n\n\n\n<li>Au\u00dferdem: Bratpfanne, Butter<\/li>\n<\/ul>\n<\/div><\/div>\n<\/div>\n<\/div><\/div>\n\n<div style=\"height:64px\" aria-hidden=\"true\" class=\"wp-block-spacer\"><\/div>\n\n<h2 class=\"wp-block-heading has-text-align-center has-text-color\" style=\"color:#bd2322;font-size:38px\">Wir haben diesen K\u00e4se verwendet:<\/h2>\n<div class=\"wp-block-image\">\n<figure class=\"aligncenter size-full\"><a href=\"https:\/\/www.dekaaskoning.nl\/de\/kaese\/pikanter-gouda\/\"><img loading=\"lazy\" decoding=\"async\" width=\"504\" height=\"294\" src=\"https:\/\/www.dekaaskoning.nl\/wp-content\/uploads\/2023\/10\/KK-No.-4.webp\" alt=\"\" class=\"wp-image-1539\" srcset=\"https:\/\/www.dekaaskoning.nl\/wp-content\/uploads\/2023\/10\/KK-No.-4.webp 504w, https:\/\/www.dekaaskoning.nl\/wp-content\/uploads\/2023\/10\/KK-No.-4-300x175.webp 300w, https:\/\/www.dekaaskoning.nl\/wp-content\/uploads\/2023\/10\/KK-No.-4-250x146.webp 250w\" sizes=\"auto, (max-width: 504px) 100vw, 504px\" \/><\/a><\/figure>\n<\/div>\n<h3 class=\"wp-block-heading has-text-align-center has-text-color\" style=\"color:#bd2322;font-size:27px\"><em>Pikanter Gouda<\/em><\/h3>\n\n<div style=\"height:64px\" aria-hidden=\"true\" class=\"wp-block-spacer\"><\/div>\n","protected":false},"excerpt":{"rendered":"<p>S\u00fcdlicher toast Zubereitung Den K\u00e4se und die Tomaten in Scheiben schneiden. Vier Brotscheiben mit gr\u00fcnem Pesto bestreichen. Die Oliven in vier St\u00fccke schneiden. Das Brot mit K\u00e4se, Serranoschinken und Tomate belegen. Mit frisch gehacktem Oregano und Olivenst\u00fccken bestreuen. Mit den anderen vier Brotscheiben bedecken. Die Toasts in einer Bratpfanne mit Butter goldbraun backen. Zutaten f\u00fcr [&hellip;]<\/p>\n","protected":false},"author":1,"featured_media":1645,"parent":3115,"menu_order":0,"comment_status":"closed","ping_status":"open","template":"","meta":{"_acf_changed":false,"_uag_custom_page_level_css":"","footnotes":""},"class_list":["post-3278","page","type-page","status-publish","has-post-thumbnail","hentry"],"acf":[],"uagb_featured_image_src":{"full":["https:\/\/www.dekaaskoning.nl\/wp-content\/uploads\/2023\/10\/mediterrane-tosti.jpg",2000,680,false],"thumbnail":["https:\/\/www.dekaaskoning.nl\/wp-content\/uploads\/2023\/10\/mediterrane-tosti-150x150.jpg",150,150,true],"medium":["https:\/\/www.dekaaskoning.nl\/wp-content\/uploads\/2023\/10\/mediterrane-tosti-300x102.jpg",300,102,true],"medium_large":["https:\/\/www.dekaaskoning.nl\/wp-content\/uploads\/2023\/10\/mediterrane-tosti-768x261.jpg",768,261,true],"large":["https:\/\/www.dekaaskoning.nl\/wp-content\/uploads\/2023\/10\/mediterrane-tosti-1024x348.jpg",1024,348,true],"1536x1536":["https:\/\/www.dekaaskoning.nl\/wp-content\/uploads\/2023\/10\/mediterrane-tosti-1536x522.jpg",1536,522,true],"2048x2048":["https:\/\/www.dekaaskoning.nl\/wp-content\/uploads\/2023\/10\/mediterrane-tosti.jpg",2000,680,false],"smallvdsh":["https:\/\/www.dekaaskoning.nl\/wp-content\/uploads\/2023\/10\/mediterrane-tosti-500x400.jpg",500,400,true],"smallxvdsh":["https:\/\/www.dekaaskoning.nl\/wp-content\/uploads\/2023\/10\/mediterrane-tosti-250x85.jpg",250,85,true],"mediumvdsh":["https:\/\/www.dekaaskoning.nl\/wp-content\/uploads\/2023\/10\/mediterrane-tosti-1100x400.jpg",1100,400,true],"bigvdsh":["https:\/\/www.dekaaskoning.nl\/wp-content\/uploads\/2023\/10\/mediterrane-tosti-2000x400.jpg",2000,400,true],"contentlarge":["https:\/\/www.dekaaskoning.nl\/wp-content\/uploads\/2023\/10\/mediterrane-tosti-900x306.jpg",900,306,true]},"uagb_author_info":{"display_name":"admin","author_link":"https:\/\/www.dekaaskoning.nl\/de\/author\/admin\/"},"uagb_comment_info":0,"uagb_excerpt":"S\u00fcdlicher toast Zubereitung Den K\u00e4se und die Tomaten in Scheiben schneiden. Vier Brotscheiben mit gr\u00fcnem Pesto bestreichen. Die Oliven in vier St\u00fccke schneiden. Das Brot mit K\u00e4se, Serranoschinken und Tomate belegen. Mit frisch gehacktem Oregano und Olivenst\u00fccken bestreuen. Mit den anderen vier Brotscheiben bedecken. Die Toasts in einer Bratpfanne mit Butter goldbraun backen. Zutaten f\u00fcr&hellip;","_links":{"self":[{"href":"https:\/\/www.dekaaskoning.nl\/de\/wp-json\/wp\/v2\/pages\/3278","targetHints":{"allow":["GET"]}}],"collection":[{"href":"https:\/\/www.dekaaskoning.nl\/de\/wp-json\/wp\/v2\/pages"}],"about":[{"href":"https:\/\/www.dekaaskoning.nl\/de\/wp-json\/wp\/v2\/types\/page"}],"author":[{"embeddable":true,"href":"https:\/\/www.dekaaskoning.nl\/de\/wp-json\/wp\/v2\/users\/1"}],"replies":[{"embeddable":true,"href":"https:\/\/www.dekaaskoning.nl\/de\/wp-json\/wp\/v2\/comments?post=3278"}],"version-history":[{"count":1,"href":"https:\/\/www.dekaaskoning.nl\/de\/wp-json\/wp\/v2\/pages\/3278\/revisions"}],"predecessor-version":[{"id":3279,"href":"https:\/\/www.dekaaskoning.nl\/de\/wp-json\/wp\/v2\/pages\/3278\/revisions\/3279"}],"up":[{"embeddable":true,"href":"https:\/\/www.dekaaskoning.nl\/de\/wp-json\/wp\/v2\/pages\/3115"}],"wp:featuredmedia":[{"embeddable":true,"href":"https:\/\/www.dekaaskoning.nl\/de\/wp-json\/wp\/v2\/media\/1645"}],"wp:attachment":[{"href":"https:\/\/www.dekaaskoning.nl\/de\/wp-json\/wp\/v2\/media?parent=3278"}],"curies":[{"name":"wp","href":"https:\/\/api.w.org\/{rel}","templated":true}]}}