{"id":3276,"date":"2023-10-22T18:24:16","date_gmt":"2023-10-22T18:24:16","guid":{"rendered":"https:\/\/www.dekaaskoning.nl\/rezepte\/traditionelles-brot-mit-ziegenkaese-mild-und-serrano-schinken\/"},"modified":"2023-12-03T18:15:07","modified_gmt":"2023-12-03T18:15:07","slug":"traditionelles-brot-mit-ziegenkaese-mild-und-serrano-schinken","status":"publish","type":"page","link":"https:\/\/www.dekaaskoning.nl\/de\/rezepte\/traditionelles-brot-mit-ziegenkaese-mild-und-serrano-schinken\/","title":{"rendered":"Traditionelles Brot mit Ziegenk\u00e4se Mild und Serrano-Schinken"},"content":{"rendered":"<!-- locatie widget -->\n<!-- locatie widget -->\n\n<!-- deze is vervangen voor balk-->\n\n<div class=\"headerimgbalk\"> \n<img decoding=\"async\" class=\"imgheader\" src=\"https:\/\/www.dekaaskoning.nl\/wp-content\/themes\/KaasKoning\/template-parts\/00-header-block\/header-image-wave.svg\"> \n\n<\/div>\n\n\n<!-- recepten zoekveld widget -->\n<!-- recepten zoekveld widget -->\n<!-- recepten overview zoekveld-->\n<!-- recepten overview zoekveld -->\n\n<!-- faq zoekveld -->\n<!-- faq zoekveld -->\n\n<div class=\"filler-header\"> <\/div>\n\n<style>\n::placeholder {\n  color: red;\n  opacity: 1; \/* Firefox *\/\n}\n\n::-ms-input-placeholder { \/* Edge 12-18 *\/\n  color: red;\n}\n<\/style>\n<div style=\"height:40px\" aria-hidden=\"true\" class=\"wp-block-spacer\"><\/div>\n\n<div class=\"wp-block-uagb-container uagb-block-a3128225 alignfull uagb-is-root-container\"><div class=\"uagb-container-inner-blocks-wrap\">\n<div class=\"wp-block-uagb-buttons uagb-buttons__outer-wrap uagb-btn__default-btn uagb-btn-tablet__default-btn uagb-btn-mobile__default-btn uagb-block-da1b4c00\"><div class=\"uagb-buttons__wrap uagb-buttons-layout-wrap\">\n<div class=\"wp-block-uagb-buttons-child uagb-buttons__outer-wrap uagb-block-259cd6ca wp-block-button\"><div class=\"uagb-button__wrapper\"><a class=\"uagb-buttons-repeater wp-block-button__link\" href=\"https:\/\/www.dekaaskoning.nl\/de\/rezepte\/\" onclick=\"return true;\" rel=\"follow noopener\" target=\"_self\"><div class=\"uagb-button__link\">Zur\u00fcck zu allen Rezepten<\/div><\/a><\/div><\/div>\n<\/div><\/div>\n<\/div><\/div>\n\n<h1 class=\"wp-block-heading has-text-align-center has-text-color\" style=\"color:#bd2322;font-size:55px\">Traditionelles Brot mit Ziegenk\u00e4se Mild und Serrano-Schinken<\/h1>\n\n<div class=\"wp-block-uagb-container uagb-block-39c613f5 alignfull uagb-is-root-container\"><div class=\"uagb-container-inner-blocks-wrap\">\n<div class=\"wp-block-uagb-container uagb-block-6d9ca190\">\n<h2 class=\"wp-block-heading has-text-align-center\">Zubereitung<\/h2>\n\n\n\n<p>Vier dicke Scheiben Brot abschneiden. Petersilie und Thymian fein hacken und mit dem Oliven\u00f6l vermischen. Brotscheiben mit dem Schinken belegen. Vom Ziegenk\u00e4se Mild Scheiben abhobeln und auf den Schinken legen. Die Brotscheiben so lange unter den Grill legen, bis der K\u00e4se schmilzt. Mit der \u00d6l-Kr\u00e4uter-Mischung besprenkeln.<\/p>\n<\/div>\n\n\n\n<div class=\"wp-block-uagb-container uagb-block-93153664\">\n<div class=\"wp-block-uagb-container uagb-block-f7f734dd alignfull uagb-is-root-container\"><div class=\"uagb-container-inner-blocks-wrap\">\n<h2 class=\"wp-block-heading\">Zutaten f\u00fcr 4 Personen:<\/h2>\n\n\n\n<ul class=\"wp-block-list\">\n<li>300 g Ziegenk\u00e4se Mild<\/li>\n\n\n\n<li>1 traditionelles Wei\u00dfbrot, ungeschnitten<\/li>\n\n\n\n<li>200 g Serrano-Schinken<\/li>\n\n\n\n<li>4 EL frische Petersilie<\/li>\n\n\n\n<li>3 Zweige Thymian<\/li>\n\n\n\n<li>4 EL Oliven\u00f6l<\/li>\n<\/ul>\n<\/div><\/div>\n<\/div>\n<\/div><\/div>\n\n<div style=\"height:37px\" aria-hidden=\"true\" class=\"wp-block-spacer\"><\/div>\n\n<h2 class=\"wp-block-heading has-text-align-center has-text-color\" style=\"color:#bd2322;font-size:38px\">Wir haben diesen K\u00e4se verwendet:<\/h2>\n<div class=\"wp-block-image\">\n<figure class=\"aligncenter size-full\"><a href=\"https:\/\/www.dekaaskoning.nl\/de\/kaese\/ziegenkaese-mild\/\"><img loading=\"lazy\" decoding=\"async\" width=\"504\" height=\"294\" src=\"https:\/\/www.dekaaskoning.nl\/wp-content\/uploads\/2023\/10\/KK-Geitenkaas-Mild-1.jpg\" alt=\"\" class=\"wp-image-1566\" srcset=\"https:\/\/www.dekaaskoning.nl\/wp-content\/uploads\/2023\/10\/KK-Geitenkaas-Mild-1.jpg 504w, https:\/\/www.dekaaskoning.nl\/wp-content\/uploads\/2023\/10\/KK-Geitenkaas-Mild-1-300x175.jpg 300w, https:\/\/www.dekaaskoning.nl\/wp-content\/uploads\/2023\/10\/KK-Geitenkaas-Mild-1-250x146.jpg 250w\" sizes=\"auto, (max-width: 504px) 100vw, 504px\" \/><\/a><\/figure>\n<\/div>\n<h3 class=\"wp-block-heading has-text-align-center has-text-color\" style=\"color:#bd2322;font-size:27px\"><em>Ziegenk\u00e4se Mild<\/em><\/h3>\n\n<div style=\"height:37px\" aria-hidden=\"true\" class=\"wp-block-spacer\"><\/div>\n","protected":false},"excerpt":{"rendered":"<p>Traditionelles Brot mit Ziegenk\u00e4se Mild und Serrano-Schinken Zubereitung Vier dicke Scheiben Brot abschneiden. Petersilie und Thymian fein hacken und mit dem Oliven\u00f6l vermischen. Brotscheiben mit dem Schinken belegen. Vom Ziegenk\u00e4se Mild Scheiben abhobeln und auf den Schinken legen. Die Brotscheiben so lange unter den Grill legen, bis der K\u00e4se schmilzt. Mit der \u00d6l-Kr\u00e4uter-Mischung besprenkeln. Zutaten [&hellip;]<\/p>\n","protected":false},"author":1,"featured_media":1641,"parent":3115,"menu_order":0,"comment_status":"closed","ping_status":"open","template":"","meta":{"_uag_custom_page_level_css":"","footnotes":""},"class_list":["post-3276","page","type-page","status-publish","has-post-thumbnail","hentry"],"acf":[],"uagb_featured_image_src":{"full":["https:\/\/www.dekaaskoning.nl\/wp-content\/uploads\/2023\/10\/Kaaskoning-serranoham-en-geitenkaas.jpg",2000,680,false],"thumbnail":["https:\/\/www.dekaaskoning.nl\/wp-content\/uploads\/2023\/10\/Kaaskoning-serranoham-en-geitenkaas-150x150.jpg",150,150,true],"medium":["https:\/\/www.dekaaskoning.nl\/wp-content\/uploads\/2023\/10\/Kaaskoning-serranoham-en-geitenkaas-300x102.jpg",300,102,true],"medium_large":["https:\/\/www.dekaaskoning.nl\/wp-content\/uploads\/2023\/10\/Kaaskoning-serranoham-en-geitenkaas-768x261.jpg",768,261,true],"large":["https:\/\/www.dekaaskoning.nl\/wp-content\/uploads\/2023\/10\/Kaaskoning-serranoham-en-geitenkaas-1024x348.jpg",1024,348,true],"1536x1536":["https:\/\/www.dekaaskoning.nl\/wp-content\/uploads\/2023\/10\/Kaaskoning-serranoham-en-geitenkaas-1536x522.jpg",1536,522,true],"2048x2048":["https:\/\/www.dekaaskoning.nl\/wp-content\/uploads\/2023\/10\/Kaaskoning-serranoham-en-geitenkaas.jpg",2000,680,false],"smallvdsh":["https:\/\/www.dekaaskoning.nl\/wp-content\/uploads\/2023\/10\/Kaaskoning-serranoham-en-geitenkaas-500x400.jpg",500,400,true],"smallxvdsh":["https:\/\/www.dekaaskoning.nl\/wp-content\/uploads\/2023\/10\/Kaaskoning-serranoham-en-geitenkaas-250x85.jpg",250,85,true],"mediumvdsh":["https:\/\/www.dekaaskoning.nl\/wp-content\/uploads\/2023\/10\/Kaaskoning-serranoham-en-geitenkaas-1100x400.jpg",1100,400,true],"bigvdsh":["https:\/\/www.dekaaskoning.nl\/wp-content\/uploads\/2023\/10\/Kaaskoning-serranoham-en-geitenkaas-2000x400.jpg",2000,400,true],"contentlarge":["https:\/\/www.dekaaskoning.nl\/wp-content\/uploads\/2023\/10\/Kaaskoning-serranoham-en-geitenkaas-900x306.jpg",900,306,true]},"uagb_author_info":{"display_name":"admin","author_link":"https:\/\/www.dekaaskoning.nl\/de\/author\/admin\/"},"uagb_comment_info":0,"uagb_excerpt":"Traditionelles Brot mit Ziegenk\u00e4se Mild und Serrano-Schinken Zubereitung Vier dicke Scheiben Brot abschneiden. Petersilie und Thymian fein hacken und mit dem Oliven\u00f6l vermischen. Brotscheiben mit dem Schinken belegen. Vom Ziegenk\u00e4se Mild Scheiben abhobeln und auf den Schinken legen. Die Brotscheiben so lange unter den Grill legen, bis der K\u00e4se schmilzt. Mit der \u00d6l-Kr\u00e4uter-Mischung besprenkeln. Zutaten&hellip;","_links":{"self":[{"href":"https:\/\/www.dekaaskoning.nl\/de\/wp-json\/wp\/v2\/pages\/3276","targetHints":{"allow":["GET"]}}],"collection":[{"href":"https:\/\/www.dekaaskoning.nl\/de\/wp-json\/wp\/v2\/pages"}],"about":[{"href":"https:\/\/www.dekaaskoning.nl\/de\/wp-json\/wp\/v2\/types\/page"}],"author":[{"embeddable":true,"href":"https:\/\/www.dekaaskoning.nl\/de\/wp-json\/wp\/v2\/users\/1"}],"replies":[{"embeddable":true,"href":"https:\/\/www.dekaaskoning.nl\/de\/wp-json\/wp\/v2\/comments?post=3276"}],"version-history":[{"count":1,"href":"https:\/\/www.dekaaskoning.nl\/de\/wp-json\/wp\/v2\/pages\/3276\/revisions"}],"predecessor-version":[{"id":3277,"href":"https:\/\/www.dekaaskoning.nl\/de\/wp-json\/wp\/v2\/pages\/3276\/revisions\/3277"}],"up":[{"embeddable":true,"href":"https:\/\/www.dekaaskoning.nl\/de\/wp-json\/wp\/v2\/pages\/3115"}],"wp:featuredmedia":[{"embeddable":true,"href":"https:\/\/www.dekaaskoning.nl\/de\/wp-json\/wp\/v2\/media\/1641"}],"wp:attachment":[{"href":"https:\/\/www.dekaaskoning.nl\/de\/wp-json\/wp\/v2\/media?parent=3276"}],"curies":[{"name":"wp","href":"https:\/\/api.w.org\/{rel}","templated":true}]}}