{"id":3271,"date":"2023-10-22T18:19:06","date_gmt":"2023-10-22T18:19:06","guid":{"rendered":"https:\/\/www.dekaaskoning.nl\/rezepte\/arme-ritter-kaaskoning\/"},"modified":"2023-12-03T16:28:50","modified_gmt":"2023-12-03T16:28:50","slug":"arme-ritter-kaaskoning","status":"publish","type":"page","link":"https:\/\/www.dekaaskoning.nl\/de\/rezepte\/arme-ritter-kaaskoning\/","title":{"rendered":"Arme Ritter \u201eKaasKoning\u201c"},"content":{"rendered":"<!-- locatie widget -->\n<!-- locatie widget -->\n\n<!-- deze is vervangen voor balk-->\n\n<div class=\"headerimgbalk\"> \n<img decoding=\"async\" class=\"imgheader\" src=\"https:\/\/www.dekaaskoning.nl\/wp-content\/themes\/KaasKoning\/template-parts\/00-header-block\/header-image-wave.svg\"> \n\n<\/div>\n\n\n<!-- recepten zoekveld widget -->\n<!-- recepten zoekveld widget -->\n<!-- recepten overview zoekveld-->\n<!-- recepten overview zoekveld -->\n\n<!-- faq zoekveld -->\n<!-- faq zoekveld -->\n\n<div class=\"filler-header\"> <\/div>\n\n<style>\n::placeholder {\n  color: red;\n  opacity: 1; \/* Firefox *\/\n}\n\n::-ms-input-placeholder { \/* Edge 12-18 *\/\n  color: red;\n}\n<\/style>\n<div style=\"height:40px\" aria-hidden=\"true\" class=\"wp-block-spacer\"><\/div>\n\n<div class=\"wp-block-uagb-container uagb-block-a3128225 alignfull uagb-is-root-container\"><div class=\"uagb-container-inner-blocks-wrap\">\n<div class=\"wp-block-uagb-buttons uagb-buttons__outer-wrap uagb-btn__default-btn uagb-btn-tablet__default-btn uagb-btn-mobile__default-btn uagb-block-da1b4c00\"><div class=\"uagb-buttons__wrap uagb-buttons-layout-wrap\">\n<div class=\"wp-block-uagb-buttons-child uagb-buttons__outer-wrap uagb-block-259cd6ca wp-block-button\"><div class=\"uagb-button__wrapper\"><a class=\"uagb-buttons-repeater wp-block-button__link\" href=\"https:\/\/www.dekaaskoning.nl\/de\/rezepte\/\" onclick=\"return true;\" rel=\"follow noopener\" target=\"_self\"><div class=\"uagb-button__link\">Zur\u00fcck zu allen Rezepten<\/div><\/a><\/div><\/div>\n<\/div><\/div>\n<\/div><\/div>\n\n<h1 class=\"wp-block-heading has-text-align-center has-text-color\" style=\"color:#bd2322;font-size:55px\">Arme Ritter \u201eKaasKoning\u201c<\/h1>\n\n<div class=\"wp-block-uagb-container uagb-block-39c613f5 alignfull uagb-is-root-container\"><div class=\"uagb-container-inner-blocks-wrap\">\n<div class=\"wp-block-uagb-container uagb-block-6d9ca190\">\n<h2 class=\"wp-block-heading has-text-align-center\">Zubereitung<\/h2>\n\n\n\n<p>Die Eier mit der Milch schlagen und frisch gemahlenes Salz und Pfeffer zugeben. 6 Brotscheiben d\u00fcnn mit Senf bestreichen. Mit K\u00e4se und Schinken belegen. Darauf einige Basilikumbl\u00e4tter verteilen und nach Geschmack mit frisch gemahlenem Pfeffer bestreuen. Mit den restlichen Brotscheiben bedecken. Etwas Butter in einer Pfanne zergehen lassen. Die belegten Brote nacheinander vorsichtig im Eigemisch w\u00e4lzen. Sofort in die Pfanne legen und in etwa 1-2 Minuten auf beiden Seiten goldgelb und knusprig anbraten. Die Armen Ritter warmhalten, bis Sie alle angebraten haben, und sofort servieren.<\/p>\n<\/div>\n\n\n\n<div class=\"wp-block-uagb-container uagb-block-93153664\">\n<div class=\"wp-block-uagb-container uagb-block-f7f734dd alignfull uagb-is-root-container\"><div class=\"uagb-container-inner-blocks-wrap\">\n<h2 class=\"wp-block-heading\">Zutaten F\u00fcr 6 Personen:<\/h2>\n\n\n\n<ul class=\"wp-block-list\">\n<li>6 gro\u00dfe Scheiben K\u00e4se \u201eKaasKoning Pittig Belegen Nr. 4\u201c<\/li>\n\n\n\n<li>12 Scheiben Wei\u00dfbrot<\/li>\n\n\n\n<li>6 Scheiben Schinken<\/li>\n\n\n\n<li>6 Eier<\/li>\n\n\n\n<li>10 Essl\u00f6ffel Vollmilch<\/li>\n\n\n\n<li>Basilikum<\/li>\n\n\n\n<li>Senf<\/li>\n\n\n\n<li>Butter<\/li>\n\n\n\n<li>Pfeffer<\/li>\n\n\n\n<li>Salz<\/li>\n<\/ul>\n<\/div><\/div>\n<\/div>\n<\/div><\/div>\n\n<div style=\"height:64px\" aria-hidden=\"true\" class=\"wp-block-spacer\"><\/div>\n\n<h2 class=\"wp-block-heading has-text-align-center has-text-color\" style=\"color:#bd2322;font-size:38px\">Wir haben diesen K\u00e4se verwendet:<\/h2>\n<div class=\"wp-block-image\">\n<figure class=\"aligncenter size-full is-resized\"><a href=\"https:\/\/www.dekaaskoning.nl\/de\/kaese\/mittelalter-gouda\/\"><img loading=\"lazy\" decoding=\"async\" width=\"504\" height=\"294\" src=\"https:\/\/www.dekaaskoning.nl\/wp-content\/uploads\/2023\/10\/KK-No.-3.webp\" alt=\"\" class=\"wp-image-1535\" style=\"aspect-ratio:1.7142857142857142;width:510px;height:auto\" srcset=\"https:\/\/www.dekaaskoning.nl\/wp-content\/uploads\/2023\/10\/KK-No.-3.webp 504w, https:\/\/www.dekaaskoning.nl\/wp-content\/uploads\/2023\/10\/KK-No.-3-300x175.webp 300w, https:\/\/www.dekaaskoning.nl\/wp-content\/uploads\/2023\/10\/KK-No.-3-250x146.webp 250w\" sizes=\"auto, (max-width: 504px) 100vw, 504px\" \/><\/a><\/figure>\n<\/div>\n<h3 class=\"wp-block-heading has-text-align-center has-text-color\" style=\"color:#bd2322;font-size:27px\"><em>Mittelalter Gouda<\/em><\/h3>\n","protected":false},"excerpt":{"rendered":"<p>Arme Ritter \u201eKaasKoning\u201c Zubereitung Die Eier mit der Milch schlagen und frisch gemahlenes Salz und Pfeffer zugeben. 6 Brotscheiben d\u00fcnn mit Senf bestreichen. Mit K\u00e4se und Schinken belegen. Darauf einige Basilikumbl\u00e4tter verteilen und nach Geschmack mit frisch gemahlenem Pfeffer bestreuen. Mit den restlichen Brotscheiben bedecken. Etwas Butter in einer Pfanne zergehen lassen. Die belegten Brote [&hellip;]<\/p>\n","protected":false},"author":1,"featured_media":1633,"parent":3115,"menu_order":0,"comment_status":"closed","ping_status":"open","template":"","meta":{"_acf_changed":false,"_uag_custom_page_level_css":"","footnotes":""},"class_list":["post-3271","page","type-page","status-publish","has-post-thumbnail","hentry"],"acf":[],"uagb_featured_image_src":{"full":["https:\/\/www.dekaaskoning.nl\/wp-content\/uploads\/2023\/10\/Kaas-koning-paasbrunch1.jpg",2000,680,false],"thumbnail":["https:\/\/www.dekaaskoning.nl\/wp-content\/uploads\/2023\/10\/Kaas-koning-paasbrunch1-150x150.jpg",150,150,true],"medium":["https:\/\/www.dekaaskoning.nl\/wp-content\/uploads\/2023\/10\/Kaas-koning-paasbrunch1-300x102.jpg",300,102,true],"medium_large":["https:\/\/www.dekaaskoning.nl\/wp-content\/uploads\/2023\/10\/Kaas-koning-paasbrunch1-768x261.jpg",768,261,true],"large":["https:\/\/www.dekaaskoning.nl\/wp-content\/uploads\/2023\/10\/Kaas-koning-paasbrunch1-1024x348.jpg",1024,348,true],"1536x1536":["https:\/\/www.dekaaskoning.nl\/wp-content\/uploads\/2023\/10\/Kaas-koning-paasbrunch1-1536x522.jpg",1536,522,true],"2048x2048":["https:\/\/www.dekaaskoning.nl\/wp-content\/uploads\/2023\/10\/Kaas-koning-paasbrunch1.jpg",2000,680,false],"smallvdsh":["https:\/\/www.dekaaskoning.nl\/wp-content\/uploads\/2023\/10\/Kaas-koning-paasbrunch1-500x400.jpg",500,400,true],"smallxvdsh":["https:\/\/www.dekaaskoning.nl\/wp-content\/uploads\/2023\/10\/Kaas-koning-paasbrunch1-250x85.jpg",250,85,true],"mediumvdsh":["https:\/\/www.dekaaskoning.nl\/wp-content\/uploads\/2023\/10\/Kaas-koning-paasbrunch1-1100x400.jpg",1100,400,true],"bigvdsh":["https:\/\/www.dekaaskoning.nl\/wp-content\/uploads\/2023\/10\/Kaas-koning-paasbrunch1-2000x400.jpg",2000,400,true],"contentlarge":["https:\/\/www.dekaaskoning.nl\/wp-content\/uploads\/2023\/10\/Kaas-koning-paasbrunch1-900x306.jpg",900,306,true]},"uagb_author_info":{"display_name":"admin","author_link":"https:\/\/www.dekaaskoning.nl\/de\/author\/admin\/"},"uagb_comment_info":0,"uagb_excerpt":"Arme Ritter \u201eKaasKoning\u201c Zubereitung Die Eier mit der Milch schlagen und frisch gemahlenes Salz und Pfeffer zugeben. 6 Brotscheiben d\u00fcnn mit Senf bestreichen. Mit K\u00e4se und Schinken belegen. Darauf einige Basilikumbl\u00e4tter verteilen und nach Geschmack mit frisch gemahlenem Pfeffer bestreuen. Mit den restlichen Brotscheiben bedecken. Etwas Butter in einer Pfanne zergehen lassen. Die belegten Brote&hellip;","_links":{"self":[{"href":"https:\/\/www.dekaaskoning.nl\/de\/wp-json\/wp\/v2\/pages\/3271","targetHints":{"allow":["GET"]}}],"collection":[{"href":"https:\/\/www.dekaaskoning.nl\/de\/wp-json\/wp\/v2\/pages"}],"about":[{"href":"https:\/\/www.dekaaskoning.nl\/de\/wp-json\/wp\/v2\/types\/page"}],"author":[{"embeddable":true,"href":"https:\/\/www.dekaaskoning.nl\/de\/wp-json\/wp\/v2\/users\/1"}],"replies":[{"embeddable":true,"href":"https:\/\/www.dekaaskoning.nl\/de\/wp-json\/wp\/v2\/comments?post=3271"}],"version-history":[{"count":1,"href":"https:\/\/www.dekaaskoning.nl\/de\/wp-json\/wp\/v2\/pages\/3271\/revisions"}],"predecessor-version":[{"id":3272,"href":"https:\/\/www.dekaaskoning.nl\/de\/wp-json\/wp\/v2\/pages\/3271\/revisions\/3272"}],"up":[{"embeddable":true,"href":"https:\/\/www.dekaaskoning.nl\/de\/wp-json\/wp\/v2\/pages\/3115"}],"wp:featuredmedia":[{"embeddable":true,"href":"https:\/\/www.dekaaskoning.nl\/de\/wp-json\/wp\/v2\/media\/1633"}],"wp:attachment":[{"href":"https:\/\/www.dekaaskoning.nl\/de\/wp-json\/wp\/v2\/media?parent=3271"}],"curies":[{"name":"wp","href":"https:\/\/api.w.org\/{rel}","templated":true}]}}