{"id":3267,"date":"2023-10-22T18:08:53","date_gmt":"2023-10-22T18:08:53","guid":{"rendered":"https:\/\/www.dekaaskoning.nl\/rezepte\/kaesequiche-mit-nuessen\/"},"modified":"2023-12-03T13:41:10","modified_gmt":"2023-12-03T13:41:10","slug":"kaesequiche-mit-nuessen","status":"publish","type":"page","link":"https:\/\/www.dekaaskoning.nl\/de\/rezepte\/kaesequiche-mit-nuessen\/","title":{"rendered":"K\u00e4sequiche mit N\u00fcssen"},"content":{"rendered":"<!-- locatie widget -->\n<!-- locatie widget -->\n\n<!-- deze is vervangen voor balk-->\n\n<div class=\"headerimgbalk\"> \n<img decoding=\"async\" class=\"imgheader\" src=\"https:\/\/www.dekaaskoning.nl\/wp-content\/themes\/KaasKoning\/template-parts\/00-header-block\/header-image-wave.svg\"> \n\n<\/div>\n\n\n<!-- recepten zoekveld widget -->\n<!-- recepten zoekveld widget -->\n<!-- recepten overview zoekveld-->\n<!-- recepten overview zoekveld -->\n\n<!-- faq zoekveld -->\n<!-- faq zoekveld -->\n\n<div class=\"filler-header\"> <\/div>\n\n<style>\n::placeholder {\n  color: red;\n  opacity: 1; \/* Firefox *\/\n}\n\n::-ms-input-placeholder { \/* Edge 12-18 *\/\n  color: red;\n}\n<\/style>\n<div style=\"height:40px\" aria-hidden=\"true\" class=\"wp-block-spacer\"><\/div>\n\n<div class=\"wp-block-uagb-container uagb-block-a3128225 alignfull uagb-is-root-container\"><div class=\"uagb-container-inner-blocks-wrap\">\n<div class=\"wp-block-uagb-buttons uagb-buttons__outer-wrap uagb-btn__default-btn uagb-btn-tablet__default-btn uagb-btn-mobile__default-btn uagb-block-da1b4c00\"><div class=\"uagb-buttons__wrap uagb-buttons-layout-wrap\">\n<div class=\"wp-block-uagb-buttons-child uagb-buttons__outer-wrap uagb-block-259cd6ca wp-block-button\"><div class=\"uagb-button__wrapper\"><a class=\"uagb-buttons-repeater wp-block-button__link\" href=\"https:\/\/www.dekaaskoning.nl\/de\/rezepte\/\" onclick=\"return true;\" rel=\"follow noopener\" target=\"_self\"><div class=\"uagb-button__link\">Zur\u00fcck zu allen Rezepten<\/div><\/a><\/div><\/div>\n<\/div><\/div>\n<\/div><\/div>\n\n<h1 class=\"wp-block-heading has-text-align-center has-text-color\" style=\"color:#bd2322;font-size:55px\">K\u00e4sequiche mit N\u00fcssen<\/h1>\n\n<div class=\"wp-block-uagb-container uagb-block-39c613f5 alignfull uagb-is-root-container\"><div class=\"uagb-container-inner-blocks-wrap\">\n<div class=\"wp-block-uagb-container uagb-block-6d9ca190\">\n<h2 class=\"wp-block-heading has-text-align-center\">Zubereitung<\/h2>\n\n\n\n<p>Backofen auf 175 \u00b0C (Hei\u00dfluft 155 \u00b0C) vorheizen. K\u00e4se reiben und N\u00fcsse fein hacken. Ungef\u00e4hr 3 Essl\u00f6ffel K\u00e4se beiseite stellen. Butter in einem kleinen Topf schmelzen. Eier mit Milch verquirlen. Geschmolzene Butter zugeben und mit einem Mixer zu einem glatten Teig verr\u00fchren. Mehl und Backpulver, geriebenen K\u00e4se und gehackte N\u00fcsse zugeben. Mit Salz, Pfeffer und Kr\u00e4utern der Provence abschmecken. Weitere 3 Minuten r\u00fchren, bis ein s\u00e4miger Teig entsteht. Teig in die Tortenform f\u00fcllen und glatt streichen. Den restlichen geriebenen K\u00e4se auf der Quiche verteilen. Quiche in ca. 30 Minuten goldbraun backen.<\/p>\n<\/div>\n\n\n\n<div class=\"wp-block-uagb-container uagb-block-93153664\">\n<div class=\"wp-block-uagb-container uagb-block-f7f734dd alignfull uagb-is-root-container\"><div class=\"uagb-container-inner-blocks-wrap\">\n<h2 class=\"wp-block-heading\">Zutaten f\u00fcr 4 Personen:<\/h2>\n\n\n\n<ul class=\"wp-block-list\">\n<li>150 Gramm Ein Jahr Alter Gouda<\/li>\n\n\n\n<li>150 Gramm Mehl mit 2 TL Backpulver und ein bisschen Salz<\/li>\n\n\n\n<li>75 Gramm gemischte N\u00fcsse, ungesalzen<\/li>\n\n\n\n<li>75 Gramm Butter<\/li>\n\n\n\n<li>100 ml Milch<\/li>\n\n\n\n<li>2 Eier<\/li>\n\n\n\n<li>1 TL Kr\u00e4uter der Provence<\/li>\n\n\n\n<li>Salz und Pfeffer<\/li>\n\n\n\n<li>flache Tortenform \u00f8 24 cm<\/li>\n<\/ul>\n<\/div><\/div>\n<\/div>\n<\/div><\/div>\n\n<div style=\"height:64px\" aria-hidden=\"true\" class=\"wp-block-spacer\"><\/div>\n\n<h2 class=\"wp-block-heading has-text-align-center has-text-color\" style=\"color:#bd2322;font-size:38px\">Wir haben diesen K\u00e4se verwendet:<\/h2>\n<div class=\"wp-block-image\">\n<figure class=\"aligncenter size-full\"><a href=\"https:\/\/www.dekaaskoning.nl\/de\/kaese\/ein-jahr-alter-gouda\/\"><img loading=\"lazy\" decoding=\"async\" width=\"504\" height=\"294\" src=\"https:\/\/www.dekaaskoning.nl\/wp-content\/uploads\/2023\/10\/KK-No.-6.webp\" alt=\"\" class=\"wp-image-1546\" srcset=\"https:\/\/www.dekaaskoning.nl\/wp-content\/uploads\/2023\/10\/KK-No.-6.webp 504w, https:\/\/www.dekaaskoning.nl\/wp-content\/uploads\/2023\/10\/KK-No.-6-300x175.webp 300w, https:\/\/www.dekaaskoning.nl\/wp-content\/uploads\/2023\/10\/KK-No.-6-250x146.webp 250w\" sizes=\"auto, (max-width: 504px) 100vw, 504px\" \/><\/a><\/figure>\n<\/div>\n<h3 class=\"wp-block-heading has-text-align-center has-text-color\" style=\"color:#bd2322;font-size:27px\"><em>Ein Jahr Alter Gouda<\/em><\/h3>\n","protected":false},"excerpt":{"rendered":"<p>K\u00e4sequiche mit N\u00fcssen Zubereitung Backofen auf 175 \u00b0C (Hei\u00dfluft 155 \u00b0C) vorheizen. K\u00e4se reiben und N\u00fcsse fein hacken. Ungef\u00e4hr 3 Essl\u00f6ffel K\u00e4se beiseite stellen. Butter in einem kleinen Topf schmelzen. Eier mit Milch verquirlen. Geschmolzene Butter zugeben und mit einem Mixer zu einem glatten Teig verr\u00fchren. Mehl und Backpulver, geriebenen K\u00e4se und gehackte N\u00fcsse zugeben. [&hellip;]<\/p>\n","protected":false},"author":1,"featured_media":2609,"parent":3115,"menu_order":0,"comment_status":"closed","ping_status":"open","template":"","meta":{"_acf_changed":false,"_uag_custom_page_level_css":"","footnotes":""},"class_list":["post-3267","page","type-page","status-publish","has-post-thumbnail","hentry"],"acf":[],"uagb_featured_image_src":{"full":["https:\/\/www.dekaaskoning.nl\/wp-content\/uploads\/2023\/11\/recepten-noten.jpg",2000,680,false],"thumbnail":["https:\/\/www.dekaaskoning.nl\/wp-content\/uploads\/2023\/11\/recepten-noten-150x150.jpg",150,150,true],"medium":["https:\/\/www.dekaaskoning.nl\/wp-content\/uploads\/2023\/11\/recepten-noten-300x102.jpg",300,102,true],"medium_large":["https:\/\/www.dekaaskoning.nl\/wp-content\/uploads\/2023\/11\/recepten-noten-768x261.jpg",768,261,true],"large":["https:\/\/www.dekaaskoning.nl\/wp-content\/uploads\/2023\/11\/recepten-noten-1024x348.jpg",1024,348,true],"1536x1536":["https:\/\/www.dekaaskoning.nl\/wp-content\/uploads\/2023\/11\/recepten-noten-1536x522.jpg",1536,522,true],"2048x2048":["https:\/\/www.dekaaskoning.nl\/wp-content\/uploads\/2023\/11\/recepten-noten.jpg",2000,680,false],"smallvdsh":["https:\/\/www.dekaaskoning.nl\/wp-content\/uploads\/2023\/11\/recepten-noten-500x400.jpg",500,400,true],"smallxvdsh":["https:\/\/www.dekaaskoning.nl\/wp-content\/uploads\/2023\/11\/recepten-noten-250x85.jpg",250,85,true],"mediumvdsh":["https:\/\/www.dekaaskoning.nl\/wp-content\/uploads\/2023\/11\/recepten-noten-1100x400.jpg",1100,400,true],"bigvdsh":["https:\/\/www.dekaaskoning.nl\/wp-content\/uploads\/2023\/11\/recepten-noten-2000x400.jpg",2000,400,true],"contentlarge":["https:\/\/www.dekaaskoning.nl\/wp-content\/uploads\/2023\/11\/recepten-noten-900x306.jpg",900,306,true]},"uagb_author_info":{"display_name":"admin","author_link":"https:\/\/www.dekaaskoning.nl\/de\/author\/admin\/"},"uagb_comment_info":0,"uagb_excerpt":"K\u00e4sequiche mit N\u00fcssen Zubereitung Backofen auf 175 \u00b0C (Hei\u00dfluft 155 \u00b0C) vorheizen. K\u00e4se reiben und N\u00fcsse fein hacken. Ungef\u00e4hr 3 Essl\u00f6ffel K\u00e4se beiseite stellen. Butter in einem kleinen Topf schmelzen. Eier mit Milch verquirlen. Geschmolzene Butter zugeben und mit einem Mixer zu einem glatten Teig verr\u00fchren. Mehl und Backpulver, geriebenen K\u00e4se und gehackte N\u00fcsse zugeben.&hellip;","_links":{"self":[{"href":"https:\/\/www.dekaaskoning.nl\/de\/wp-json\/wp\/v2\/pages\/3267","targetHints":{"allow":["GET"]}}],"collection":[{"href":"https:\/\/www.dekaaskoning.nl\/de\/wp-json\/wp\/v2\/pages"}],"about":[{"href":"https:\/\/www.dekaaskoning.nl\/de\/wp-json\/wp\/v2\/types\/page"}],"author":[{"embeddable":true,"href":"https:\/\/www.dekaaskoning.nl\/de\/wp-json\/wp\/v2\/users\/1"}],"replies":[{"embeddable":true,"href":"https:\/\/www.dekaaskoning.nl\/de\/wp-json\/wp\/v2\/comments?post=3267"}],"version-history":[{"count":1,"href":"https:\/\/www.dekaaskoning.nl\/de\/wp-json\/wp\/v2\/pages\/3267\/revisions"}],"predecessor-version":[{"id":3268,"href":"https:\/\/www.dekaaskoning.nl\/de\/wp-json\/wp\/v2\/pages\/3267\/revisions\/3268"}],"up":[{"embeddable":true,"href":"https:\/\/www.dekaaskoning.nl\/de\/wp-json\/wp\/v2\/pages\/3115"}],"wp:featuredmedia":[{"embeddable":true,"href":"https:\/\/www.dekaaskoning.nl\/de\/wp-json\/wp\/v2\/media\/2609"}],"wp:attachment":[{"href":"https:\/\/www.dekaaskoning.nl\/de\/wp-json\/wp\/v2\/media?parent=3267"}],"curies":[{"name":"wp","href":"https:\/\/api.w.org\/{rel}","templated":true}]}}