{"id":3264,"date":"2023-10-22T18:02:58","date_gmt":"2023-10-22T18:02:58","guid":{"rendered":"https:\/\/www.dekaaskoning.nl\/rezepte\/croute-au-fromage\/"},"modified":"2023-12-03T13:35:28","modified_gmt":"2023-12-03T13:35:28","slug":"croute-au-fromage","status":"publish","type":"page","link":"https:\/\/www.dekaaskoning.nl\/de\/rezepte\/croute-au-fromage\/","title":{"rendered":"Cro\u00fbte au Fromage"},"content":{"rendered":"<!-- locatie widget -->\n<!-- locatie widget -->\n\n<!-- deze is vervangen voor balk-->\n\n<div class=\"headerimgbalk\"> \n<img decoding=\"async\" class=\"imgheader\" src=\"https:\/\/www.dekaaskoning.nl\/wp-content\/themes\/KaasKoning\/template-parts\/00-header-block\/header-image-wave.svg\"> \n\n<\/div>\n\n\n<!-- recepten zoekveld widget -->\n<!-- recepten zoekveld widget -->\n<!-- recepten overview zoekveld-->\n<!-- recepten overview zoekveld -->\n\n<!-- faq zoekveld -->\n<!-- faq zoekveld -->\n\n<div class=\"filler-header\"> <\/div>\n\n<style>\n::placeholder {\n  color: red;\n  opacity: 1; \/* Firefox *\/\n}\n\n::-ms-input-placeholder { \/* Edge 12-18 *\/\n  color: red;\n}\n<\/style>\n\n\n<div style=\"height:40px\" aria-hidden=\"true\" class=\"wp-block-spacer\"><\/div>\n\n\n\n<div class=\"wp-block-uagb-container uagb-block-a3128225 alignfull uagb-is-root-container\"><div class=\"uagb-container-inner-blocks-wrap\">\n<div class=\"wp-block-uagb-buttons uagb-buttons__outer-wrap uagb-btn__default-btn uagb-btn-tablet__default-btn uagb-btn-mobile__default-btn uagb-block-da1b4c00\"><div class=\"uagb-buttons__wrap uagb-buttons-layout-wrap\">\n<div class=\"wp-block-uagb-buttons-child uagb-buttons__outer-wrap uagb-block-259cd6ca wp-block-button\"><div class=\"uagb-button__wrapper\"><a class=\"uagb-buttons-repeater wp-block-button__link\" href=\"https:\/\/www.dekaaskoning.nl\/de\/rezepte\/\" onclick=\"return true;\" rel=\"follow noopener\" target=\"_self\"><div class=\"uagb-button__link\">Zur\u00fcck zu allen Rezepten<\/div><\/a><\/div><\/div>\n<\/div><\/div>\n<\/div><\/div>\n\n\n\n<h1 class=\"wp-block-heading has-text-align-center has-text-color\" style=\"color:#bd2322;font-size:55px\">Cro\u00fbte au Fromage<\/h1>\n\n\n\n<div class=\"wp-block-uagb-container uagb-block-39c613f5 alignfull uagb-is-root-container\"><div class=\"uagb-container-inner-blocks-wrap\">\n<div class=\"wp-block-uagb-container uagb-block-6d9ca190\">\n<h2 class=\"wp-block-heading has-text-align-center\">Zubereitung<\/h2>\n\n\n\n<p>Backofen auf 180 \u00b0C vorheizen und ein St\u00fcck Butter in die Pfanne geben. Den K\u00e4se reiben. Das Brot in Scheiben schneiden und mit der Knoblauchzehe einreiben. Die Brotscheiben auf beiden Seiten braten und dann in eine eingefettete Auflaufform legen. Mit Wei\u00dfwein betr\u00e4ufeln und mit K\u00e4se, Schinken und danach wieder K\u00e4se belegen. Die Auflaufform rund 30 Minuten in den Backofen stellen, bis der K\u00e4se geschmolzen ist. Cro\u00fbte au Fromage garniert mit einem Spiegelei servieren.<\/p>\n<\/div>\n\n\n\n<div class=\"wp-block-uagb-container uagb-block-93153664\">\n<div class=\"wp-block-uagb-container uagb-block-f7f734dd alignfull uagb-is-root-container\"><div class=\"uagb-container-inner-blocks-wrap\">\n<h2 class=\"wp-block-heading\">Zutaten f\u00fcr 4 Personen:<\/h2>\n\n\n\n<ul class=\"wp-block-list\">\n<li>Gruy\u00e8re kaas<\/li>\n\n\n\n<li>1 dunkles Bauernbrot<\/li>\n\n\n\n<li>1 dl trockener Wei\u00dfwein<\/li>\n\n\n\n<li>150 g Rohschinken<\/li>\n\n\n\n<li>1 Knoblauchzehe<\/li>\n\n\n\n<li>4 Eier<\/li>\n\n\n\n<li>2 Zwiebeln<\/li>\n\n\n\n<li>Pfeffer und Salz<\/li>\n\n\n\n<li>Butter<\/li>\n\n\n\n<li>Ferner: gro\u00dfe Auflaufform, Pfanne<\/li>\n<\/ul>\n<\/div><\/div>\n<\/div>\n<\/div><\/div>\n\n\n\n<div style=\"height:64px\" aria-hidden=\"true\" class=\"wp-block-spacer\"><\/div>\n\n\n\n<h2 class=\"wp-block-heading has-text-align-center has-text-color\" style=\"color:#bd2322;font-size:38px\">Wir haben diesen K\u00e4se verwendet:<\/h2>\n\n\n<div class=\"wp-block-image is-style-rounded\">\n<figure class=\"aligncenter size-full\"><a href=\"https:\/\/www.dekaaskoning.nl\/de\/kaese\/kaese-aus-europa\/\"><img loading=\"lazy\" decoding=\"async\" width=\"503\" height=\"294\" src=\"https:\/\/www.dekaaskoning.nl\/wp-content\/uploads\/2023\/10\/Sterrekaas-201708020935.jpg\" alt=\"\" class=\"wp-image-1473\" srcset=\"https:\/\/www.dekaaskoning.nl\/wp-content\/uploads\/2023\/10\/Sterrekaas-201708020935.jpg 503w, https:\/\/www.dekaaskoning.nl\/wp-content\/uploads\/2023\/10\/Sterrekaas-201708020935-300x175.jpg 300w, https:\/\/www.dekaaskoning.nl\/wp-content\/uploads\/2023\/10\/Sterrekaas-201708020935-250x146.jpg 250w\" sizes=\"auto, (max-width: 503px) 100vw, 503px\" \/><\/a><\/figure>\n<\/div>\n\n\n<h3 class=\"wp-block-heading has-text-align-center has-text-color\" style=\"color:#bd2322;font-size:27px\"><em>K\u00e4se aus Europa<\/em><\/h3>\n","protected":false},"excerpt":{"rendered":"<p>Cro\u00fbte au Fromage Zubereitung Backofen auf 180 \u00b0C vorheizen und ein St\u00fcck Butter in die Pfanne geben. Den K\u00e4se reiben. Das Brot in Scheiben schneiden und mit der Knoblauchzehe einreiben. Die Brotscheiben auf beiden Seiten braten und dann in eine eingefettete Auflaufform legen. Mit Wei\u00dfwein betr\u00e4ufeln und mit K\u00e4se, Schinken und danach wieder K\u00e4se belegen. [&hellip;]<\/p>\n","protected":false},"author":1,"featured_media":1613,"parent":3115,"menu_order":0,"comment_status":"closed","ping_status":"closed","template":"","meta":{"_acf_changed":false,"_uag_custom_page_level_css":"","footnotes":""},"class_list":["post-3264","page","type-page","status-publish","has-post-thumbnail","hentry"],"acf":[],"uagb_featured_image_src":{"full":["https:\/\/www.dekaaskoning.nl\/wp-content\/uploads\/2023\/10\/61436.jpg",2000,680,false],"thumbnail":["https:\/\/www.dekaaskoning.nl\/wp-content\/uploads\/2023\/10\/61436-150x150.jpg",150,150,true],"medium":["https:\/\/www.dekaaskoning.nl\/wp-content\/uploads\/2023\/10\/61436-300x102.jpg",300,102,true],"medium_large":["https:\/\/www.dekaaskoning.nl\/wp-content\/uploads\/2023\/10\/61436-768x261.jpg",768,261,true],"large":["https:\/\/www.dekaaskoning.nl\/wp-content\/uploads\/2023\/10\/61436-1024x348.jpg",1024,348,true],"1536x1536":["https:\/\/www.dekaaskoning.nl\/wp-content\/uploads\/2023\/10\/61436-1536x522.jpg",1536,522,true],"2048x2048":["https:\/\/www.dekaaskoning.nl\/wp-content\/uploads\/2023\/10\/61436.jpg",2000,680,false],"smallvdsh":["https:\/\/www.dekaaskoning.nl\/wp-content\/uploads\/2023\/10\/61436-500x400.jpg",500,400,true],"smallxvdsh":["https:\/\/www.dekaaskoning.nl\/wp-content\/uploads\/2023\/10\/61436-250x85.jpg",250,85,true],"mediumvdsh":["https:\/\/www.dekaaskoning.nl\/wp-content\/uploads\/2023\/10\/61436-1100x400.jpg",1100,400,true],"bigvdsh":["https:\/\/www.dekaaskoning.nl\/wp-content\/uploads\/2023\/10\/61436-2000x400.jpg",2000,400,true],"contentlarge":["https:\/\/www.dekaaskoning.nl\/wp-content\/uploads\/2023\/10\/61436-900x306.jpg",900,306,true]},"uagb_author_info":{"display_name":"admin","author_link":"https:\/\/www.dekaaskoning.nl\/de\/author\/admin\/"},"uagb_comment_info":0,"uagb_excerpt":"Cro\u00fbte au Fromage Zubereitung Backofen auf 180 \u00b0C vorheizen und ein St\u00fcck Butter in die Pfanne geben. Den K\u00e4se reiben. Das Brot in Scheiben schneiden und mit der Knoblauchzehe einreiben. Die Brotscheiben auf beiden Seiten braten und dann in eine eingefettete Auflaufform legen. Mit Wei\u00dfwein betr\u00e4ufeln und mit K\u00e4se, Schinken und danach wieder K\u00e4se belegen.&hellip;","_links":{"self":[{"href":"https:\/\/www.dekaaskoning.nl\/de\/wp-json\/wp\/v2\/pages\/3264","targetHints":{"allow":["GET"]}}],"collection":[{"href":"https:\/\/www.dekaaskoning.nl\/de\/wp-json\/wp\/v2\/pages"}],"about":[{"href":"https:\/\/www.dekaaskoning.nl\/de\/wp-json\/wp\/v2\/types\/page"}],"author":[{"embeddable":true,"href":"https:\/\/www.dekaaskoning.nl\/de\/wp-json\/wp\/v2\/users\/1"}],"replies":[{"embeddable":true,"href":"https:\/\/www.dekaaskoning.nl\/de\/wp-json\/wp\/v2\/comments?post=3264"}],"version-history":[{"count":2,"href":"https:\/\/www.dekaaskoning.nl\/de\/wp-json\/wp\/v2\/pages\/3264\/revisions"}],"predecessor-version":[{"id":3266,"href":"https:\/\/www.dekaaskoning.nl\/de\/wp-json\/wp\/v2\/pages\/3264\/revisions\/3266"}],"up":[{"embeddable":true,"href":"https:\/\/www.dekaaskoning.nl\/de\/wp-json\/wp\/v2\/pages\/3115"}],"wp:featuredmedia":[{"embeddable":true,"href":"https:\/\/www.dekaaskoning.nl\/de\/wp-json\/wp\/v2\/media\/1613"}],"wp:attachment":[{"href":"https:\/\/www.dekaaskoning.nl\/de\/wp-json\/wp\/v2\/media?parent=3264"}],"curies":[{"name":"wp","href":"https:\/\/api.w.org\/{rel}","templated":true}]}}