{"id":3135,"date":"2023-08-25T03:29:42","date_gmt":"2023-08-25T03:29:42","guid":{"rendered":"https:\/\/www.dekaaskoning.nl\/ueber-uns\/"},"modified":"2024-08-25T21:35:46","modified_gmt":"2024-08-25T21:35:46","slug":"ueber-uns","status":"publish","type":"page","link":"https:\/\/www.dekaaskoning.nl\/de\/ueber-uns\/","title":{"rendered":"\u00dcber uns"},"content":{"rendered":"<!-- locatie widget -->\n<!-- locatie widget -->\n\n<!-- deze is vervangen voor balk-->\n\n<div class=\"headerimgbalk\"> \n<img decoding=\"async\" class=\"imgheader\" src=\"https:\/\/www.dekaaskoning.nl\/wp-content\/themes\/KaasKoning\/template-parts\/00-header-block\/header-image-wave.svg\"> \n\n<\/div>\n\n\n<!-- recepten zoekveld widget -->\n<!-- recepten zoekveld widget -->\n<!-- recepten overview zoekveld-->\n<!-- recepten overview zoekveld -->\n\n<!-- faq zoekveld -->\n<!-- faq zoekveld -->\n\n<div class=\"filler-header\"> <\/div>\n\n<style>\n::placeholder {\n  color: red;\n  opacity: 1; \/* Firefox *\/\n}\n\n::-ms-input-placeholder { \/* Edge 12-18 *\/\n  color: red;\n}\n<\/style>\n\n\n<h2 class=\"wp-block-heading has-text-align-center has-text-color\" style=\"color:#bd2322;font-size:55px\">\u00dcber uns<\/h2>\n\n\n\n<div class=\"wp-block-getwid-section alignfull alignfull getwid-section-content-custom-width\"><div class=\"wp-block-getwid-section__wrapper\"><div class=\"wp-block-getwid-section__inner-wrapper\" style=\"max-width:925px\"><div class=\"wp-block-getwid-section__background-holder\"><div class=\"wp-block-getwid-section__background\"><\/div><div class=\"wp-block-getwid-section__foreground\"><\/div><\/div><div class=\"wp-block-getwid-section__content\"><div class=\"wp-block-getwid-section__inner-content\">\n<div class=\"wp-block-getwid-content-timeline timelinekk is-animated\" data-animation=\"slideInSides\" data-filling=\"true\"><div class=\"wp-block-getwid-content-timeline__line\"><div class=\"wp-block-getwid-content-timeline__bar has-background has-vivid-red-background-color\"><\/div><\/div><div class=\"wp-block-getwid-content-timeline__wrapper\">\n<div class=\"wp-block-getwid-content-timeline-item blok1 has-card-left\"><div class=\"wp-block-getwid-content-timeline-item__wrapper\"><div class=\"wp-block-getwid-content-timeline-item__card has-background has-white-background-color\"><div class=\"wp-block-getwid-content-timeline-item__card-wrapper\"><div class=\"wp-block-getwid-content-timeline-item__content-wrapper\"><div class=\"wp-block-getwid-content-timeline-item__mobile-meta\"><p class=\"wp-block-getwid-content-timeline-item__meta-content\">De Kaaskoning wurde in den 1940er Jahren von Ur-Gro\u00dfvater Driek van Kaathoven gegr\u00fcndet. Das Familienunternehmen begann im Laden in Schijndel und auf mehreren M\u00e4rkten. De Kaaskoning gibt es mittlerweile seit mehr als 80 Jahren und wir haben uns zu einem gro\u00dfen K\u00e4seunternehmen mit einem umfangreichen K\u00e4sesortiment an verschiedenen Standorten in den Niederlanden und in Deutschland entwickelt.<\/p><\/div>\n<div class=\"wp-block-group hist blocktimegroep\"><div class=\"wp-block-group__inner-container is-layout-constrained wp-block-group-is-layout-constrained\">\n<h2 class=\"wp-block-heading has-text-color\" style=\"color:#bd2322;font-size:40px\"><strong>Historie<\/strong><\/h2>\n\n\n\n<figure class=\"wp-block-image size-full\"><img loading=\"lazy\" decoding=\"async\" width=\"1866\" height=\"1362\" src=\"https:\/\/www.dekaaskoning.nl\/wp-content\/uploads\/2024\/05\/Ad-en-opa.jpg\" alt=\"\" class=\"wp-image-3700\" srcset=\"https:\/\/www.dekaaskoning.nl\/wp-content\/uploads\/2024\/05\/Ad-en-opa.jpg 1866w, https:\/\/www.dekaaskoning.nl\/wp-content\/uploads\/2024\/05\/Ad-en-opa-300x219.jpg 300w, https:\/\/www.dekaaskoning.nl\/wp-content\/uploads\/2024\/05\/Ad-en-opa-1024x747.jpg 1024w, https:\/\/www.dekaaskoning.nl\/wp-content\/uploads\/2024\/05\/Ad-en-opa-768x561.jpg 768w, https:\/\/www.dekaaskoning.nl\/wp-content\/uploads\/2024\/05\/Ad-en-opa-50x36.jpg 50w, https:\/\/www.dekaaskoning.nl\/wp-content\/uploads\/2024\/05\/Ad-en-opa-1600x1168.jpg 1600w, https:\/\/www.dekaaskoning.nl\/wp-content\/uploads\/2024\/05\/Ad-en-opa-1536x1121.jpg 1536w, https:\/\/www.dekaaskoning.nl\/wp-content\/uploads\/2024\/05\/Ad-en-opa-250x182.jpg 250w, https:\/\/www.dekaaskoning.nl\/wp-content\/uploads\/2024\/05\/Ad-en-opa-900x657.jpg 900w\" sizes=\"auto, (max-width: 1866px) 100vw, 1866px\" \/><\/figure>\n<\/div><\/div>\n<\/div><\/div><\/div><div class=\"wp-block-getwid-content-timeline-item__point\" data-point-color=\"#cf2e2e\"><div class=\"wp-block-getwid-content-timeline-item__point-content\"><\/div><\/div><div class=\"wp-block-getwid-content-timeline-item__meta\"><p class=\"wp-block-getwid-content-timeline-item__meta-content\">De Kaaskoning wurde in den 1940er Jahren von Ur-Gro\u00dfvater Driek van Kaathoven gegr\u00fcndet. Das Familienunternehmen begann im Laden in Schijndel und auf mehreren M\u00e4rkten. De Kaaskoning gibt es mittlerweile seit mehr als 80 Jahren und wir haben uns zu einem gro\u00dfen K\u00e4seunternehmen mit einem umfangreichen K\u00e4sesortiment an verschiedenen Standorten in den Niederlanden und in Deutschland entwickelt.<\/p><\/div><\/div><\/div>\n\n\n\n<div class=\"wp-block-getwid-content-timeline-item\"><div class=\"wp-block-getwid-content-timeline-item__wrapper\"><div class=\"wp-block-getwid-content-timeline-item__card has-background has-white-background-color\"><div class=\"wp-block-getwid-content-timeline-item__card-wrapper\"><div class=\"wp-block-getwid-content-timeline-item__content-wrapper\"><div class=\"wp-block-getwid-content-timeline-item__mobile-meta\"><p class=\"wp-block-getwid-content-timeline-item__meta-content\">Im Laufe unserer Geschichte haben wir unser Sortiment kontinuierlich verbessert und aktualisiert. Ein Aspekt hat sich jedoch nie ge\u00e4ndert; unsere Liebe zum alten Handwerk. Unser K\u00e4se wird noch traditionell auf Holzbrettern gereift und von uns verkostet. Mit eigenen exklusiven Marken wie Kaaskoning Proosdijkaas, Kaaskoning Light, unserem eigenen Boerenkaas, ausl\u00e4ndischen Spezialit\u00e4ten und nat\u00fcrlich den Gouda-Sorten. Immer frisch vom St\u00fcck geschnitten.<\/p><\/div>\n<div class=\"wp-block-group vakman blocktimegroep\"><div class=\"wp-block-group__inner-container is-layout-constrained wp-block-group-is-layout-constrained\">\n<h2 class=\"wp-block-heading has-text-color\" style=\"color:#bd2322;font-size:40px\"><strong>Handwerkskunst&nbsp;<\/strong><\/h2>\n\n\n\n<figure class=\"wp-block-image size-full\"><img loading=\"lazy\" decoding=\"async\" width=\"1000\" height=\"1000\" src=\"https:\/\/www.dekaaskoning.nl\/wp-content\/uploads\/2024\/04\/vakmanschap.jpg\" alt=\"\" class=\"wp-image-3558\" srcset=\"https:\/\/www.dekaaskoning.nl\/wp-content\/uploads\/2024\/04\/vakmanschap.jpg 1000w, https:\/\/www.dekaaskoning.nl\/wp-content\/uploads\/2024\/04\/vakmanschap-300x300.jpg 300w, https:\/\/www.dekaaskoning.nl\/wp-content\/uploads\/2024\/04\/vakmanschap-150x150.jpg 150w, https:\/\/www.dekaaskoning.nl\/wp-content\/uploads\/2024\/04\/vakmanschap-768x768.jpg 768w, https:\/\/www.dekaaskoning.nl\/wp-content\/uploads\/2024\/04\/vakmanschap-50x50.jpg 50w, https:\/\/www.dekaaskoning.nl\/wp-content\/uploads\/2024\/04\/vakmanschap-250x250.jpg 250w, https:\/\/www.dekaaskoning.nl\/wp-content\/uploads\/2024\/04\/vakmanschap-900x900.jpg 900w\" sizes=\"auto, (max-width: 1000px) 100vw, 1000px\" \/><\/figure>\n<\/div><\/div>\n<\/div><\/div><\/div><div class=\"wp-block-getwid-content-timeline-item__point\" data-point-color=\"#cf2e2e\"><div class=\"wp-block-getwid-content-timeline-item__point-content\"><\/div><\/div><div class=\"wp-block-getwid-content-timeline-item__meta\"><p class=\"wp-block-getwid-content-timeline-item__meta-content\">Im Laufe unserer Geschichte haben wir unser Sortiment kontinuierlich verbessert und aktualisiert. Ein Aspekt hat sich jedoch nie ge\u00e4ndert; unsere Liebe zum alten Handwerk. Unser K\u00e4se wird noch traditionell auf Holzbrettern gereift und von uns verkostet. Mit eigenen exklusiven Marken wie Kaaskoning Proosdijkaas, Kaaskoning Light, unserem eigenen Boerenkaas, ausl\u00e4ndischen Spezialit\u00e4ten und nat\u00fcrlich den Gouda-Sorten. Immer frisch vom St\u00fcck geschnitten.<\/p><\/div><\/div><\/div>\n\n\n\n<div class=\"wp-block-getwid-content-timeline-item blocktime\"><div class=\"wp-block-getwid-content-timeline-item__wrapper\"><div class=\"wp-block-getwid-content-timeline-item__card has-background has-white-background-color\"><div class=\"wp-block-getwid-content-timeline-item__card-wrapper\"><div class=\"wp-block-getwid-content-timeline-item__content-wrapper\"><div class=\"wp-block-getwid-content-timeline-item__mobile-meta\"><p class=\"wp-block-getwid-content-timeline-item__meta-content\">Bei De Kaaskoning sind wir bestrebt, den schmackhaftesten und hochwertigsten K\u00e4se anzubieten. Unser Kaaskoning-Qualit\u00e4tsk\u00e4se ist ein besonderes Produkt, hergestellt von Cono-Kaasmakers aus West-Beemster. Das Besondere an unserem K\u00e4se ist, dass wir unser eigenes Rezept und Etikett verwenden. Dadurch wird sichergestellt, dass unser K\u00e4se nicht nur den reichhaltigen, cremigen Geschmack und die Textur hat, f\u00fcr die Cono-K\u00e4se bekannt ist, sondern auch seinen eigenen Charakter und seine eigene Identit\u00e4t.<\/p><\/div>\n<div class=\"wp-block-group kwali blocktimegroep\"><div class=\"wp-block-group__inner-container is-layout-constrained wp-block-group-is-layout-constrained\">\n<h2 class=\"wp-block-heading has-text-color\" style=\"color:#bd2322;font-size:40px\"><strong>Qualtit\u00e4tsk\u00e4se<\/strong><\/h2>\n\n\n\n<figure class=\"wp-block-image size-full\"><img loading=\"lazy\" decoding=\"async\" width=\"1000\" height=\"1000\" src=\"https:\/\/www.dekaaskoning.nl\/wp-content\/uploads\/2024\/04\/kwaliteitskaas.jpg\" alt=\"\" class=\"wp-image-3561\" srcset=\"https:\/\/www.dekaaskoning.nl\/wp-content\/uploads\/2024\/04\/kwaliteitskaas.jpg 1000w, https:\/\/www.dekaaskoning.nl\/wp-content\/uploads\/2024\/04\/kwaliteitskaas-300x300.jpg 300w, https:\/\/www.dekaaskoning.nl\/wp-content\/uploads\/2024\/04\/kwaliteitskaas-150x150.jpg 150w, https:\/\/www.dekaaskoning.nl\/wp-content\/uploads\/2024\/04\/kwaliteitskaas-768x768.jpg 768w, https:\/\/www.dekaaskoning.nl\/wp-content\/uploads\/2024\/04\/kwaliteitskaas-50x50.jpg 50w, https:\/\/www.dekaaskoning.nl\/wp-content\/uploads\/2024\/04\/kwaliteitskaas-250x250.jpg 250w, https:\/\/www.dekaaskoning.nl\/wp-content\/uploads\/2024\/04\/kwaliteitskaas-900x900.jpg 900w\" sizes=\"auto, (max-width: 1000px) 100vw, 1000px\" \/><\/figure>\n<\/div><\/div>\n<\/div><\/div><\/div><div class=\"wp-block-getwid-content-timeline-item__point\" data-point-color=\"#cf2e2e\"><div class=\"wp-block-getwid-content-timeline-item__point-content\"><\/div><\/div><div class=\"wp-block-getwid-content-timeline-item__meta\"><p class=\"wp-block-getwid-content-timeline-item__meta-content\">Bei De Kaaskoning sind wir bestrebt, den schmackhaftesten und hochwertigsten K\u00e4se anzubieten. Unser Kaaskoning-Qualit\u00e4tsk\u00e4se ist ein besonderes Produkt, hergestellt von Cono-Kaasmakers aus West-Beemster. Das Besondere an unserem K\u00e4se ist, dass wir unser eigenes Rezept und Etikett verwenden. Dadurch wird sichergestellt, dass unser K\u00e4se nicht nur den reichhaltigen, cremigen Geschmack und die Textur hat, f\u00fcr die Cono-K\u00e4se bekannt ist, sondern auch seinen eigenen Charakter und seine eigene Identit\u00e4t.<\/p><\/div><\/div><\/div>\n<\/div><\/div>\n<\/div><\/div><\/div><\/div><\/div>\n\n\n\n<div style=\"height:41px\" aria-hidden=\"true\" class=\"wp-block-spacer\"><\/div>\n","protected":false},"excerpt":{"rendered":"<p>\u00dcber uns<\/p>\n","protected":false},"author":1,"featured_media":576,"parent":0,"menu_order":0,"comment_status":"closed","ping_status":"closed","template":"","meta":{"_acf_changed":false,"_uag_custom_page_level_css":"","footnotes":""},"class_list":["post-3135","page","type-page","status-publish","has-post-thumbnail","hentry"],"acf":[],"uagb_featured_image_src":{"full":["https:\/\/www.dekaaskoning.nl\/wp-content\/uploads\/2023\/07\/background-header.jpg",2000,1125,false],"thumbnail":["https:\/\/www.dekaaskoning.nl\/wp-content\/uploads\/2023\/07\/background-header-150x150.jpg",150,150,true],"medium":["https:\/\/www.dekaaskoning.nl\/wp-content\/uploads\/2023\/07\/background-header-300x169.jpg",300,169,true],"medium_large":["https:\/\/www.dekaaskoning.nl\/wp-content\/uploads\/2023\/07\/background-header-768x432.jpg",768,432,true],"large":["https:\/\/www.dekaaskoning.nl\/wp-content\/uploads\/2023\/07\/background-header-1024x576.jpg",1024,576,true],"1536x1536":["https:\/\/www.dekaaskoning.nl\/wp-content\/uploads\/2023\/07\/background-header-1536x864.jpg",1536,864,true],"2048x2048":["https:\/\/www.dekaaskoning.nl\/wp-content\/uploads\/2023\/07\/background-header.jpg",2000,1125,false],"smallvdsh":["https:\/\/www.dekaaskoning.nl\/wp-content\/uploads\/2023\/07\/background-header-500x400.jpg",500,400,true],"smallxvdsh":["https:\/\/www.dekaaskoning.nl\/wp-content\/uploads\/2023\/07\/background-header-250x141.jpg",250,141,true],"mediumvdsh":["https:\/\/www.dekaaskoning.nl\/wp-content\/uploads\/2023\/07\/background-header-1100x400.jpg",1100,400,true],"bigvdsh":["https:\/\/www.dekaaskoning.nl\/wp-content\/uploads\/2023\/07\/background-header-2000x400.jpg",2000,400,true],"contentlarge":["https:\/\/www.dekaaskoning.nl\/wp-content\/uploads\/2023\/07\/background-header-900x506.jpg",900,506,true]},"uagb_author_info":{"display_name":"admin","author_link":"https:\/\/www.dekaaskoning.nl\/de\/author\/admin\/"},"uagb_comment_info":0,"uagb_excerpt":"\u00dcber uns","_links":{"self":[{"href":"https:\/\/www.dekaaskoning.nl\/de\/wp-json\/wp\/v2\/pages\/3135","targetHints":{"allow":["GET"]}}],"collection":[{"href":"https:\/\/www.dekaaskoning.nl\/de\/wp-json\/wp\/v2\/pages"}],"about":[{"href":"https:\/\/www.dekaaskoning.nl\/de\/wp-json\/wp\/v2\/types\/page"}],"author":[{"embeddable":true,"href":"https:\/\/www.dekaaskoning.nl\/de\/wp-json\/wp\/v2\/users\/1"}],"replies":[{"embeddable":true,"href":"https:\/\/www.dekaaskoning.nl\/de\/wp-json\/wp\/v2\/comments?post=3135"}],"version-history":[{"count":11,"href":"https:\/\/www.dekaaskoning.nl\/de\/wp-json\/wp\/v2\/pages\/3135\/revisions"}],"predecessor-version":[{"id":4722,"href":"https:\/\/www.dekaaskoning.nl\/de\/wp-json\/wp\/v2\/pages\/3135\/revisions\/4722"}],"wp:featuredmedia":[{"embeddable":true,"href":"https:\/\/www.dekaaskoning.nl\/de\/wp-json\/wp\/v2\/media\/576"}],"wp:attachment":[{"href":"https:\/\/www.dekaaskoning.nl\/de\/wp-json\/wp\/v2\/media?parent=3135"}],"curies":[{"name":"wp","href":"https:\/\/api.w.org\/{rel}","templated":true}]}}