{"id":2994,"date":"2023-11-19T19:51:11","date_gmt":"2023-11-19T19:51:11","guid":{"rendered":"https:\/\/www.dekaaskoning.nl\/markte\/abwesenheit\/"},"modified":"2024-08-25T19:55:43","modified_gmt":"2024-08-25T19:55:43","slug":"abwesenheit","status":"publish","type":"page","link":"https:\/\/www.dekaaskoning.nl\/de\/verkaufsstellen\/abwesenheit\/","title":{"rendered":"Abwesenheit"},"content":{"rendered":"<!-- locatie widget -->\n<!-- locatie widget -->\n\n<!-- deze is vervangen voor balk-->\n\n<div class=\"headerimgbalk\"> \n<img decoding=\"async\" class=\"imgheader\" src=\"https:\/\/www.dekaaskoning.nl\/wp-content\/themes\/KaasKoning\/template-parts\/00-header-block\/header-image-wave.svg\"> \n\n<\/div>\n\n\n<!-- recepten zoekveld widget -->\n<!-- recepten zoekveld widget -->\n<!-- recepten overview zoekveld-->\n<!-- recepten overview zoekveld -->\n\n<!-- faq zoekveld -->\n<!-- faq zoekveld -->\n\n<div class=\"filler-header\"> <\/div>\n\n<style>\n::placeholder {\n  color: red;\n  opacity: 1; \/* Firefox *\/\n}\n\n::-ms-input-placeholder { \/* Edge 12-18 *\/\n  color: red;\n}\n<\/style>\n<div style=\"height:25px\" aria-hidden=\"true\" class=\"wp-block-spacer\"><\/div>\n\n<div style=\"height:35px\" aria-hidden=\"true\" class=\"wp-block-spacer\"><\/div>\n\n<div class=\"wp-block-uagb-container uagb-block-a3128225 alignfull uagb-is-root-container\"><div class=\"uagb-container-inner-blocks-wrap\">\n<div class=\"wp-block-uagb-buttons uagb-buttons__outer-wrap uagb-btn__default-btn uagb-btn-tablet__default-btn uagb-btn-mobile__default-btn uagb-block-da1b4c00\"><div class=\"uagb-buttons__wrap uagb-buttons-layout-wrap \">\n<div class=\"wp-block-uagb-buttons-child uagb-buttons__outer-wrap uagb-block-259cd6ca wp-block-button font-style\"><div class=\"uagb-button__wrapper\"><a class=\"uagb-buttons-repeater wp-block-button__link\" aria-label=\"\" href=\"https:\/\/www.dekaaskoning.nl\/de\/verkaufsstellen\/\" rel=\"follow noopener\" target=\"_self\" role=\"button\"><div class=\"uagb-button__link\">Zur\u00fcck zu allen Marktstandorten<\/div><\/a><\/div><\/div>\n<\/div><\/div>\n<\/div><\/div>\n\n<div style=\"height:35px\" aria-hidden=\"true\" class=\"wp-block-spacer\"><\/div>\n\n<div class=\"wp-block-uagb-container uagb-block-26a7d50a alignfull uagb-is-root-container\"><div class=\"uagb-container-inner-blocks-wrap\">\n<h2 class=\"wp-block-heading\">Auf folgenden M\u00e4rkten sind wir nicht vertreten:<\/h2>\n\n\n\n<p>(M\u00e4rkte sind alphabetisch aufgelistet. Nicht nach Datum)<\/p>\n\n\n\n<div style=\"height:17px\" aria-hidden=\"true\" class=\"wp-block-spacer\"><\/div>\n\n\n\n<figure class=\"wp-block-table\"><table class=\"has-fixed-layout\"><tbody><tr><td>Ort<\/td><td>Tag<\/td><td>Grund<\/td><td>Datum<\/td><\/tr><tr><td>Budel<\/td><td>Montag<\/td><td>Kermis<\/td><td>26-08-2024<\/td><\/tr><tr><td>Uden<\/td><td>Montag<\/td><td>Urlaub<\/td><td>26-08-2024<\/td><\/tr><tr><td>Volkel<\/td><td>Dienstag<\/td><td>Urlaub<\/td><td>20-08-2024<\/td><\/tr><\/tbody><\/table><\/figure>\n\n\n\n<p><a href=\"https:\/\/www.dekaaskoning.nl\/de\/verkaufsstellen\/\">Wir hoffen auf Ihr Verst\u00e4ndnis und helfen Ihnen gerne, auch an den anderen Standorten Ihr vertrautes St\u00fcck K\u00e4se zu bekommen.<\/a><\/p>\n\n\n\n<div style=\"height:20px\" aria-hidden=\"true\" class=\"wp-block-spacer\"><\/div>\n<\/div><\/div>\n\n<div class=\"wp-block-uagb-container uagb-block-9502fdfa alignfull uagb-is-root-container\"><div class=\"uagb-container-inner-blocks-wrap\">\n<div class=\"wp-block-uagb-buttons uagb-buttons__outer-wrap uagb-btn__default-btn uagb-btn-tablet__default-btn uagb-btn-mobile__default-btn uagb-block-945d3dbf\"><div class=\"uagb-buttons__wrap uagb-buttons-layout-wrap \">\n<div class=\"wp-block-uagb-buttons-child uagb-buttons__outer-wrap uagb-block-4dfa1af2 wp-block-button font-style\"><div class=\"uagb-button__wrapper\"><a class=\"uagb-buttons-repeater wp-block-button__link\" aria-label=\"\" href=\"https:\/\/www.dekaaskoning.nl\/de\/verkaufsstellen\/\" rel=\"follow noopener\" target=\"_self\" role=\"button\"><div class=\"uagb-button__link\">Alle Marktstandorte<\/div><\/a><\/div><\/div>\n<\/div><\/div>\n<\/div><\/div>\n\n<div style=\"height:64px\" aria-hidden=\"true\" class=\"wp-block-spacer\"><\/div>\n\n<div style=\"height:43px\" aria-hidden=\"true\" class=\"wp-block-spacer\"><\/div>\n","protected":false},"excerpt":{"rendered":"<p>Auf folgenden M\u00e4rkten sind wir nicht vertreten: (M\u00e4rkte sind alphabetisch aufgelistet. Nicht nach Datum) Ort Tag Grund Datum Budel Montag Kermis 26-08-2024 Uden Montag Urlaub 26-08-2024 Volkel Dienstag Urlaub 20-08-2024 Wir hoffen auf Ihr Verst\u00e4ndnis und helfen Ihnen gerne, auch an den anderen Standorten Ihr vertrautes St\u00fcck K\u00e4se zu bekommen.<\/p>\n","protected":false},"author":1,"featured_media":2495,"parent":2837,"menu_order":0,"comment_status":"closed","ping_status":"closed","template":"","meta":{"_acf_changed":false,"_uag_custom_page_level_css":"","footnotes":""},"class_list":["post-2994","page","type-page","status-publish","has-post-thumbnail","hentry"],"acf":[],"uagb_featured_image_src":{"full":["https:\/\/www.dekaaskoning.nl\/wp-content\/uploads\/2023\/11\/rechts-vacature.webp",1074,610,false],"thumbnail":["https:\/\/www.dekaaskoning.nl\/wp-content\/uploads\/2023\/11\/rechts-vacature-150x150.webp",150,150,true],"medium":["https:\/\/www.dekaaskoning.nl\/wp-content\/uploads\/2023\/11\/rechts-vacature-300x170.webp",300,170,true],"medium_large":["https:\/\/www.dekaaskoning.nl\/wp-content\/uploads\/2023\/11\/rechts-vacature-768x436.webp",768,436,true],"large":["https:\/\/www.dekaaskoning.nl\/wp-content\/uploads\/2023\/11\/rechts-vacature-1024x582.webp",1024,582,true],"1536x1536":["https:\/\/www.dekaaskoning.nl\/wp-content\/uploads\/2023\/11\/rechts-vacature.webp",1074,610,false],"2048x2048":["https:\/\/www.dekaaskoning.nl\/wp-content\/uploads\/2023\/11\/rechts-vacature.webp",1074,610,false],"smallvdsh":["https:\/\/www.dekaaskoning.nl\/wp-content\/uploads\/2023\/11\/rechts-vacature-500x400.webp",500,400,true],"smallxvdsh":["https:\/\/www.dekaaskoning.nl\/wp-content\/uploads\/2023\/11\/rechts-vacature-250x142.webp",250,142,true],"mediumvdsh":["https:\/\/www.dekaaskoning.nl\/wp-content\/uploads\/2023\/11\/rechts-vacature-1074x400.webp",1074,400,true],"bigvdsh":["https:\/\/www.dekaaskoning.nl\/wp-content\/uploads\/2023\/11\/rechts-vacature-1074x400.webp",1074,400,true],"contentlarge":["https:\/\/www.dekaaskoning.nl\/wp-content\/uploads\/2023\/11\/rechts-vacature-900x511.webp",900,511,true]},"uagb_author_info":{"display_name":"admin","author_link":"https:\/\/www.dekaaskoning.nl\/de\/author\/admin\/"},"uagb_comment_info":0,"uagb_excerpt":"Auf folgenden M\u00e4rkten sind wir nicht vertreten: (M\u00e4rkte sind alphabetisch aufgelistet. Nicht nach Datum) Ort Tag Grund Datum Budel Montag Kermis 26-08-2024 Uden Montag Urlaub 26-08-2024 Volkel Dienstag Urlaub 20-08-2024 Wir hoffen auf Ihr Verst\u00e4ndnis und helfen Ihnen gerne, auch an den anderen Standorten Ihr vertrautes St\u00fcck K\u00e4se zu bekommen.","_links":{"self":[{"href":"https:\/\/www.dekaaskoning.nl\/de\/wp-json\/wp\/v2\/pages\/2994","targetHints":{"allow":["GET"]}}],"collection":[{"href":"https:\/\/www.dekaaskoning.nl\/de\/wp-json\/wp\/v2\/pages"}],"about":[{"href":"https:\/\/www.dekaaskoning.nl\/de\/wp-json\/wp\/v2\/types\/page"}],"author":[{"embeddable":true,"href":"https:\/\/www.dekaaskoning.nl\/de\/wp-json\/wp\/v2\/users\/1"}],"replies":[{"embeddable":true,"href":"https:\/\/www.dekaaskoning.nl\/de\/wp-json\/wp\/v2\/comments?post=2994"}],"version-history":[{"count":8,"href":"https:\/\/www.dekaaskoning.nl\/de\/wp-json\/wp\/v2\/pages\/2994\/revisions"}],"predecessor-version":[{"id":4640,"href":"https:\/\/www.dekaaskoning.nl\/de\/wp-json\/wp\/v2\/pages\/2994\/revisions\/4640"}],"up":[{"embeddable":true,"href":"https:\/\/www.dekaaskoning.nl\/de\/wp-json\/wp\/v2\/pages\/2837"}],"wp:featuredmedia":[{"embeddable":true,"href":"https:\/\/www.dekaaskoning.nl\/de\/wp-json\/wp\/v2\/media\/2495"}],"wp:attachment":[{"href":"https:\/\/www.dekaaskoning.nl\/de\/wp-json\/wp\/v2\/media?parent=2994"}],"curies":[{"name":"wp","href":"https:\/\/api.w.org\/{rel}","templated":true}]}}